{"id":4137,"date":"2013-11-19T12:20:28","date_gmt":"2013-11-19T20:20:28","guid":{"rendered":"http:\/\/toolkit.capta.org\/programs\/scholarships-and-grants\/scholarships\/continuing-education-scholarship-for-school-nurses\/"},"modified":"2015-07-07T15:38:27","modified_gmt":"2015-07-07T22:38:27","slug":"continuing-education-scholarship-for-school-nurses","status":"publish","type":"page","link":"https:\/\/toolkit.capta.org\/es\/programs\/scholarships-and-grants\/scholarships\/continuing-education-scholarship-for-school-nurses\/","title":{"rendered":"Becas de educaci\u00f3n continuada para enfermeras escolares"},"content":{"rendered":"<p><em>(Establecida en 1985 \u2013 Revisada en agosto 2014)<\/em><\/p>\n<p>La PTA de California ofrece becas para educaci\u00f3n continua en las instituciones o proveedores aprobados por la Junta de Enfermeras Registradas (BRN por sus siglas en ingl\u00e9s), y est\u00e1n disponibles entre el 1 de enero y el 31 de diciembre.<\/p>\n<p><strong>Solicitud:<\/strong> el <a href=\"http:\/\/downloads.capta.org\/toolkit\/formularios\/BecasDeEducacionContinuada-EnfermerasEscolares.pdf\" target=\"_blank\">formulario de solicitud y referencia<\/a> se encuentra en la secci\u00f3n de Formularios de la <em>Carpeta de recursos<\/em>. Las solicitudes, los formularios de referencia y sus cartas deben entregarse en la oficina de la PTA de California a m\u00e1s tardar al final del d\u00eda laboral, el <strong>15 de octubre<\/strong>. Cuando el 15 de octubre sea un d\u00eda del fin de semana, las solicitudes deber\u00e1n entregarse antes del horario de cierre de la oficina de la PTA de California el lunes siguiente. No se aceptar\u00e1n matasellos.<\/p>\n<p><strong>Calificaciones:<\/strong> las becas se otorgan a enfermeras registradas y licenciadas que hayan trabajado como enfermeras escolares en las escuelas p\u00fablicas de California durante el a\u00f1o lectivo anterior, que tengan un m\u00ednimo de tres (3) a\u00f1os de experiencia profesional en escuelas p\u00fablicas, que tengan un contrato de trabajo para el a\u00f1o en curso y que planeen seguir trabajando como enfermeras en escuelas p\u00fablicas. La persona solicitante debe ser miembro de una unidad de la PTA\/PTSA y estar asignada al menos a una escuela de la PTA\/PTSA.<\/p>\n<p><strong>Selecci\u00f3n:<\/strong> los beneficiarios son seleccionados por el Comit\u00e9 de Becas y Subsidios de la PTA de California. Un cheque para el subsidio se enviar\u00e1 al presidente del distrito de PTA del recipiente para ser presentado al recipiente.<\/p>\n","protected":false},"excerpt":{"rendered":"<p>(Establecida en 1985 \u2013 Revisada en agosto 2014) La PTA de California ofrece becas para educaci\u00f3n continua en las instituciones o proveedores aprobados por la Junta de Enfermeras Registradas (BRN por sus siglas en ingl\u00e9s), y est\u00e1n disponibles entre el 1 de enero y el 31 de diciembre. Solicitud: el formulario de solicitud y referencia [&hellip;]<\/p>\n","protected":false},"author":8,"featured_media":0,"parent":4126,"menu_order":0,"comment_status":"closed","ping_status":"closed","template":"","meta":{"footnotes":""},"class_list":["post-4137","page","type-page","status-publish","hentry","entry"],"_links":{"self":[{"href":"https:\/\/toolkit.capta.org\/es\/wp-json\/wp\/v2\/pages\/4137","targetHints":{"allow":["GET"]}}],"collection":[{"href":"https:\/\/toolkit.capta.org\/es\/wp-json\/wp\/v2\/pages"}],"about":[{"href":"https:\/\/toolkit.capta.org\/es\/wp-json\/wp\/v2\/types\/page"}],"author":[{"embeddable":true,"href":"https:\/\/toolkit.capta.org\/es\/wp-json\/wp\/v2\/users\/8"}],"replies":[{"embeddable":true,"href":"https:\/\/toolkit.capta.org\/es\/wp-json\/wp\/v2\/comments?post=4137"}],"version-history":[{"count":0,"href":"https:\/\/toolkit.capta.org\/es\/wp-json\/wp\/v2\/pages\/4137\/revisions"}],"up":[{"embeddable":true,"href":"https:\/\/toolkit.capta.org\/es\/wp-json\/wp\/v2\/pages\/4126"}],"wp:attachment":[{"href":"https:\/\/toolkit.capta.org\/es\/wp-json\/wp\/v2\/media?parent=4137"}],"curies":[{"name":"wp","href":"https:\/\/api.w.org\/{rel}","templated":true}]}}