{"id":4141,"date":"2013-11-19T12:21:25","date_gmt":"2013-11-19T20:21:25","guid":{"rendered":"http:\/\/toolkit.capta.org\/programs\/scholarships-and-grants\/scholarships\/continuing-education-scholarships-for-pta-volunteers\/"},"modified":"2020-10-14T12:19:41","modified_gmt":"2020-10-14T19:19:41","slug":"continuing-education-scholarships-for-pta-volunteers","status":"publish","type":"page","link":"https:\/\/toolkit.capta.org\/es\/programs\/scholarships-and-grants\/scholarships\/continuing-education-scholarships-for-pta-volunteers\/","title":{"rendered":"Becas de educaci\u00f3n continuada para voluntarios de la PTA"},"content":{"rendered":"<p><em>(Establecida en 1993 \u2013 Revisada en agosto 2014)<\/em><\/p>\n<p>Todos los a\u00f1os, la PTA de California ofrece becas para permitirles a sus voluntarios continuar su educaci\u00f3n en colegios acreditados, universidades o escuelas t\u00e9cnicas. Estas becas reconocen el trabajo voluntario en la PTA y permite a los voluntarios de la PTA continuar con su educaci\u00f3n. Las becas pueden ser utilizadas entre el 1 de enero y el 31 de diciembre.<\/p>\n<p><strong>Solicitud:<\/strong> <a href=\"http:\/\/downloads.capta.org\/toolkit\/formularios\/BecasDeEducacionContinuada-VoluntariosDeLaPTA.pdf\" target=\"_blank\" rel=\"noopener noreferrer\">el formulario de solicitud y referencia<\/a> se encuentra en la secci\u00f3n de Formularios de la <em>Carpeta de recursos<\/em>. Las solicitudes, los formularios de referencia y sus cartas deben entregarse en la oficina de la PTA de California a m\u00e1s tardar al final del d\u00eda laboral, el <strong>1 de octubre<\/strong>. Cuando el 1 de octubre sea un d\u00eda del fin de semana, las solicitudes deber\u00e1n entregarse antes del horario de cierre de la oficina de la PTA de California el lunes siguiente. No se aceptar\u00e1n matasellos.<\/p>\n<p><strong>Calificaci\u00f3n:<\/strong> el solicitante debe haber trabajado tres (3) a\u00f1os como voluntario en la PTA\/PTSA y debe ser miembro de una unidad de PTA\/PTSA acreditada.<\/p>\n<p><strong>Selecci\u00f3n:<\/strong> los beneficiarios son seleccionados por el Comit\u00e9 de Becas y Subsidios de la PTA de California. El servicio voluntario continuo en la PTA\/PTSA es un criterio prioritario en la selecci\u00f3n de beneficiarios del subsidio. Luego de mostrar una prueba del ingreso e inscripci\u00f3n un cheque para el subsidio se enviar\u00e1 al presidente del distrito de PTA del recipiente para ser presentado al recipiente.<\/p>\n","protected":false},"excerpt":{"rendered":"<p>(Establecida en 1993 \u2013 Revisada en agosto 2014) Todos los a\u00f1os, la PTA de California ofrece becas para permitirles a sus voluntarios continuar su educaci\u00f3n en colegios acreditados, universidades o escuelas t\u00e9cnicas. Estas becas reconocen el trabajo voluntario en la PTA y permite a los voluntarios de la PTA continuar con su educaci\u00f3n. Las becas [&hellip;]<\/p>\n","protected":false},"author":8,"featured_media":0,"parent":4126,"menu_order":0,"comment_status":"closed","ping_status":"closed","template":"","meta":{"footnotes":""},"class_list":["post-4141","page","type-page","status-publish","hentry","entry"],"_links":{"self":[{"href":"https:\/\/toolkit.capta.org\/es\/wp-json\/wp\/v2\/pages\/4141","targetHints":{"allow":["GET"]}}],"collection":[{"href":"https:\/\/toolkit.capta.org\/es\/wp-json\/wp\/v2\/pages"}],"about":[{"href":"https:\/\/toolkit.capta.org\/es\/wp-json\/wp\/v2\/types\/page"}],"author":[{"embeddable":true,"href":"https:\/\/toolkit.capta.org\/es\/wp-json\/wp\/v2\/users\/8"}],"replies":[{"embeddable":true,"href":"https:\/\/toolkit.capta.org\/es\/wp-json\/wp\/v2\/comments?post=4141"}],"version-history":[{"count":1,"href":"https:\/\/toolkit.capta.org\/es\/wp-json\/wp\/v2\/pages\/4141\/revisions"}],"predecessor-version":[{"id":10425,"href":"https:\/\/toolkit.capta.org\/es\/wp-json\/wp\/v2\/pages\/4141\/revisions\/10425"}],"up":[{"embeddable":true,"href":"https:\/\/toolkit.capta.org\/es\/wp-json\/wp\/v2\/pages\/4126"}],"wp:attachment":[{"href":"https:\/\/toolkit.capta.org\/es\/wp-json\/wp\/v2\/media?parent=4141"}],"curies":[{"name":"wp","href":"https:\/\/api.w.org\/{rel}","templated":true}]}}