{"id":4145,"date":"2013-11-19T12:17:04","date_gmt":"2013-11-19T20:17:04","guid":{"rendered":"http:\/\/toolkit.capta.org\/programs\/scholarships-and-grants\/grants\/"},"modified":"2024-07-03T16:24:03","modified_gmt":"2024-07-03T23:24:03","slug":"grants","status":"publish","type":"page","link":"https:\/\/toolkit.capta.org\/es\/programs\/scholarships-and-grants\/grants\/","title":{"rendered":"Subsidios"},"content":{"rendered":"<p>La PTA ofrece subsidios para ayudar a las unidades, los consejos y los distritos de la PTA para desarrollar e implementar programas en educaci\u00f3n para padres de familia, artes culturales y desarrollo del liderazgo. Los subsidios tambi\u00e9n est\u00e1n disponibles para ayudar a las unidades, los consejos y los distritos de la PTA a traducir materiales de la PTA a idiomas diferentes del ingl\u00e9s.<\/p>\n<p>Las solicitudes pueden obtenerse en la <em>Carpeta de recursos<\/em>, la oficina de la PTA de California o en la p\u00e1gina Web <a href=\"http:\/\/capta.org\/\" target=\"_blank\" rel=\"noopener\">capta.org<\/a>.<\/p>\n<p>Los fondos para los subsidios deben asignarse a m\u00e1s tardar el 1 de junio. Antes del 1 de junio debe presentarse a la oficina de la PTA de California un informe detallando las metas y objetivos del proyecto, una evaluaci\u00f3n de resultados y un presupuesto de gastos. Los fondos que no se utilicen para el prop\u00f3sito detallado en la solicitud original del subsidio deben adjuntarse al Informe de subsidios presentado. Refi\u00e9rase al cap\u00edtulo de Formularios, <a href=\"https:\/\/s3.amazonaws.com\/downloads.capta.org\/toolkit\/formularios\/SubsidiosParaUnidadesConsejosDistrictosDeLaPTAYReporteDeSubsidios.pdf\" target=\"_blank\" rel=\"noopener\">Reporte de subsidios<\/a>.<\/p>\n","protected":false},"excerpt":{"rendered":"<p>La PTA ofrece subsidios para ayudar a las unidades, los consejos y los distritos de la PTA para desarrollar e implementar programas en educaci\u00f3n para padres de familia, artes culturales y desarrollo del liderazgo. Los subsidios tambi\u00e9n est\u00e1n disponibles para ayudar a las unidades, los consejos y los distritos de la PTA a traducir materiales [&hellip;]<\/p>\n","protected":false},"author":8,"featured_media":0,"parent":3990,"menu_order":0,"comment_status":"closed","ping_status":"closed","template":"","meta":{"footnotes":""},"class_list":["post-4145","page","type-page","status-publish","hentry","entry"],"_links":{"self":[{"href":"https:\/\/toolkit.capta.org\/es\/wp-json\/wp\/v2\/pages\/4145","targetHints":{"allow":["GET"]}}],"collection":[{"href":"https:\/\/toolkit.capta.org\/es\/wp-json\/wp\/v2\/pages"}],"about":[{"href":"https:\/\/toolkit.capta.org\/es\/wp-json\/wp\/v2\/types\/page"}],"author":[{"embeddable":true,"href":"https:\/\/toolkit.capta.org\/es\/wp-json\/wp\/v2\/users\/8"}],"replies":[{"embeddable":true,"href":"https:\/\/toolkit.capta.org\/es\/wp-json\/wp\/v2\/comments?post=4145"}],"version-history":[{"count":1,"href":"https:\/\/toolkit.capta.org\/es\/wp-json\/wp\/v2\/pages\/4145\/revisions"}],"predecessor-version":[{"id":11315,"href":"https:\/\/toolkit.capta.org\/es\/wp-json\/wp\/v2\/pages\/4145\/revisions\/11315"}],"up":[{"embeddable":true,"href":"https:\/\/toolkit.capta.org\/es\/wp-json\/wp\/v2\/pages\/3990"}],"wp:attachment":[{"href":"https:\/\/toolkit.capta.org\/es\/wp-json\/wp\/v2\/media?parent=4145"}],"curies":[{"name":"wp","href":"https:\/\/api.w.org\/{rel}","templated":true}]}}