{"id":4157,"date":"2013-11-19T12:24:21","date_gmt":"2013-11-19T20:24:21","guid":{"rendered":"http:\/\/toolkit.capta.org\/programs\/scholarships-and-grants\/grants\/cultural-arts-grants-for-unit-council-and-district-ptas\/"},"modified":"2020-10-14T12:21:01","modified_gmt":"2020-10-14T19:21:01","slug":"cultural-arts-grants-for-unit-council-and-district-ptas","status":"publish","type":"page","link":"https:\/\/toolkit.capta.org\/es\/programs\/scholarships-and-grants\/grants\/cultural-arts-grants-for-unit-council-and-district-ptas\/","title":{"rendered":"Subsidios a las artes culturales para las unidades, consejos y distritos de la PTA"},"content":{"rendered":"<p><em>(Establecida en 2000 \u2013 Revisada en agosto de 2014)<\/em><\/p>\n<p>Todos los a\u00f1os, la PTA de California pone a disposici\u00f3n de sus unidades, consejos y distritos subsidios que pueden usarse para desarrollar e implementar programas y proyectos estudiantiles de artes culturales enfocados en la educaci\u00f3n art\u00edstica.<\/p>\n<p><strong>Solicitud:<\/strong> el formulario de solicitud del subsidio se encuentra en la <em>Carpeta de recursos<\/em> de la PTA de California (Formularios). La fecha para entregar la solicitud a la oficina de la PTA de California es el <strong>1 de octubre<\/strong>. Cuando el 1 de octubre sea un d\u00eda del fin de semana, las solicitudes deben estar en la oficina de la PTA de California a m\u00e1s tardar el lunes siguiente. No se aceptar\u00e1n matasellos.<\/p>\n<p><strong>Elegibilidad:<\/strong> el solicitante debe ser una unidad, un consejo o un distrito de la PTA con sus cuotas al d\u00eda.<\/p>\n<p><strong>Selecci\u00f3n:<\/strong> los beneficiarios son seleccionados por el Comit\u00e9 de becas y subsidios de la PTA de California. Un cheque por el monto del subsidio se enviar\u00e1 a cada recipiente de la unidad, consejo y distrito de PTA despu\u00e9s de la reuni\u00f3n de enero de la Junta de Gerentes de la PTA de California.<\/p>\n","protected":false},"excerpt":{"rendered":"<p>(Establecida en 2000 \u2013 Revisada en agosto de 2014) Todos los a\u00f1os, la PTA de California pone a disposici\u00f3n de sus unidades, consejos y distritos subsidios que pueden usarse para desarrollar e implementar programas y proyectos estudiantiles de artes culturales enfocados en la educaci\u00f3n art\u00edstica. Solicitud: el formulario de solicitud del subsidio se encuentra en [&hellip;]<\/p>\n","protected":false},"author":8,"featured_media":0,"parent":4145,"menu_order":0,"comment_status":"closed","ping_status":"closed","template":"","meta":{"footnotes":""},"class_list":["post-4157","page","type-page","status-publish","hentry","entry"],"_links":{"self":[{"href":"https:\/\/toolkit.capta.org\/es\/wp-json\/wp\/v2\/pages\/4157","targetHints":{"allow":["GET"]}}],"collection":[{"href":"https:\/\/toolkit.capta.org\/es\/wp-json\/wp\/v2\/pages"}],"about":[{"href":"https:\/\/toolkit.capta.org\/es\/wp-json\/wp\/v2\/types\/page"}],"author":[{"embeddable":true,"href":"https:\/\/toolkit.capta.org\/es\/wp-json\/wp\/v2\/users\/8"}],"replies":[{"embeddable":true,"href":"https:\/\/toolkit.capta.org\/es\/wp-json\/wp\/v2\/comments?post=4157"}],"version-history":[{"count":2,"href":"https:\/\/toolkit.capta.org\/es\/wp-json\/wp\/v2\/pages\/4157\/revisions"}],"predecessor-version":[{"id":10428,"href":"https:\/\/toolkit.capta.org\/es\/wp-json\/wp\/v2\/pages\/4157\/revisions\/10428"}],"up":[{"embeddable":true,"href":"https:\/\/toolkit.capta.org\/es\/wp-json\/wp\/v2\/pages\/4145"}],"wp:attachment":[{"href":"https:\/\/toolkit.capta.org\/es\/wp-json\/wp\/v2\/media?parent=4157"}],"curies":[{"name":"wp","href":"https:\/\/api.w.org\/{rel}","templated":true}]}}