{"id":4161,"date":"2013-11-19T12:25:30","date_gmt":"2013-11-19T20:25:30","guid":{"rendered":"http:\/\/toolkit.capta.org\/programs\/scholarships-and-grants\/grants\/leadership-development-grants-for-unit-council-and-district-ptas\/"},"modified":"2017-10-05T16:45:31","modified_gmt":"2017-10-05T23:45:31","slug":"leadership-development-grants-for-unit-council-and-district-ptas","status":"publish","type":"page","link":"https:\/\/toolkit.capta.org\/es\/programs\/scholarships-and-grants\/grants\/leadership-development-grants-for-unit-council-and-district-ptas\/","title":{"rendered":"Subsidios al desarrollo del liderazgo para las unidades, consejos y distritos de la PTA"},"content":{"rendered":"<p><em>(Establecida en 2000 \u2013 Revisada en abril de 2017)<\/em><\/p>\n<p>Anualmente puede haber subvenciones disponibles de la PTA del Estado de California para alentar y apoyar la asistencia al Congreso de la PTA del Estado de California, entrenamientos regionales y\/o locales para fortalecer el liderazgo de las Mesa Directivas de la PTA de unidad, consejo y el distrito.<\/p>\n<p><strong>Selecci\u00f3n:\u00a0<\/strong>Se env\u00eda un cheque de subvenci\u00f3n a la PTA del distrito. Es responsabilidad de la PTA del distrito seleccionar a los beneficiarios y de enviar las subvenciones a la PTA individual.<\/p>\n<p>La PTA del distrito debe presentar un informe final a la oficina de la PTA del California que detalle la distribuci\u00f3n de los fondos de la subvenci\u00f3n para desarrollo de liderazgo a m\u00e1s tardar el <strong>1\u00ba de Junio<\/strong>. Vea Formularios, Informe de Subvenciones para Desarrollo de Liderazgo.<\/p>\n<p>Si no se presenta este informe para la fecha de vencimiento la PTA del Estado de California enviara una factura por el monto de la subvenci\u00f3n que se tendr\u00e1 que pagar al recibirla. Antes de otorgar Becas para el Desarrollo de Liderazgo el Comit\u00e9 de Becas y Subvenciones y la Comisi\u00f3n de Servicios de Liderazgo tomaran en cuente la fecha cuando se present\u00f3 el informe y se hizo a tiempo.<\/p>\n<p>Dirija todas las preguntas sobre las fechas de vencimiento o las reglas para todas las becas al Presidente del Comit\u00e9 de Becas y Subvenciones de la PTA del Estado de California a <a href=\"mailto:grants@capta.org\">grants@capta.org<\/a> para obtener subvenciones para el desarrollo de liderazgo por favor comun\u00edquese con la PTA de su distrito.<\/p>\n","protected":false},"excerpt":{"rendered":"<p>(Establecida en 2000 \u2013 Revisada en abril de 2017) Anualmente puede haber subvenciones disponibles de la PTA del Estado de California para alentar y apoyar la asistencia al Congreso de la PTA del Estado de California, entrenamientos regionales y\/o locales para fortalecer el liderazgo de las Mesa Directivas de la PTA de unidad, consejo y [&hellip;]<\/p>\n","protected":false},"author":8,"featured_media":0,"parent":4145,"menu_order":0,"comment_status":"closed","ping_status":"closed","template":"","meta":{"footnotes":""},"class_list":["post-4161","page","type-page","status-publish","hentry","entry"],"_links":{"self":[{"href":"https:\/\/toolkit.capta.org\/es\/wp-json\/wp\/v2\/pages\/4161","targetHints":{"allow":["GET"]}}],"collection":[{"href":"https:\/\/toolkit.capta.org\/es\/wp-json\/wp\/v2\/pages"}],"about":[{"href":"https:\/\/toolkit.capta.org\/es\/wp-json\/wp\/v2\/types\/page"}],"author":[{"embeddable":true,"href":"https:\/\/toolkit.capta.org\/es\/wp-json\/wp\/v2\/users\/8"}],"replies":[{"embeddable":true,"href":"https:\/\/toolkit.capta.org\/es\/wp-json\/wp\/v2\/comments?post=4161"}],"version-history":[{"count":3,"href":"https:\/\/toolkit.capta.org\/es\/wp-json\/wp\/v2\/pages\/4161\/revisions"}],"predecessor-version":[{"id":8859,"href":"https:\/\/toolkit.capta.org\/es\/wp-json\/wp\/v2\/pages\/4161\/revisions\/8859"}],"up":[{"embeddable":true,"href":"https:\/\/toolkit.capta.org\/es\/wp-json\/wp\/v2\/pages\/4145"}],"wp:attachment":[{"href":"https:\/\/toolkit.capta.org\/es\/wp-json\/wp\/v2\/media?parent=4161"}],"curies":[{"name":"wp","href":"https:\/\/api.w.org\/{rel}","templated":true}]}}