{"id":4165,"date":"2013-11-19T12:26:14","date_gmt":"2013-11-19T20:26:14","guid":{"rendered":"http:\/\/toolkit.capta.org\/programs\/scholarships-and-grants\/grants\/healthy-lifestyles-grant\/"},"modified":"2020-10-14T12:21:37","modified_gmt":"2020-10-14T19:21:37","slug":"healthy-lifestyles-grant","status":"publish","type":"page","link":"https:\/\/toolkit.capta.org\/es\/programs\/scholarships-and-grants\/grants\/healthy-lifestyles-grant\/","title":{"rendered":"Subsidios para estilos de vida saludable"},"content":{"rendered":"<p><em>(Establecido en 2005)<\/em><\/p>\n<p>Los subsidios para Estilo de Vida saludable est\u00e1n disponibles en la PTA de California para desarrollar, promover y aplicar programas, proyectos y actividades que mejorar\u00e1n la salud general de los ni\u00f1os y adultos. Consulte la <em>Gu\u00eda de seguros y prevenci\u00f3n de p\u00e9rdida<\/em> para las actividades aprobadas.<\/p>\n<p><strong><a href=\"http:\/\/downloads.capta.org\/toolkit\/formularios\/SubsidiosParaUnidadesConsejosYDistritosDeLaPTAYReporteDeSubsidios.pdf\" target=\"_blank\" rel=\"noopener noreferrer\">Solicitud<\/a>:<\/strong> se puede encontrar un formulario de solicitud de la subvenci\u00f3n en la Carpeta de recursos de la PTA de California. Se deben recibir las solicitudes en las oficinas de la PTA de California para el cierre del horario h\u00e1bil del <strong>1 de octubre<\/strong>. Cuando el 1 de octubre cae en fin de semana, las solicitudes deben estar en las oficinas de la PTA de California para el cierre del horario h\u00e1bil del lunes siguiente. No se aceptar\u00e1n matasellos.<\/p>\n<p><strong>Elegibilidad:<\/strong> el solicitante debe ser una PTA de unidad, consejo y distrito activa.<\/p>\n<p><strong>Selecci\u00f3n:<\/strong> los beneficiarios ser\u00e1n seleccionados por el comit\u00e9 de Subvenciones y Becas de la PTA de California. Un cheque por el monto del subsidio se enviar\u00e1 a cada recipiente de la unidad, consejo y distrito de PTA despu\u00e9s de la reuni\u00f3n de enero de la Junta de Gerentes de la PTA de California.<\/p>\n","protected":false},"excerpt":{"rendered":"<p>(Establecido en 2005) Los subsidios para Estilo de Vida saludable est\u00e1n disponibles en la PTA de California para desarrollar, promover y aplicar programas, proyectos y actividades que mejorar\u00e1n la salud general de los ni\u00f1os y adultos. Consulte la Gu\u00eda de seguros y prevenci\u00f3n de p\u00e9rdida para las actividades aprobadas. Solicitud: se puede encontrar un formulario [&hellip;]<\/p>\n","protected":false},"author":8,"featured_media":0,"parent":4145,"menu_order":0,"comment_status":"closed","ping_status":"closed","template":"","meta":{"footnotes":""},"class_list":["post-4165","page","type-page","status-publish","hentry","entry"],"_links":{"self":[{"href":"https:\/\/toolkit.capta.org\/es\/wp-json\/wp\/v2\/pages\/4165","targetHints":{"allow":["GET"]}}],"collection":[{"href":"https:\/\/toolkit.capta.org\/es\/wp-json\/wp\/v2\/pages"}],"about":[{"href":"https:\/\/toolkit.capta.org\/es\/wp-json\/wp\/v2\/types\/page"}],"author":[{"embeddable":true,"href":"https:\/\/toolkit.capta.org\/es\/wp-json\/wp\/v2\/users\/8"}],"replies":[{"embeddable":true,"href":"https:\/\/toolkit.capta.org\/es\/wp-json\/wp\/v2\/comments?post=4165"}],"version-history":[{"count":2,"href":"https:\/\/toolkit.capta.org\/es\/wp-json\/wp\/v2\/pages\/4165\/revisions"}],"predecessor-version":[{"id":10429,"href":"https:\/\/toolkit.capta.org\/es\/wp-json\/wp\/v2\/pages\/4165\/revisions\/10429"}],"up":[{"embeddable":true,"href":"https:\/\/toolkit.capta.org\/es\/wp-json\/wp\/v2\/pages\/4145"}],"wp:attachment":[{"href":"https:\/\/toolkit.capta.org\/es\/wp-json\/wp\/v2\/media?parent=4165"}],"curies":[{"name":"wp","href":"https:\/\/api.w.org\/{rel}","templated":true}]}}