{"id":4185,"date":"2013-11-19T15:02:00","date_gmt":"2013-11-19T23:02:00","guid":{"rendered":"http:\/\/toolkit.capta.org\/programs\/family-engagement\/parent-involvement-policy-statement-sample\/"},"modified":"2013-12-13T14:54:43","modified_gmt":"2013-12-13T22:54:43","slug":"parent-involvement-policy-statement-sample","status":"publish","type":"page","link":"https:\/\/toolkit.capta.org\/es\/programs\/family-engagement\/parent-involvement-policy-statement-sample\/","title":{"rendered":"Muestra de declaraci\u00f3n de la participaci\u00f3n de padres de familia"},"content":{"rendered":"<p>La Junta de Educaci\u00f3n reconoce la necesidad y el valor de la participaci\u00f3n de los padres de familia para apoyar el \u00e9xito y logro acad\u00e9mico de los estudiantes. Con el fin de garantizar una asociaci\u00f3n cooperativa entre los padres de familia y las escuelas, la junta (trabajando a trav\u00e9s de la administraci\u00f3n) se compromete a:<\/p>\n<ol>\n<li>Involucrar a los padres de familia como socios en el gobierno de la escuela, incluyendo la toma compartida de decisiones y funciones de asesor\u00eda.<\/li>\n<li>Establecer una comunicaci\u00f3n bilateral eficaz con todos los padres de familia, respetando su diversidad y las diferentes necesidades de las familias.<\/li>\n<li>Desarrollar estrategias y estructuras program\u00e1ticas en las escuelas que permitan a los padres de familia participar activamente en la educaci\u00f3n de sus hijos.<\/li>\n<li>Proporcionar apoyo y coordinaci\u00f3n para que el personal escolar y los padres de familia implementen y mantengan la participaci\u00f3n adecuada de estos \u00faltimos, desde el jard\u00edn de ni\u00f1os hasta el doceavo grado.<\/li>\n<li>Utilizar las escuelas para conectar a los estudiantes y a las familias con los recursos comunitarios que ofrecen enriquecimiento y apoyo educativo.<\/li>\n<\/ol>\n","protected":false},"excerpt":{"rendered":"<p>La Junta de Educaci\u00f3n reconoce la necesidad y el valor de la participaci\u00f3n de los padres de familia para apoyar el \u00e9xito y logro acad\u00e9mico de los estudiantes. Con el fin de garantizar una asociaci\u00f3n cooperativa entre los padres de familia y las escuelas, la junta (trabajando a trav\u00e9s de la administraci\u00f3n) se compromete a: [&hellip;]<\/p>\n","protected":false},"author":8,"featured_media":0,"parent":3994,"menu_order":0,"comment_status":"closed","ping_status":"closed","template":"","meta":{"footnotes":""},"class_list":["post-4185","page","type-page","status-publish","hentry","entry"],"_links":{"self":[{"href":"https:\/\/toolkit.capta.org\/es\/wp-json\/wp\/v2\/pages\/4185","targetHints":{"allow":["GET"]}}],"collection":[{"href":"https:\/\/toolkit.capta.org\/es\/wp-json\/wp\/v2\/pages"}],"about":[{"href":"https:\/\/toolkit.capta.org\/es\/wp-json\/wp\/v2\/types\/page"}],"author":[{"embeddable":true,"href":"https:\/\/toolkit.capta.org\/es\/wp-json\/wp\/v2\/users\/8"}],"replies":[{"embeddable":true,"href":"https:\/\/toolkit.capta.org\/es\/wp-json\/wp\/v2\/comments?post=4185"}],"version-history":[{"count":0,"href":"https:\/\/toolkit.capta.org\/es\/wp-json\/wp\/v2\/pages\/4185\/revisions"}],"up":[{"embeddable":true,"href":"https:\/\/toolkit.capta.org\/es\/wp-json\/wp\/v2\/pages\/3994"}],"wp:attachment":[{"href":"https:\/\/toolkit.capta.org\/es\/wp-json\/wp\/v2\/media?parent=4185"}],"curies":[{"name":"wp","href":"https:\/\/api.w.org\/{rel}","templated":true}]}}