{"id":4193,"date":"2013-11-19T15:04:20","date_gmt":"2013-11-19T23:04:20","guid":{"rendered":"http:\/\/toolkit.capta.org\/programs\/family-engagement\/family-engagement-committee\/"},"modified":"2016-03-14T11:01:45","modified_gmt":"2016-03-14T18:01:45","slug":"family-engagement-committee","status":"publish","type":"page","link":"https:\/\/toolkit.capta.org\/es\/programs\/family-engagement\/family-engagement-committee\/","title":{"rendered":"Comit\u00e9 de Participaci\u00f3n de los Padres de Familia"},"content":{"rendered":"<p>Proveer maneras a los padres de como apoyar mejor el crecimiento, el desarrollo y el aprendizaje de sus ni\u00f1os y adolescentes es el prop\u00f3sito principal y valor de la PTA.<\/p>\n<p>El establecer un Comit\u00e9 de Participaci\u00f3n de los Padres de Familia para su PTA garantiza la inclusi\u00f3n e integraci\u00f3n y da a los padres la oportunidad de tener f\u00e1cil acceso a la informaci\u00f3n, las habilidades y la formaci\u00f3n que necesitan para apoyar el \u00e9xito del estudiante.<\/p>\n<p>Para conseguir la participaci\u00f3n de los padres en la escuela, un buen primer paso es desarrollar un Plan de Acci\u00f3n para todo el a\u00f1o. De esa manera, se puede organizar, implementar y evaluar sus esfuerzos de promoci\u00f3n, los programas y actividades de participaci\u00f3n de los padres con mayor eficacia.<\/p>\n<p><strong>5 Pasos para un plan de acci\u00f3n:<\/strong><\/p>\n<ul>\n<li>Pedirle a los padres, el personal y a los estudiantes que tomen una encuesta para identificar las necesidades y prioridades de la comunidad escolar<\/li>\n<li>Formar un equipo de trabajo con los padres, maestros, estudiantes, administradores y socios de la comunidad para trabajar juntos para apoyar el \u00e9xito del estudiante<\/li>\n<li>Dise\u00f1ar un plan de acci\u00f3n de la participaci\u00f3n familiar para alcanzar e involucrar a todas las familias de la comunidad escolar<\/li>\n<li>Presentar el presupuesto de los programas del Plan de Acci\u00f3n a la mesa directiva de la PTA y a la asociaci\u00f3n para obtener su aprobaci\u00f3n<\/li>\n<li>Evaluar la eficacia del Plan de Acci\u00f3n, mediante una encuesta de fin de a\u00f1o o una hoja de evaluaci\u00f3n llenado en cada evento\/actividad<\/li>\n<\/ul>\n<p>Como parte de su Plan de Acci\u00f3n, presente una variedad de temas durante el Evento\/Noche de Participaci\u00f3n de Padres como los siguientes:<\/p>\n<p><strong>Como educar a los Hijos<\/strong> \u2013 Enfocarse en temas como el desarrollo de los ni\u00f1os, la salud y el bienestar, la multiculturalidad y la diversidad, el acoso e intimidaci\u00f3n y las pandillas, abuso de sustancias, las artes, la vida familiar\/educaci\u00f3n sexual, los medios de comunicaci\u00f3n social, la seguridad cibern\u00e9tica y los otros temas dif\u00edciles que enfrentan los padres que cr\u00edan ni\u00f1os y adolescentes hoy en d\u00eda.<\/p>\n<p><strong>Como promover el \u00e9xito estudiantil<\/strong> \u2013 Enfocarse en temas como las pol\u00edticas de la escuela, ayuda con la tarea escolar, los planes de estudio, la lectura, escritura, matem\u00e1ticas, STEAM, las pruebas estandarizadas, seguridad y clima escolar, participaci\u00f3n de los estudiantes y mejora de la escuela.<\/p>\n<p>Para ampliar sus esfuerzos de difusi\u00f3n, contin\u00fae con el seguimiento y envi\u00e9 el bolet\u00edn de la PTA, el sitio web y publicaciones de medios sociales para proporcionar m\u00e1s informaci\u00f3n y recursos sobre estos temas.<\/p>\n<div class=\"spotlightbox\">\n<p><strong>Tomar acci\u00f3n: <\/strong>Para obtener m\u00e1s informaci\u00f3n, vea la descripci\u00f3n de las funciones para los <a href=\"https:\/\/toolkit.capta.org\/es\/job-descriptions\/parentengagement\/\">Presidentes de Participaci\u00f3n de los Padres de Familia<\/a> en la <em>Carpeta de Recursos<\/em> <em>de la PTA del Estado de California<\/em> en l\u00ednea en: <a href=\"http:\/\/www.capta.org\">capta.org<\/a><\/p>\n<\/div>\n","protected":false},"excerpt":{"rendered":"<p>Proveer maneras a los padres de como apoyar mejor el crecimiento, el desarrollo y el aprendizaje de sus ni\u00f1os y adolescentes es el prop\u00f3sito principal y valor de la PTA. El establecer un Comit\u00e9 de Participaci\u00f3n de los Padres de Familia para su PTA garantiza la inclusi\u00f3n e integraci\u00f3n y da a los padres la [&hellip;]<\/p>\n","protected":false},"author":8,"featured_media":0,"parent":3994,"menu_order":0,"comment_status":"closed","ping_status":"closed","template":"","meta":{"footnotes":""},"class_list":["post-4193","page","type-page","status-publish","hentry","entry"],"_links":{"self":[{"href":"https:\/\/toolkit.capta.org\/es\/wp-json\/wp\/v2\/pages\/4193","targetHints":{"allow":["GET"]}}],"collection":[{"href":"https:\/\/toolkit.capta.org\/es\/wp-json\/wp\/v2\/pages"}],"about":[{"href":"https:\/\/toolkit.capta.org\/es\/wp-json\/wp\/v2\/types\/page"}],"author":[{"embeddable":true,"href":"https:\/\/toolkit.capta.org\/es\/wp-json\/wp\/v2\/users\/8"}],"replies":[{"embeddable":true,"href":"https:\/\/toolkit.capta.org\/es\/wp-json\/wp\/v2\/comments?post=4193"}],"version-history":[{"count":3,"href":"https:\/\/toolkit.capta.org\/es\/wp-json\/wp\/v2\/pages\/4193\/revisions"}],"predecessor-version":[{"id":7756,"href":"https:\/\/toolkit.capta.org\/es\/wp-json\/wp\/v2\/pages\/4193\/revisions\/7756"}],"up":[{"embeddable":true,"href":"https:\/\/toolkit.capta.org\/es\/wp-json\/wp\/v2\/pages\/3994"}],"wp:attachment":[{"href":"https:\/\/toolkit.capta.org\/es\/wp-json\/wp\/v2\/media?parent=4193"}],"curies":[{"name":"wp","href":"https:\/\/api.w.org\/{rel}","templated":true}]}}