{"id":4210,"date":"2013-11-19T15:10:11","date_gmt":"2013-11-19T23:10:11","guid":{"rendered":"http:\/\/toolkit.capta.org\/programs\/family-engagement\/quality-child-care\/"},"modified":"2013-12-13T17:00:57","modified_gmt":"2013-12-14T01:00:57","slug":"quality-child-care","status":"publish","type":"page","link":"https:\/\/toolkit.capta.org\/es\/programs\/family-engagement\/quality-child-care\/","title":{"rendered":"Servicios de guarder\u00eda de calidad"},"content":{"rendered":"<p>Para los padres que trabajan fuera del hogar y para aquellos a quienes les gustar\u00eda hacerlo, encontrar qui\u00e9n les cuide a los ni\u00f1os puede ser un gran problema y una fuente constante de ansiedad, especialmente en las grandes \u00e1reas metropolitanas. Con el influjo de mujeres en la fuerza laboral (especialmente madres de ni\u00f1os peque\u00f1os), la necesidad de servicios de guarder\u00eda ha aumentado dr\u00e1sticamente en los Estados Unidos.<\/p>\n<p>La PTA de California se preocupa cada vez m\u00e1s por la escasez de servicios de guarder\u00eda econ\u00f3micos y de calidad para las familias que los necesitan. El cuidado infantil se compone de muchos tipos de servicios disponibles bajo una diversidad de sistemas y est\u00e1 desigualmente al alcance de los padres del estado.<\/p>\n<p>Un sistema integral de cuidado infantil requiere una pol\u00edtica p\u00fablica que provea financiamiento adecuado, est\u00e1ndares para el programa, capacitaci\u00f3n al personal, participaci\u00f3n de los padres y acceso equitativo. La provisi\u00f3n de servicios de cuidado infantil de calidad es una responsabilidad compartida de los padres, proveedores, dependencias gubernamentales pertinentes, empresas, industria y la comunidad en general. Estudie la declaraci\u00f3n de postura de la PTA de California, \u201cGuarder\u00edas infantiles\u201d (Nuestro punto de vista: declaraciones de postura, secci\u00f3n 4.5.9 y la resoluci\u00f3n de la PTA de California \u201cServicios de guarder\u00eda para menores sin supervisi\u00f3n de adultos al regresar de la escuela\u201d (Nuestro punto de vista: resoluciones de la Convenci\u00f3n y de la Junta de Gerentes*, Resoluciones 4.4, Libro de resoluciones de la PTA de California, www.capta.org).<\/p>\n","protected":false},"excerpt":{"rendered":"<p>Para los padres que trabajan fuera del hogar y para aquellos a quienes les gustar\u00eda hacerlo, encontrar qui\u00e9n les cuide a los ni\u00f1os puede ser un gran problema y una fuente constante de ansiedad, especialmente en las grandes \u00e1reas metropolitanas. Con el influjo de mujeres en la fuerza laboral (especialmente madres de ni\u00f1os peque\u00f1os), la [&hellip;]<\/p>\n","protected":false},"author":8,"featured_media":0,"parent":3994,"menu_order":0,"comment_status":"closed","ping_status":"closed","template":"","meta":{"footnotes":""},"class_list":["post-4210","page","type-page","status-publish","hentry","entry"],"_links":{"self":[{"href":"https:\/\/toolkit.capta.org\/es\/wp-json\/wp\/v2\/pages\/4210","targetHints":{"allow":["GET"]}}],"collection":[{"href":"https:\/\/toolkit.capta.org\/es\/wp-json\/wp\/v2\/pages"}],"about":[{"href":"https:\/\/toolkit.capta.org\/es\/wp-json\/wp\/v2\/types\/page"}],"author":[{"embeddable":true,"href":"https:\/\/toolkit.capta.org\/es\/wp-json\/wp\/v2\/users\/8"}],"replies":[{"embeddable":true,"href":"https:\/\/toolkit.capta.org\/es\/wp-json\/wp\/v2\/comments?post=4210"}],"version-history":[{"count":0,"href":"https:\/\/toolkit.capta.org\/es\/wp-json\/wp\/v2\/pages\/4210\/revisions"}],"up":[{"embeddable":true,"href":"https:\/\/toolkit.capta.org\/es\/wp-json\/wp\/v2\/pages\/3994"}],"wp:attachment":[{"href":"https:\/\/toolkit.capta.org\/es\/wp-json\/wp\/v2\/media?parent=4210"}],"curies":[{"name":"wp","href":"https:\/\/api.w.org\/{rel}","templated":true}]}}