{"id":4214,"date":"2013-11-19T15:11:31","date_gmt":"2013-11-19T23:11:31","guid":{"rendered":"http:\/\/toolkit.capta.org\/programs\/family-engagement\/creating-a-partnership-between-home-and-school\/"},"modified":"2013-12-13T16:53:26","modified_gmt":"2013-12-14T00:53:26","slug":"creating-a-partnership-between-home-and-school","status":"publish","type":"page","link":"https:\/\/toolkit.capta.org\/es\/programs\/family-engagement\/creating-a-partnership-between-home-and-school\/","title":{"rendered":"Creacion de una alianza entre padres y maestros"},"content":{"rendered":"<p>Cuando los padres participan en la educaci\u00f3n de sus hijos, a estos les va mejor en la escuela. No es necesario que los padres tengan un elevado nivel educativo o una posici\u00f3n econ\u00f3mica alta, pero s\u00ed es necesario que creen un entorno hogare\u00f1o que indique a sus hijos que la educaci\u00f3n es importante, que sus padres quieren que les vaya bien en la escuela y que los apoyar\u00e1n tanto en la casa como en la escuela.<\/p>\n<div id=\"wp-spoiler-1\" class=\"wp-spoiler wpui-hashable wpui-light wpui-styles\" data-style=\"wpui-light\">  <h3 class=\"wp-spoiler-title wpui-hashable fade-true slide-true open-false\">Comunicaci\u00f3n bilateral<\/h3><div class=\"wpui-hidden wp-spoiler-content\">\n<p>La escuela necesita comunicarse con los padres y los padres con la escuela. Lea siempre los materiales que vienen de la escuela, aun cuando sean muchos.<\/p>\n<p>Cuando haya un formulario de respuesta, compl\u00e9telo y regr\u00e9selo; el personal escolar necesita saber sobre los padres. Cuando los padres no responden, la escuela creer\u00e1 que no est\u00e1n interesados.<\/p>\n<p>Informe al maestro de cosas que suceden en el hogar y que pueden afectar la conducta del ni\u00f1o en la escuela, por causarle preocupaci\u00f3n, emoci\u00f3n o miedo.<\/p>\n<p>Ejemplos: si el padre se qued\u00f3 sin trabajo; si un c\u00f3nyuge va a regresar a casa despu\u00e9s de cumplir con su temporada en la Marina; la mascota de la familia se muri\u00f3.<\/p>\n<p>Mant\u00e9ngase informado de las actividades que se realizan en la escuela. \u00bfCu\u00e1ndo? \u00bfQu\u00e9? \u00bfPara qui\u00e9n? Use la informaci\u00f3n provista en el bolet\u00edn informativo para padres de la escuela.<\/p>\n<p>Nota a los padres: si la escuela no cuenta con un bolet\u00edn informativo para padres, inste al director y a la PTA de la escuela o bien a otros padres a comenzar uno.<\/p>\n<p>Programe y asista siempre a las reuniones de padres y maestros. Esta es una de las mejores formas en que los padres y el maestro pueden compartir informaci\u00f3n.<\/p>\n<p><\/div>  <\/div><!-- end div.wp-spoiler --><div id=\"wp-spoiler-2\" class=\"wp-spoiler wpui-hashable wpui-light wpui-styles\" data-style=\"wpui-light\">  <h3 class=\"wp-spoiler-title wpui-hashable fade-true slide-true open-false\">Voluntariado en la escuela<\/h3><div class=\"wpui-hidden wp-spoiler-content\"><\/p>\n<p>Sea miembro activo de la PTA de su escuela.<\/p>\n<p>Trabaje como voluntario en la escuela, en el sal\u00f3n de clases del ni\u00f1o, en excursiones, etc.<\/p>\n<p>Asista a los eventos de la escuela y el sal\u00f3n de clases (visita p\u00fablica [Open House], velada de regreso a clases, etc.).<\/p>\n<p>Ayude a organizar las actividades entre estudiantes, padres y la escuela, tales como la feria multicultural.<\/p>\n<p>Asista a los programas de educaci\u00f3n para padres que fortalezcan las destrezas y conocimientos sobre la crianza de los hijos y ayude a planear programas que los padres consideran necesarios.<\/p>\n<p><\/div>  <\/div><!-- end div.wp-spoiler --><div id=\"wp-spoiler-3\" class=\"wp-spoiler wpui-hashable wpui-light wpui-styles\" data-style=\"wpui-light\">  <h3 class=\"wp-spoiler-title wpui-hashable fade-true slide-true open-false\">Aprenda sobre los ni\u00f1os y la escuela<\/h3><div class=\"wpui-hidden wp-spoiler-content\"><\/p>\n<p>Aprenda las normas escolares, lo que le est\u00e1n ense\u00f1ando al ni\u00f1o, por qu\u00e9, y c\u00f3mo funciona el sistema escolar, c\u00f3mo conseguir ayuda para el ni\u00f1o, etc.<\/p>\n<p>Aprenda m\u00e1s acerca de sus derechos y responsabilidades como padre de familia.<\/p>\n<p>Pida informaci\u00f3n acerca del desarrollo f\u00edsico, mental y social de los ni\u00f1os desde la infancia hasta la edad adulta, para que el padre sepa qu\u00e9 esperar del ni\u00f1o.<\/p>\n<p>Acciones recomendadas<\/p>\n<p>Participe en la toma de decisiones relacionadas con la forma en que la escuela deber\u00eda funcionar y en la resoluci\u00f3n de problemas que surgen en la misma.<\/p>\n<p>Si la voz de los padres no se est\u00e1 escuchando y los padres interesados no tienen oportunidad de participar de manera significativa, hable con el director acerca de comenzar actividades que conduzcan a una mayor participaci\u00f3n familiar.<\/p>\n<p>Comun\u00edquese con todos los grupos de padres de la escuela (PTA, consejo del recinto escolar, grupos consultivos), a fin de establecer un comit\u00e9 especializado que estudie y planee estrategias para que los padres puedan participar m\u00e1s eficazmente en la planeaci\u00f3n y en la toma de decisiones de la escuela.<\/p>\n<p>Para participar a este nivel, los padres deben estar dispuestos a:<\/p>\n<p>\u2022\u00a0 Dedicar tiempo y esfuerzo a estudiar y a informarse bien acerca de los problemas que afectan a la escuela y la comunidad.<\/p>\n<p>\u2022\u00a0 Trabajar productivamente como parte de un grupo.<\/p>\n<p>\u2022\u00a0 Tener una visi\u00f3n amplia de las necesidades estudiantiles, m\u00e1s all\u00e1 de las del hijo propio.<\/p>\n<p>\u2022\u00a0 Hablar diplom\u00e1ticamente.<\/p>\n<p>\u2022\u00a0 Interactuar cort\u00e9s y positivamente a las personas que son diferentes.<\/p>\n<p><\/div>  <\/div><!-- end div.wp-spoiler --><div id=\"wp-spoiler-4\" class=\"wp-spoiler wpui-hashable wpui-light wpui-styles\" data-style=\"wpui-light\">  <h3 class=\"wp-spoiler-title wpui-hashable fade-true slide-true open-false\">La educaci\u00f3n comienza en la casa<\/h3><div class=\"wpui-hidden wp-spoiler-content\"><\/p>\n<p>El ni\u00f1o tiende a copiar a los padres, quienes de esta forma ense\u00f1an continuamente al ni\u00f1o a trav\u00e9s de su forma de manejar las situaciones cotidianas.<\/p>\n<p>Los padres son los maestros m\u00e1s importante de las destrezas que el ni\u00f1o necesita para la vida diaria, incluyendo responsabilidad y determinaci\u00f3n, autoestima y confianza, preocupaci\u00f3n por los dem\u00e1s y convivencia, resoluci\u00f3n de problemas y el gozo de vivir.<\/p>\n<p>Acciones recomendadas<\/p>\n<p>Comparta con el maestro informaci\u00f3n acerca del ni\u00f1o, pues el padre o la madre lo conocen mejor que nadie.<\/p>\n<p>Cuente a la comunidad escolar de su cultura o viajes, su trabajo, pasatiempos y experiencias, que puedan ser de inter\u00e9s o ayudarles de alg\u00fan modo.<\/p>\n<p>Ayude al personal escolar a comprender las necesidades de los padres en la comunidad.<\/p>\n<p><\/div>  <\/div><!-- end div.wp-spoiler --><\/p>\n<p>&nbsp;<\/p>\n","protected":false},"excerpt":{"rendered":"<p>Cuando los padres participan en la educaci\u00f3n de sus hijos, a estos les va mejor en la escuela. No es necesario que los padres tengan un elevado nivel educativo o una posici\u00f3n econ\u00f3mica alta, pero s\u00ed es necesario que creen un entorno hogare\u00f1o que indique a sus hijos que la educaci\u00f3n es importante, que sus [&hellip;]<\/p>\n","protected":false},"author":8,"featured_media":0,"parent":3994,"menu_order":0,"comment_status":"closed","ping_status":"closed","template":"","meta":{"footnotes":""},"class_list":["post-4214","page","type-page","status-publish","hentry","entry"],"_links":{"self":[{"href":"https:\/\/toolkit.capta.org\/es\/wp-json\/wp\/v2\/pages\/4214","targetHints":{"allow":["GET"]}}],"collection":[{"href":"https:\/\/toolkit.capta.org\/es\/wp-json\/wp\/v2\/pages"}],"about":[{"href":"https:\/\/toolkit.capta.org\/es\/wp-json\/wp\/v2\/types\/page"}],"author":[{"embeddable":true,"href":"https:\/\/toolkit.capta.org\/es\/wp-json\/wp\/v2\/users\/8"}],"replies":[{"embeddable":true,"href":"https:\/\/toolkit.capta.org\/es\/wp-json\/wp\/v2\/comments?post=4214"}],"version-history":[{"count":0,"href":"https:\/\/toolkit.capta.org\/es\/wp-json\/wp\/v2\/pages\/4214\/revisions"}],"up":[{"embeddable":true,"href":"https:\/\/toolkit.capta.org\/es\/wp-json\/wp\/v2\/pages\/3994"}],"wp:attachment":[{"href":"https:\/\/toolkit.capta.org\/es\/wp-json\/wp\/v2\/media?parent=4214"}],"curies":[{"name":"wp","href":"https:\/\/api.w.org\/{rel}","templated":true}]}}