{"id":4218,"date":"2013-11-19T15:18:00","date_gmt":"2013-11-19T23:18:00","guid":{"rendered":"http:\/\/toolkit.capta.org\/programs\/family-engagement\/effective-parent-teacher-conferences\/"},"modified":"2013-12-13T16:49:17","modified_gmt":"2013-12-14T00:49:17","slug":"effective-parent-teacher-conferences","status":"publish","type":"page","link":"https:\/\/toolkit.capta.org\/es\/programs\/family-engagement\/effective-parent-teacher-conferences\/","title":{"rendered":"Reuniones eficaces entre padres y maestros"},"content":{"rendered":"<p>Es probable que la escuela programe reuniones peri\u00f3dicas con los padres para analizar la tarjeta de calificaciones del ni\u00f1o. Si no, los padres pueden solicitar dicha reuni\u00f3n. La reuni\u00f3n tambi\u00e9n se puede solicitar cuando el padre o el maestro creen que hay alg\u00fan problema. Cualquiera que sea la raz\u00f3n, una reuni\u00f3n eficaz entre ellos es una de las mejores formas en que los padres y el maestro pueden establecer y reforzar una alianza para trabajar juntos por el \u00e9xito del ni\u00f1o. El conocimiento de los padres sobre el ni\u00f1o y su punto de vista son importantes para el maestro, y el punto de vista profesional y consejo del maestro deben ser importantes para los padres. La reuni\u00f3n es el momento para que se d\u00e9 este intercambio de informaci\u00f3n.<\/p>\n<div id=\"wp-spoiler-1\" class=\"wp-spoiler wpui-hashable wpui-light wpui-styles\" data-style=\"wpui-light\">  <h3 class=\"wp-spoiler-title wpui-hashable fade-true slide-true open-false\">Antes de la reuni\u00f3n<\/h3><div class=\"wpui-hidden wp-spoiler-content\">\n<p>Aseg\u00farese de entender el prop\u00f3sito de la reuni\u00f3n. Ya sea que se trate de una en una serie de reuniones programadas regularmente para analizar el progreso acad\u00e9mico o tarjeta de calificaciones del ni\u00f1o, o que haya sido solicitada para analizar un problema o inquietud, recuerde que los padres y el maestro se re\u00fanen como adultos mutuamente interesados en el logro y el bienestar del ni\u00f1o.<\/p>\n<p>Hable con el ni\u00f1o antes de asistir. Preg\u00fantele lo que le gusta y lo que no le gusta, as\u00ed como otras ideas sobre la escuela; por ejemplo, qu\u00e9 cosas se podr\u00edan cambiar y cu\u00e1l es su opini\u00f3n sobre el maestro y el ambiente de clases.<\/p>\n<p>Cosas que los padres deben comunicar al maestro<\/p>\n<p>Una situaci\u00f3n de estr\u00e9s inusual en el hogar.<\/p>\n<p>La relaci\u00f3n del ni\u00f1o con sus hermanos y otras personas en la casa.<\/p>\n<p>Actividades favoritas durante el tiempo libre en la casa.<\/p>\n<p>Actividades organizadas en las que el ni\u00f1o participa.<\/p>\n<p>La percepci\u00f3n de los padres sobre el ni\u00f1o como estudiante y como persona.<\/p>\n<p>Experiencias escolares previas, si usted cree que es \u00fatil.<\/p>\n<p>Preguntas para el maestro<\/p>\n<p>\u00bfCu\u00e1nta tarea tendr\u00e1 mi hijo?<\/p>\n<p>\u00bfC\u00f3mo le debo ayudar?<\/p>\n<p>\u00bfC\u00f3mo se deciden las calificaciones?<\/p>\n<p>\u00bfCu\u00e1les son las normas de disciplina del sal\u00f3n de clases?<\/p>\n<p>\u00bfQu\u00e9 clase de pruebas se realizan? \u00bfQu\u00e9 significan?<\/p>\n<p>Preguntas acerca del ni\u00f1o<\/p>\n<p>\u00bfEst\u00e1 el ni\u00f1o cumpliendo las expectativas en lectura, matem\u00e1ticas y otras materias en comparaci\u00f3n con los niveles existentes de rendimiento? \u00bfEn comparaci\u00f3n con la norma para ese nivel de grado escolar?<\/p>\n<p>\u00bfC\u00f3mo le va al ni\u00f1o socialmente? \u00bfSe lleva bien con los dem\u00e1s?<\/p>\n<p>\u00bfQu\u00e9 le gusta hacer al ni\u00f1o? \u00bfQu\u00e9 no le gusta hacer?<\/p>\n<p>\u00bfEst\u00e1 feliz el ni\u00f1o en la escuela? \u00bfHay alg\u00fan problema?<\/p>\n<p>\u00bfPor qu\u00e9 se hacen las cosas de cierta manera?<\/p>\n<p>\u00bfQu\u00e9 pasa con la tarea cuando se entrega, ya que no la volvemos a ver?<\/p>\n<p>\u00bfC\u00f3mo es que un ni\u00f1o pasa a un grupo de lectura diferente, etc.?<\/p>\n<p>Los padres deben aprovechar y asistir a las reuniones de padres y maestros siempre que sea posible.<\/p>\n<p>Los padres tienen derecho de contar con un int\u00e9rprete en la reuni\u00f3n. Sin embargo, si el padre va a necesitar uno, recuerde solicitarlo con anticipaci\u00f3n.<\/p>\n<p><\/div>  <\/div><!-- end div.wp-spoiler --><div id=\"wp-spoiler-2\" class=\"wp-spoiler wpui-hashable wpui-light wpui-styles\" data-style=\"wpui-light\">  <h3 class=\"wp-spoiler-title wpui-hashable fade-true slide-true open-false\">Durante la reuni\u00f3n<\/h3><div class=\"wpui-hidden wp-spoiler-content\"><\/p>\n<p>Los padres deben tener presente que la reuni\u00f3n es con el maestro del ni\u00f1o, no su propio. El padre y el maestro se re\u00fanen como socios, compartiendo la responsabilidad para la educaci\u00f3n del ni\u00f1o.<\/p>\n<p>Los padres deben hacer las preguntas en su lista que han preparado. Al surgir otras preguntas durante la conversaci\u00f3n, deben asegurarse de discutir el logro y desarrollo acad\u00e9mico, social y emocional del ni\u00f1o.<\/p>\n<p>Si los padres no entienden algo, deben pedir una explicaci\u00f3n inmediatamente.<\/p>\n<p>Pregunte al maestro qu\u00e9 actividades espec\u00edficas puede hacer el padre en la casa para ayudar al progreso del ni\u00f1o.<\/p>\n<p>Cr\u00ede un \u201cplan de acci\u00f3n\u201d que le indique qu\u00e9 hacer para ayudar al ni\u00f1o en la casa y qu\u00e9 har\u00e1 el maestro en la escuela. Aseg\u00farese de que est\u00e1 claro qui\u00e9n va a hacer qu\u00e9 y cu\u00e1ndo (lo que se ha acordado que har\u00e1 el maestro, lo que har\u00e1 el padre y lo que har\u00e1 el estudiante) y c\u00f3mo se mantendr\u00e1n en contacto.<\/p>\n<p>Tome apuntes durante la reuni\u00f3n, para que pueda recordar lo que se dijo.<\/p>\n<p>Aseg\u00farele al maestro que cuenta con su apoyo continuo. Exprese su aprecio por la oportunidad de analizar la educaci\u00f3n del ni\u00f1o.<\/p>\n<p><\/div>  <\/div><!-- end div.wp-spoiler --><div id=\"wp-spoiler-3\" class=\"wp-spoiler wpui-hashable wpui-light wpui-styles\" data-style=\"wpui-light\">  <h3 class=\"wp-spoiler-title wpui-hashable fade-true slide-true open-false\">Despu\u00e9s de la reuni\u00f3n<\/h3><div class=\"wpui-hidden wp-spoiler-content\"><\/p>\n<p>Comparta con el ni\u00f1o lo que sucedi\u00f3 durante la reuni\u00f3n as\u00ed:<\/p>\n<p>Enfatizando los puntos positivos que la maestra mencion\u00f3.<\/p>\n<p>Elogiando los logros.<\/p>\n<p>Discutiendo el plan de acci\u00f3n sobre cual el maestro y el padre hayan llegado de acuerdo.<\/p>\n<p>Cumplir con el plan de acci\u00f3n y mantenerse en contacto con el maestro.<\/p>\n<p><\/div>  <\/div><!-- end div.wp-spoiler --><\/p>\n<p>&nbsp;<\/p>\n","protected":false},"excerpt":{"rendered":"<p>Es probable que la escuela programe reuniones peri\u00f3dicas con los padres para analizar la tarjeta de calificaciones del ni\u00f1o. Si no, los padres pueden solicitar dicha reuni\u00f3n. La reuni\u00f3n tambi\u00e9n se puede solicitar cuando el padre o el maestro creen que hay alg\u00fan problema. Cualquiera que sea la raz\u00f3n, una reuni\u00f3n eficaz entre ellos es [&hellip;]<\/p>\n","protected":false},"author":8,"featured_media":0,"parent":3994,"menu_order":0,"comment_status":"closed","ping_status":"closed","template":"","meta":{"footnotes":""},"class_list":["post-4218","page","type-page","status-publish","hentry","entry"],"_links":{"self":[{"href":"https:\/\/toolkit.capta.org\/es\/wp-json\/wp\/v2\/pages\/4218","targetHints":{"allow":["GET"]}}],"collection":[{"href":"https:\/\/toolkit.capta.org\/es\/wp-json\/wp\/v2\/pages"}],"about":[{"href":"https:\/\/toolkit.capta.org\/es\/wp-json\/wp\/v2\/types\/page"}],"author":[{"embeddable":true,"href":"https:\/\/toolkit.capta.org\/es\/wp-json\/wp\/v2\/users\/8"}],"replies":[{"embeddable":true,"href":"https:\/\/toolkit.capta.org\/es\/wp-json\/wp\/v2\/comments?post=4218"}],"version-history":[{"count":0,"href":"https:\/\/toolkit.capta.org\/es\/wp-json\/wp\/v2\/pages\/4218\/revisions"}],"up":[{"embeddable":true,"href":"https:\/\/toolkit.capta.org\/es\/wp-json\/wp\/v2\/pages\/3994"}],"wp:attachment":[{"href":"https:\/\/toolkit.capta.org\/es\/wp-json\/wp\/v2\/media?parent=4218"}],"curies":[{"name":"wp","href":"https:\/\/api.w.org\/{rel}","templated":true}]}}