{"id":4226,"date":"2013-11-19T15:19:33","date_gmt":"2013-11-19T23:19:33","guid":{"rendered":"http:\/\/toolkit.capta.org\/programs\/family-engagement\/alcohol-and-drug-use-prevention\/"},"modified":"2013-12-13T16:38:27","modified_gmt":"2013-12-14T00:38:27","slug":"alcohol-and-drug-use-prevention","status":"publish","type":"page","link":"https:\/\/toolkit.capta.org\/es\/programs\/family-engagement\/alcohol-and-drug-use-prevention\/","title":{"rendered":"Prevenci\u00f3n del consumo de alcohol y drogas"},"content":{"rendered":"<p>Uno de los problemas m\u00e1s dif\u00edciles que enfrentan los adultos j\u00f3venes es la presi\u00f3n social para consumir drogas y alcohol. Las situaciones y las angustias que esto causa a las familias, son algunos de los problemas m\u00e1s dif\u00edciles que enfrenta la sociedad. Los padres deben estar a\u00fan m\u00e1s conscientes de los efectos devastadores del consumo de drogas y alcohol en la adolescencia.<\/p>\n<p>Las personas que sirven alcohol a menores pueden ser acusadas de un delito menor y est\u00e1n sujetas a multas, prisi\u00f3n o ambas.<\/p>\n<p>Las personas que sirven alcohol a menores o les permiten el consumo en sus casas, pueden exponerse a demandas civiles si las actividades del menor, despu\u00e9s de tomar, tienen como resultado da\u00f1os o lesiones a terceros.<\/p>\n<p>Es contra la ley que los menores de edad compren alcohol, se embriaguen en lugares p\u00fablicos o lleven bebidas alcoh\u00f3licas en un veh\u00edculo.<\/p>\n<p>M\u00e1s de la mitad de las lesiones mortales en conductores y pasajeros entre los 16 y los 19 a\u00f1os de edad suceden de noche y son el resultado de manejar bajo los efectos del alcohol, seg\u00fan el Instituto de Seguros para la Seguridad en Carreteras.<\/p>\n<p>Los accidentes relacionados con el alcohol son la primera causa de muerte de nuestros j\u00f3venes a nivel nacional.<\/p>\n<p>Recursos adicionales<\/p>\n<p>La PTA de California ofrece recursos para realizar la Semana del Lazo Rojo (secci\u00f3n 7.24) y ha expresado su posici\u00f3n con respecto al problema de las drogas y del alcohol (Nuestro punto de vista: pautas relacionadas con los temas, 4.6.5).<\/p>\n<p>Departamento de Programas contra el Alcohol y las Drogas de California, www.adp.cahwnet.gov.<\/p>\n<p>Healthy Kids de California, www.californiahealthykids.org.<\/p>\n","protected":false},"excerpt":{"rendered":"<p>Uno de los problemas m\u00e1s dif\u00edciles que enfrentan los adultos j\u00f3venes es la presi\u00f3n social para consumir drogas y alcohol. Las situaciones y las angustias que esto causa a las familias, son algunos de los problemas m\u00e1s dif\u00edciles que enfrenta la sociedad. Los padres deben estar a\u00fan m\u00e1s conscientes de los efectos devastadores del consumo [&hellip;]<\/p>\n","protected":false},"author":8,"featured_media":0,"parent":3994,"menu_order":0,"comment_status":"closed","ping_status":"closed","template":"","meta":{"footnotes":""},"class_list":["post-4226","page","type-page","status-publish","hentry","entry"],"_links":{"self":[{"href":"https:\/\/toolkit.capta.org\/es\/wp-json\/wp\/v2\/pages\/4226","targetHints":{"allow":["GET"]}}],"collection":[{"href":"https:\/\/toolkit.capta.org\/es\/wp-json\/wp\/v2\/pages"}],"about":[{"href":"https:\/\/toolkit.capta.org\/es\/wp-json\/wp\/v2\/types\/page"}],"author":[{"embeddable":true,"href":"https:\/\/toolkit.capta.org\/es\/wp-json\/wp\/v2\/users\/8"}],"replies":[{"embeddable":true,"href":"https:\/\/toolkit.capta.org\/es\/wp-json\/wp\/v2\/comments?post=4226"}],"version-history":[{"count":0,"href":"https:\/\/toolkit.capta.org\/es\/wp-json\/wp\/v2\/pages\/4226\/revisions"}],"up":[{"embeddable":true,"href":"https:\/\/toolkit.capta.org\/es\/wp-json\/wp\/v2\/pages\/3994"}],"wp:attachment":[{"href":"https:\/\/toolkit.capta.org\/es\/wp-json\/wp\/v2\/media?parent=4226"}],"curies":[{"name":"wp","href":"https:\/\/api.w.org\/{rel}","templated":true}]}}