{"id":4231,"date":"2013-04-04T20:12:29","date_gmt":"2013-04-04T20:12:29","guid":{"rendered":"http:\/\/toolkit.capta.org\/job-descriptions-2\/"},"modified":"2014-01-24T14:25:28","modified_gmt":"2014-01-24T22:25:28","slug":"job-descriptions","status":"publish","type":"page","link":"https:\/\/toolkit.capta.org\/es\/job-descriptions\/","title":{"rendered":"Descripci\u00f3n de Funci\u00f3nes"},"content":{"rendered":"<p>La Descripci\u00f3n de funciones para directivos y presidentes ha sido desarrollada por la PTA de California para el uso por la unidad, el consejo, y el distrito de la PTA. Estas pautas significan ayuda para los directivos y presidentes en sus deberes a trav\u00e9s del t\u00e9rmino de su cargo. La lista incluye las descripciones requeridas tal como el presidente, el secretario y el tesorero y varios otros.<\/p>\n<p>La descripci\u00f3n de funciones son distribuidas t\u00edpicamente a miembros de la junta directiva electa al principio de un t\u00e9rmino para planear prop\u00f3sitos y son utilizadas con los libros actualizados del procedimiento adelantados por los directivos y presidentes salientes. PTA les alenta a desarrollar descripciones de cargos y libros de procedimiento para otras cargos de la PTA para proporcionar la continuidad y las pr\u00e1cticas sanas de liderazgo.<\/p>\n<p>&nbsp;<\/p>\n","protected":false},"excerpt":{"rendered":"<p>La Descripci\u00f3n de funciones para directivos y presidentes ha sido desarrollada por la PTA de California para el uso por la unidad, el consejo, y el distrito de la PTA. Estas pautas significan ayuda para los directivos y presidentes en sus deberes a trav\u00e9s del t\u00e9rmino de su cargo. La lista incluye las descripciones requeridas [&hellip;]<\/p>\n","protected":false},"author":8,"featured_media":0,"parent":0,"menu_order":0,"comment_status":"closed","ping_status":"closed","template":"","meta":{"footnotes":""},"class_list":["post-4231","page","type-page","status-publish","hentry","entry"],"_links":{"self":[{"href":"https:\/\/toolkit.capta.org\/es\/wp-json\/wp\/v2\/pages\/4231","targetHints":{"allow":["GET"]}}],"collection":[{"href":"https:\/\/toolkit.capta.org\/es\/wp-json\/wp\/v2\/pages"}],"about":[{"href":"https:\/\/toolkit.capta.org\/es\/wp-json\/wp\/v2\/types\/page"}],"author":[{"embeddable":true,"href":"https:\/\/toolkit.capta.org\/es\/wp-json\/wp\/v2\/users\/8"}],"replies":[{"embeddable":true,"href":"https:\/\/toolkit.capta.org\/es\/wp-json\/wp\/v2\/comments?post=4231"}],"version-history":[{"count":0,"href":"https:\/\/toolkit.capta.org\/es\/wp-json\/wp\/v2\/pages\/4231\/revisions"}],"wp:attachment":[{"href":"https:\/\/toolkit.capta.org\/es\/wp-json\/wp\/v2\/media?parent=4231"}],"curies":[{"name":"wp","href":"https:\/\/api.w.org\/{rel}","templated":true}]}}