{"id":4382,"date":"2013-10-28T15:38:36","date_gmt":"2013-10-28T22:38:36","guid":{"rendered":"http:\/\/toolkit.capta.org\/advocacy\/local-advocacy\/"},"modified":"2015-02-02T11:42:59","modified_gmt":"2015-02-02T19:42:59","slug":"local-advocacy","status":"publish","type":"page","link":"https:\/\/toolkit.capta.org\/es\/advocacy\/local-advocacy\/","title":{"rendered":"Defensa activa local"},"content":{"rendered":"<p><strong>La PTA local en defensa de los ni\u00f1os y j\u00f3venes<\/strong><\/p>\n<p>Las leyes promulgadas por organismos locales, estatales y nacionales son la fuente primaria para la formulaci\u00f3n de la pol\u00edtica p\u00fablica, y uno de los prop\u00f3sitos de la organizaci\u00f3n es garantizar que haya leyes adecuadas para el cuidado y la protecci\u00f3n de ni\u00f1os y j\u00f3venes. Es por esto que la PTA mantiene un programa legislativo activo.<\/p>\n<p>Las PTA pueden y deben participar activamente en el proceso mediante el cual se toman las decisiones de la pol\u00edtica p\u00fablica. Cualquier PTA de unidad, consejo o distrito podr\u00e1 recomendar medidas sobre la Legislaci\u00f3n a la junta de Administradores de la PTA de California.<\/p>\n<p>Las PTA de unidad, consejo y distrito son responsables de actuar en relaci\u00f3n con asuntos locales, procedentes de los distritos escolares, ciudades, regiones o condados.<\/p>\n<p>Para obtener m\u00e1s informaci\u00f3n acerca de las responsabilidades del presidente legislativo, consulte la \u201c<a href=\"https:\/\/toolkit.capta.org\/es\/job-descriptions\/legislative-advocacy-chairman\/\">Descripci\u00f3n de funciones de legislaci\u00f3n<\/a>\u201d.<\/p>\n<div>\n<div class=\"spotlightbox\">\n<p><b>Abogar por algo:<\/b> propugnar o instar mediante argumentos; recomendar p\u00fablicamente.<\/p>\n<\/div>\n<\/div>\n<p><a href=\"https:\/\/toolkit.capta.org\/es\/advocacy\/local-advocacy\/study-the-issues\/\">Estudie los temas<\/a><br \/>\n<a href=\"https:\/\/toolkit.capta.org\/es\/advocacy\/local-advocacy\/state-and-federal-issues\/\">Asuntos estatales y federales<\/a><br \/>\n<a href=\"https:\/\/toolkit.capta.org\/es\/advocacy\/local-advocacy\/communicate-with-your-elected-officials\/\">Comun\u00edquese con los funcionarios gubernamentales electos<\/a><br \/>\n<a href=\"https:\/\/toolkit.capta.org\/es\/advocacy\/local-advocacy\/public-appearance\/\">Presentaciones p\u00fablicas<\/a><br \/>\n<a href=\"https:\/\/toolkit.capta.org\/es\/advocacy\/local-advocacy\/organize-a-rally\/\">Organice un mit\u00edn<\/a><\/p>\n","protected":false},"excerpt":{"rendered":"<p>La PTA local en defensa de los ni\u00f1os y j\u00f3venes Las leyes promulgadas por organismos locales, estatales y nacionales son la fuente primaria para la formulaci\u00f3n de la pol\u00edtica p\u00fablica, y uno de los prop\u00f3sitos de la organizaci\u00f3n es garantizar que haya leyes adecuadas para el cuidado y la protecci\u00f3n de ni\u00f1os y j\u00f3venes. Es [&hellip;]<\/p>\n","protected":false},"author":8,"featured_media":0,"parent":3065,"menu_order":0,"comment_status":"closed","ping_status":"closed","template":"","meta":{"footnotes":""},"class_list":["post-4382","page","type-page","status-publish","hentry","entry"],"_links":{"self":[{"href":"https:\/\/toolkit.capta.org\/es\/wp-json\/wp\/v2\/pages\/4382","targetHints":{"allow":["GET"]}}],"collection":[{"href":"https:\/\/toolkit.capta.org\/es\/wp-json\/wp\/v2\/pages"}],"about":[{"href":"https:\/\/toolkit.capta.org\/es\/wp-json\/wp\/v2\/types\/page"}],"author":[{"embeddable":true,"href":"https:\/\/toolkit.capta.org\/es\/wp-json\/wp\/v2\/users\/8"}],"replies":[{"embeddable":true,"href":"https:\/\/toolkit.capta.org\/es\/wp-json\/wp\/v2\/comments?post=4382"}],"version-history":[{"count":0,"href":"https:\/\/toolkit.capta.org\/es\/wp-json\/wp\/v2\/pages\/4382\/revisions"}],"up":[{"embeddable":true,"href":"https:\/\/toolkit.capta.org\/es\/wp-json\/wp\/v2\/pages\/3065"}],"wp:attachment":[{"href":"https:\/\/toolkit.capta.org\/es\/wp-json\/wp\/v2\/media?parent=4382"}],"curies":[{"name":"wp","href":"https:\/\/api.w.org\/{rel}","templated":true}]}}