{"id":4387,"date":"2013-11-13T10:02:14","date_gmt":"2013-11-13T18:02:14","guid":{"rendered":"http:\/\/toolkit.capta.org\/advocacy\/local-advocacy\/study-the-issues\/"},"modified":"2018-04-30T17:27:20","modified_gmt":"2018-05-01T00:27:20","slug":"study-the-issues","status":"publish","type":"page","link":"https:\/\/toolkit.capta.org\/es\/advocacy\/local-advocacy\/study-the-issues\/","title":{"rendered":"Estudie los temas"},"content":{"rendered":"<p>Investigue si PTA de California ya ha adoptado una postura en relaci\u00f3n con su inquietud o alg\u00fan otro asunto estrechamente relacionado. La plataforma legislativa, Resoluciones y Declaraciones de Postura de la PTA de California proveen la base para el activismo a todo nivel. Para obtener m\u00e1s informaci\u00f3n sobre las posturas de la PTA de California, lea:<\/p>\n<ul>\n<li><a href=\"https:\/\/toolkit.capta.org\/es\/advocacy\/legislative-program\/legislation-platform\/\">Plataforma legislativa<\/a> (plataforma, principios generales y normas legislativas)<\/li>\n<li><a href=\"https:\/\/toolkit.capta.org\/es\/advocacy\/resolutions\/\">Cu\u00e1l es nuestra postura: resoluciones<\/a><\/li>\n<li><a href=\"https:\/\/toolkit.capta.org\/es\/advocacy\/position-statements\/\">Cu\u00e1l es nuestra postura: declaraciones de postura<\/a><\/li>\n<\/ul>\n<p>Las PTA no pueden hablar en nombre de la PTA sin autorizaci\u00f3n previa de la PTA.<\/p>\n<p>Si hay una postura aprobada por la PTA sobre un tema, se podr\u00e1 usar esa postura como autoridad para hablar en nombre de la PTA.<\/p>\n<p>Si en los registros no existe una postura previa aprobada, el siguiente paso es llevar a cabo un estudio (<a href=\"https:\/\/toolkit.capta.org\/es\/programs\/advocacy-action-plans\/how-to-make-a-study\/\">C\u00f3mo llevar a cabo un estudio<\/a>). Su consejo o distrito de la PTA puede brindarle asistencia.<\/p>\n<p>Presente los resultados del estudio sus miembros. Estos pueden votar para aprobar las recomendaciones del estudio y remitirlas a PTA de California a trav\u00e9s de los canales usuales (de unidad a consejo [si pertenece a un consejo], de consejo a distrito). Los antecedentes y las recomendaciones ser\u00e1n revisados en cada nivel antes de someterlos a votaci\u00f3n para determinar si el estudio se remite al siguiente nivel. La unidad, el consejo y el distrito de la PTA deben mantenerse informados sobre cualquier medida que se haya adoptado.<\/p>\n<p>Cuando el estudio y las recomendaciones lleguen a la Junta de Gerentes de la PTA de California, ser\u00e1n remitidos a la comisi\u00f3n o comit\u00e9 responsable del tema en cuesti\u00f3n. Dicha comisi\u00f3n o comit\u00e9 puede escoger preparar una declaraci\u00f3n o resoluci\u00f3n sobre su postura para ser presentada ante la Junta de Gerentes de la PTA de California, la cual determinar\u00e1 las medidas finales. Toda gesti\u00f3n realizada por PTA de California ser\u00e1 comunicada a la unidad local consejo o distrito PTA.<\/p>\n<p>La Junta de Gerentes de la PTA de California puede decidir enviar el estudio a quien lo origin\u00f3 a fin de actuar respecto a \u00e9ste y las recomendaciones. Si se diera este caso, la unidad local, el consejo o distrito PTA puede decidir si prepara y env\u00eda una resoluci\u00f3n para que sea considerada por los delegados a la convenci\u00f3n anual, de acuerdo con el plazo y los procedimientos descriptos en el \u201c<a href=\"https:\/\/toolkit.capta.org\/es\/advocacy\/resolutions\/convention-resolutions-process\/\">Proceso de resoluciones<\/a>\u201d.<\/p>\n","protected":false},"excerpt":{"rendered":"<p>Investigue si PTA de California ya ha adoptado una postura en relaci\u00f3n con su inquietud o alg\u00fan otro asunto estrechamente relacionado. La plataforma legislativa, Resoluciones y Declaraciones de Postura de la PTA de California proveen la base para el activismo a todo nivel. Para obtener m\u00e1s informaci\u00f3n sobre las posturas de la PTA de California, [&hellip;]<\/p>\n","protected":false},"author":8,"featured_media":0,"parent":4382,"menu_order":0,"comment_status":"closed","ping_status":"closed","template":"","meta":{"footnotes":""},"class_list":["post-4387","page","type-page","status-publish","hentry","entry"],"_links":{"self":[{"href":"https:\/\/toolkit.capta.org\/es\/wp-json\/wp\/v2\/pages\/4387","targetHints":{"allow":["GET"]}}],"collection":[{"href":"https:\/\/toolkit.capta.org\/es\/wp-json\/wp\/v2\/pages"}],"about":[{"href":"https:\/\/toolkit.capta.org\/es\/wp-json\/wp\/v2\/types\/page"}],"author":[{"embeddable":true,"href":"https:\/\/toolkit.capta.org\/es\/wp-json\/wp\/v2\/users\/8"}],"replies":[{"embeddable":true,"href":"https:\/\/toolkit.capta.org\/es\/wp-json\/wp\/v2\/comments?post=4387"}],"version-history":[{"count":4,"href":"https:\/\/toolkit.capta.org\/es\/wp-json\/wp\/v2\/pages\/4387\/revisions"}],"predecessor-version":[{"id":9302,"href":"https:\/\/toolkit.capta.org\/es\/wp-json\/wp\/v2\/pages\/4387\/revisions\/9302"}],"up":[{"embeddable":true,"href":"https:\/\/toolkit.capta.org\/es\/wp-json\/wp\/v2\/pages\/4382"}],"wp:attachment":[{"href":"https:\/\/toolkit.capta.org\/es\/wp-json\/wp\/v2\/media?parent=4387"}],"curies":[{"name":"wp","href":"https:\/\/api.w.org\/{rel}","templated":true}]}}