{"id":4391,"date":"2013-11-13T10:02:50","date_gmt":"2013-11-13T18:02:50","guid":{"rendered":"http:\/\/toolkit.capta.org\/advocacy\/local-advocacy\/state-and-federal-issues\/"},"modified":"2017-10-30T16:13:35","modified_gmt":"2017-10-30T23:13:35","slug":"state-and-federal-issues","status":"publish","type":"page","link":"https:\/\/toolkit.capta.org\/es\/advocacy\/local-advocacy\/state-and-federal-issues\/","title":{"rendered":"Asuntos estatales y federales"},"content":{"rendered":"<p>Al considerar la promoci\u00f3n sobre una cuesti\u00f3n estatal o federal en el plano local, el primer paso es determinar si PTA de California o la PTA Nacional ha examinado la cuesti\u00f3n y si alguna tiene una postura. Si no, la se debe investigar el tema y conocer los pros y los contras. Conozca el n\u00famero del proyecto de ley, el t\u00edtulo y los patrocinadores o el n\u00famero y nombre de la medida en la boleta electoral. Recuerde personalizar el tema preparando argumentos que demuestren c\u00f3mo este proyecto de ley o medida en la boleta electoral afectar\u00e1 a su comunidad local.<\/p>\n<p>Ent\u00e9rese de los distintos grupos que apoyan y se oponen a la postura de la PTA en relaci\u00f3n con el tema. Sea una fuente de informaci\u00f3n y tenga disponible lo siguiente:<\/p>\n<ul>\n<li>Hojas informativas que incluyan los antecedentes del tema.<\/li>\n<li>Un resumen de la propuesta legislativa.<\/li>\n<li>Un an\u00e1lisis del proyecto de ley.<\/li>\n<li>Hechos y estad\u00edsticas que respaldan la posici\u00f3n de la PTA.<\/li>\n<li>Encuestas o sondeos de opini\u00f3n de los miembros de la PTA.<\/li>\n<\/ul>\n<p>Alguna de esta informaci\u00f3n puede estar disponible a trav\u00e9s de la oficina del legislador que patrocina la medida. En caso de una medida a nivel estatal en la cual PTA de California tenga una postura, PTA de California proveer\u00e1 un an\u00e1lisis de la medida, incluyendo los argumentos en pro y en contra y los recursos para m\u00e1s estudios. El equipo de legislaci\u00f3n de la PTA de California est\u00e1 disponible para consultar con los miembros sobre legislaci\u00f3n y\/o temas de boletas de votaci\u00f3n.<\/p>\n","protected":false},"excerpt":{"rendered":"<p>Al considerar la promoci\u00f3n sobre una cuesti\u00f3n estatal o federal en el plano local, el primer paso es determinar si PTA de California o la PTA Nacional ha examinado la cuesti\u00f3n y si alguna tiene una postura. Si no, la se debe investigar el tema y conocer los pros y los contras. Conozca el n\u00famero [&hellip;]<\/p>\n","protected":false},"author":8,"featured_media":0,"parent":4382,"menu_order":0,"comment_status":"closed","ping_status":"closed","template":"","meta":{"footnotes":""},"class_list":["post-4391","page","type-page","status-publish","hentry","entry"],"_links":{"self":[{"href":"https:\/\/toolkit.capta.org\/es\/wp-json\/wp\/v2\/pages\/4391","targetHints":{"allow":["GET"]}}],"collection":[{"href":"https:\/\/toolkit.capta.org\/es\/wp-json\/wp\/v2\/pages"}],"about":[{"href":"https:\/\/toolkit.capta.org\/es\/wp-json\/wp\/v2\/types\/page"}],"author":[{"embeddable":true,"href":"https:\/\/toolkit.capta.org\/es\/wp-json\/wp\/v2\/users\/8"}],"replies":[{"embeddable":true,"href":"https:\/\/toolkit.capta.org\/es\/wp-json\/wp\/v2\/comments?post=4391"}],"version-history":[{"count":1,"href":"https:\/\/toolkit.capta.org\/es\/wp-json\/wp\/v2\/pages\/4391\/revisions"}],"predecessor-version":[{"id":8994,"href":"https:\/\/toolkit.capta.org\/es\/wp-json\/wp\/v2\/pages\/4391\/revisions\/8994"}],"up":[{"embeddable":true,"href":"https:\/\/toolkit.capta.org\/es\/wp-json\/wp\/v2\/pages\/4382"}],"wp:attachment":[{"href":"https:\/\/toolkit.capta.org\/es\/wp-json\/wp\/v2\/media?parent=4391"}],"curies":[{"name":"wp","href":"https:\/\/api.w.org\/{rel}","templated":true}]}}