{"id":4405,"date":"2013-11-13T10:04:07","date_gmt":"2013-11-13T18:04:07","guid":{"rendered":"http:\/\/toolkit.capta.org\/advocacy\/local-advocacy\/public-appearance\/"},"modified":"2013-12-18T15:01:16","modified_gmt":"2013-12-18T23:01:16","slug":"public-appearance","status":"publish","type":"page","link":"https:\/\/toolkit.capta.org\/es\/advocacy\/local-advocacy\/public-appearance\/","title":{"rendered":"Presentaciones p\u00fablicas"},"content":{"rendered":"<p>Otra forma de llamar la atenci\u00f3n a los temas que interesan a la PTA de unidad local, consejo o distrito es programar presentaciones p\u00fablicas de representantes de la PTA, los foros adecuados pueden incluir reuniones regulares de la junta escolar, la c\u00e1mara de comercio, o clubs de servicio tales como los Rotarios o Kiwanis. Estos sitios ofrecen la oportunidad para que un representante autorizado de la PTA de unidad, consejo o distrito comparta la postura de la PTA sobre un asunto en particular que sea de inter\u00e9s para la comunidad.<\/p>\n","protected":false},"excerpt":{"rendered":"<p>Otra forma de llamar la atenci\u00f3n a los temas que interesan a la PTA de unidad local, consejo o distrito es programar presentaciones p\u00fablicas de representantes de la PTA, los foros adecuados pueden incluir reuniones regulares de la junta escolar, la c\u00e1mara de comercio, o clubs de servicio tales como los Rotarios o Kiwanis. Estos [&hellip;]<\/p>\n","protected":false},"author":8,"featured_media":0,"parent":4382,"menu_order":0,"comment_status":"closed","ping_status":"closed","template":"","meta":{"footnotes":""},"class_list":["post-4405","page","type-page","status-publish","hentry","entry"],"_links":{"self":[{"href":"https:\/\/toolkit.capta.org\/es\/wp-json\/wp\/v2\/pages\/4405","targetHints":{"allow":["GET"]}}],"collection":[{"href":"https:\/\/toolkit.capta.org\/es\/wp-json\/wp\/v2\/pages"}],"about":[{"href":"https:\/\/toolkit.capta.org\/es\/wp-json\/wp\/v2\/types\/page"}],"author":[{"embeddable":true,"href":"https:\/\/toolkit.capta.org\/es\/wp-json\/wp\/v2\/users\/8"}],"replies":[{"embeddable":true,"href":"https:\/\/toolkit.capta.org\/es\/wp-json\/wp\/v2\/comments?post=4405"}],"version-history":[{"count":0,"href":"https:\/\/toolkit.capta.org\/es\/wp-json\/wp\/v2\/pages\/4405\/revisions"}],"up":[{"embeddable":true,"href":"https:\/\/toolkit.capta.org\/es\/wp-json\/wp\/v2\/pages\/4382"}],"wp:attachment":[{"href":"https:\/\/toolkit.capta.org\/es\/wp-json\/wp\/v2\/media?parent=4405"}],"curies":[{"name":"wp","href":"https:\/\/api.w.org\/{rel}","templated":true}]}}