{"id":4408,"date":"2013-11-13T10:04:47","date_gmt":"2013-11-13T18:04:47","guid":{"rendered":"http:\/\/toolkit.capta.org\/advocacy\/local-advocacy\/organize-a-rally\/"},"modified":"2013-12-18T15:03:44","modified_gmt":"2013-12-18T23:03:44","slug":"organize-a-rally","status":"publish","type":"page","link":"https:\/\/toolkit.capta.org\/es\/advocacy\/local-advocacy\/organize-a-rally\/","title":{"rendered":"Organice un mit\u00edn"},"content":{"rendered":"<p>Para crear conciencia e involucrar a sus miembros en una cuesti\u00f3n en particular, tal vez desee organizar un mit\u00edn local. Invite a funcionarios electos y otros expertos para hablar, as\u00ed como a la prensa. Para obtener m\u00e1s informaci\u00f3n sobre la celebraci\u00f3n de un mitin, v\u00e9ase la Figura 4-2.<\/p>\n","protected":false},"excerpt":{"rendered":"<p>Para crear conciencia e involucrar a sus miembros en una cuesti\u00f3n en particular, tal vez desee organizar un mit\u00edn local. Invite a funcionarios electos y otros expertos para hablar, as\u00ed como a la prensa. Para obtener m\u00e1s informaci\u00f3n sobre la celebraci\u00f3n de un mitin, v\u00e9ase la Figura 4-2.<\/p>\n","protected":false},"author":8,"featured_media":0,"parent":4382,"menu_order":0,"comment_status":"closed","ping_status":"closed","template":"","meta":{"footnotes":""},"class_list":["post-4408","page","type-page","status-publish","hentry","entry"],"_links":{"self":[{"href":"https:\/\/toolkit.capta.org\/es\/wp-json\/wp\/v2\/pages\/4408","targetHints":{"allow":["GET"]}}],"collection":[{"href":"https:\/\/toolkit.capta.org\/es\/wp-json\/wp\/v2\/pages"}],"about":[{"href":"https:\/\/toolkit.capta.org\/es\/wp-json\/wp\/v2\/types\/page"}],"author":[{"embeddable":true,"href":"https:\/\/toolkit.capta.org\/es\/wp-json\/wp\/v2\/users\/8"}],"replies":[{"embeddable":true,"href":"https:\/\/toolkit.capta.org\/es\/wp-json\/wp\/v2\/comments?post=4408"}],"version-history":[{"count":0,"href":"https:\/\/toolkit.capta.org\/es\/wp-json\/wp\/v2\/pages\/4408\/revisions"}],"up":[{"embeddable":true,"href":"https:\/\/toolkit.capta.org\/es\/wp-json\/wp\/v2\/pages\/4382"}],"wp:attachment":[{"href":"https:\/\/toolkit.capta.org\/es\/wp-json\/wp\/v2\/media?parent=4408"}],"curies":[{"name":"wp","href":"https:\/\/api.w.org\/{rel}","templated":true}]}}