{"id":4411,"date":"2013-10-28T15:36:26","date_gmt":"2013-10-28T22:36:26","guid":{"rendered":"http:\/\/toolkit.capta.org\/advocacy\/legislative-program\/"},"modified":"2017-10-30T16:16:16","modified_gmt":"2017-10-30T23:16:16","slug":"legislative-program","status":"publish","type":"page","link":"https:\/\/toolkit.capta.org\/es\/advocacy\/legislative-program\/","title":{"rendered":"Programa legislativo"},"content":{"rendered":"<p>Las acciones de PTA de California sobre legislaci\u00f3n se dirigen principalmente a nivel de gobierno estatal y las medidas que aparecen en las boletas de elecci\u00f3n estatal. La junta de administradores de la PTA de California es responsable de las acciones relacionadas con legislaci\u00f3n estatal y medidas en la boleta electoral del estado.<\/p>\n<p>PTA de California tambi\u00e9n trabaja con la PTA Nacional en la implementaci\u00f3n del programa de defensa de la PTA a nivel federal.<\/p>\n<p><b>Programa legislativo de la PTA de California<\/b><strong><br \/>\n<\/strong><a href=\"https:\/\/toolkit.capta.org\/es\/advocacy\/legislative-program\/pta-legislation-team\/\">Equipo legislativo de la PTA<\/a><br \/>\n<a href=\"https:\/\/toolkit.capta.org\/es\/advocacy\/legislative-program\/legislation-program\/\">Programa de legislaci\u00f3n<\/a><br \/>\n<a href=\"https:\/\/toolkit.capta.org\/es\/advocacy\/legislative-program\/california-state-pta-legislative-bill-positions\/\">Posturas de PTA de California en relaci\u00f3n con proyectos de ley<\/a><br \/>\n<a href=\"https:\/\/toolkit.capta.org\/es\/advocacy\/legislative-program\/legislation-platform\/\">Plataforma de legislaci\u00f3n<\/a><br \/>\n<a href=\"https:\/\/toolkit.capta.org\/es\/advocacy\/legislative-program\/california-state-pta-legislative-policies-and-procedures\/\">Procedimientos y normas de legislaci\u00f3n de la PTA de California <\/a><\/p>\n","protected":false},"excerpt":{"rendered":"<p>Las acciones de PTA de California sobre legislaci\u00f3n se dirigen principalmente a nivel de gobierno estatal y las medidas que aparecen en las boletas de elecci\u00f3n estatal. La junta de administradores de la PTA de California es responsable de las acciones relacionadas con legislaci\u00f3n estatal y medidas en la boleta electoral del estado. PTA de [&hellip;]<\/p>\n","protected":false},"author":8,"featured_media":0,"parent":3065,"menu_order":0,"comment_status":"closed","ping_status":"closed","template":"","meta":{"footnotes":""},"class_list":["post-4411","page","type-page","status-publish","hentry","entry"],"_links":{"self":[{"href":"https:\/\/toolkit.capta.org\/es\/wp-json\/wp\/v2\/pages\/4411","targetHints":{"allow":["GET"]}}],"collection":[{"href":"https:\/\/toolkit.capta.org\/es\/wp-json\/wp\/v2\/pages"}],"about":[{"href":"https:\/\/toolkit.capta.org\/es\/wp-json\/wp\/v2\/types\/page"}],"author":[{"embeddable":true,"href":"https:\/\/toolkit.capta.org\/es\/wp-json\/wp\/v2\/users\/8"}],"replies":[{"embeddable":true,"href":"https:\/\/toolkit.capta.org\/es\/wp-json\/wp\/v2\/comments?post=4411"}],"version-history":[{"count":3,"href":"https:\/\/toolkit.capta.org\/es\/wp-json\/wp\/v2\/pages\/4411\/revisions"}],"predecessor-version":[{"id":8996,"href":"https:\/\/toolkit.capta.org\/es\/wp-json\/wp\/v2\/pages\/4411\/revisions\/8996"}],"up":[{"embeddable":true,"href":"https:\/\/toolkit.capta.org\/es\/wp-json\/wp\/v2\/pages\/3065"}],"wp:attachment":[{"href":"https:\/\/toolkit.capta.org\/es\/wp-json\/wp\/v2\/media?parent=4411"}],"curies":[{"name":"wp","href":"https:\/\/api.w.org\/{rel}","templated":true}]}}