{"id":4416,"date":"2013-11-13T10:07:53","date_gmt":"2013-11-13T18:07:53","guid":{"rendered":"http:\/\/toolkit.capta.org\/advocacy\/legislative-program\/pta-legislation-team\/"},"modified":"2017-10-30T16:20:22","modified_gmt":"2017-10-30T23:20:22","slug":"pta-legislation-team","status":"publish","type":"page","link":"https:\/\/toolkit.capta.org\/es\/advocacy\/legislative-program\/pta-legislation-team\/","title":{"rendered":"Equipo legislativo de la PTA"},"content":{"rendered":"<p>El Equipo Legislativo incluye al director legislativo y a los defensores legislativos, quienes se especializan en temas espec\u00edficos referentes a la educaci\u00f3n, la participaci\u00f3n de los padres, presupuesto, los asuntos comunitarios, y la salud en tanto estos afectan a los ni\u00f1os y j\u00f3venes, as\u00ed como un defensor a nivel federal. Todos los miembros del equipo legislativo son voluntarios de la PTA que trabajan en la Junta de Gerentes de la PTA de California.<\/p>\n<p>El director legislativo se encarga del programa de legislaci\u00f3n de la PTA de California y trabaja en los proyectos de ley que no se ajustan a ninguna de las categor\u00edas de los temas especializados. Esto incluye asuntos como impuestos y reforma presupuestal.<\/p>\n<p>Los defensores trabajan directamente con los legisladores estatales y su personal, con los miembros de las organizaciones aliadas y con otras partes interesadas en los proyectos de ley que ser\u00e1n defendidos por la PTA.<\/p>\n<p>Las comisiones tienen la responsabilidad de preparar informaci\u00f3n sobre antecedentes y autoridad de los proyectos de ley relacionados con su \u00e1rea de especializaci\u00f3n y de recomendar las gestiones pertinentes. Los defensores seleccionan proyectos de ley que se env\u00edan a los miembros del comit\u00e9 de Acci\u00f3n Legislativa para un estudio detallado.<\/p>\n<p>El comit\u00e9 de gesti\u00f3n legislativa sesiona varias veces al a\u00f1o durante el per\u00edodo legislativo para analizar los proyectos de ley y las recomendaciones de las comisiones encargadas de cada tema especializado y para determinar la postura que se adoptar\u00e1 con respecto a cada uno de los proyectos de ley seleccionados. Despu\u00e9s de la sesi\u00f3n del comit\u00e9, un Informe de Gestiones Legislativas acerca de los proyectos de ley y las posturas adoptadas es preparado y distribuido. El estado actual de la legislaci\u00f3n sobre la que la PTA ha adoptado posturas puede verse en la secci\u00f3n de promoci\u00f3n de la p\u00e1gina web de PTA de California (legislaci\u00f3n vigente).<\/p>\n<p>Una vez que se ha adoptado una postura, el Comit\u00e9 Legislativo es responsable de todas las gestiones legislativas resultantes, tales como difundir informaci\u00f3n sobre la postura de la PTA a los legisladores y comunicar a las asociaciones constituyentes de PTA de California sobre las gestiones de la PTA en asuntos relacionados con la legislaci\u00f3n.<\/p>\n","protected":false},"excerpt":{"rendered":"<p>El Equipo Legislativo incluye al director legislativo y a los defensores legislativos, quienes se especializan en temas espec\u00edficos referentes a la educaci\u00f3n, la participaci\u00f3n de los padres, presupuesto, los asuntos comunitarios, y la salud en tanto estos afectan a los ni\u00f1os y j\u00f3venes, as\u00ed como un defensor a nivel federal. Todos los miembros del equipo [&hellip;]<\/p>\n","protected":false},"author":8,"featured_media":0,"parent":4411,"menu_order":0,"comment_status":"closed","ping_status":"closed","template":"","meta":{"footnotes":""},"class_list":["post-4416","page","type-page","status-publish","hentry","entry"],"_links":{"self":[{"href":"https:\/\/toolkit.capta.org\/es\/wp-json\/wp\/v2\/pages\/4416","targetHints":{"allow":["GET"]}}],"collection":[{"href":"https:\/\/toolkit.capta.org\/es\/wp-json\/wp\/v2\/pages"}],"about":[{"href":"https:\/\/toolkit.capta.org\/es\/wp-json\/wp\/v2\/types\/page"}],"author":[{"embeddable":true,"href":"https:\/\/toolkit.capta.org\/es\/wp-json\/wp\/v2\/users\/8"}],"replies":[{"embeddable":true,"href":"https:\/\/toolkit.capta.org\/es\/wp-json\/wp\/v2\/comments?post=4416"}],"version-history":[{"count":2,"href":"https:\/\/toolkit.capta.org\/es\/wp-json\/wp\/v2\/pages\/4416\/revisions"}],"predecessor-version":[{"id":8997,"href":"https:\/\/toolkit.capta.org\/es\/wp-json\/wp\/v2\/pages\/4416\/revisions\/8997"}],"up":[{"embeddable":true,"href":"https:\/\/toolkit.capta.org\/es\/wp-json\/wp\/v2\/pages\/4411"}],"wp:attachment":[{"href":"https:\/\/toolkit.capta.org\/es\/wp-json\/wp\/v2\/media?parent=4416"}],"curies":[{"name":"wp","href":"https:\/\/api.w.org\/{rel}","templated":true}]}}