{"id":4419,"date":"2013-11-13T10:08:48","date_gmt":"2013-11-13T18:08:48","guid":{"rendered":"http:\/\/toolkit.capta.org\/advocacy\/legislative-program\/legislation-program\/"},"modified":"2017-10-30T16:25:53","modified_gmt":"2017-10-30T23:25:53","slug":"legislation-program","status":"publish","type":"page","link":"https:\/\/toolkit.capta.org\/es\/advocacy\/legislative-program\/legislation-program\/","title":{"rendered":"Programa de legislaci\u00f3n"},"content":{"rendered":"<p>Mediante los reglamentos de la asociaci\u00f3n y las gestiones de los delegados ante las convenciones de PTA de California, los miembros de la PTA dirigen las gestiones legislativas de la asociaci\u00f3n. La Junta de Directores de la PTA de California tiene la responsabilidad de dirigir los asuntos de la organizaci\u00f3n, entre los cuales se incluyen todas las gestiones referentes a la legislaci\u00f3n estatal y a las propuestas sujetas a votaci\u00f3n. Actividades espec\u00edficas incluyen:<\/p>\n<ul>\n<li>Analizar la legislaci\u00f3n que est\u00e1 bajo estudio en la Legislatura de California y las medidas sujetas a votaci\u00f3n estatal.<\/li>\n<li>Adoptar posturas de PTA en proyectos espec\u00edficos y medidas de votaci\u00f3n tal como lo indican las declaraciones de plataforma legislativa, las pol\u00edticas, resoluciones y posturas de la PTA.<\/li>\n<li>Abogar por la aprobaci\u00f3n o impugnaci\u00f3n de ciertas medidas.<\/li>\n<li>Trabajar en cooperaci\u00f3n con organizaciones aliadas o partes interesadas en los asuntos de la ni\u00f1ez cuando sea adecuado.<\/li>\n<li>Informar a los miembros sobre la postura de la PTA en relaci\u00f3n con la legislaci\u00f3n actual y con las propuestas sujetas a votaci\u00f3n estatal y estimular las gestiones locales cuando sea necesario.<\/li>\n<li>La PTA sigue las reglas del Servicio de Recaudaci\u00f3n de Impuestos (IRS) y la Comisi\u00f3n de Pr\u00e1cticas Pol\u00edticas Justas de California sobre la promoci\u00f3n.<\/li>\n<\/ul>\n<p><strong>Gestiones de legislaci\u00f3n<\/strong><\/p>\n<p>Las gestiones de legislaci\u00f3n forman parte integral del trabajo de la PTA. Las gestiones de PTA de California en relaci\u00f3n con la legislaci\u00f3n y las propuestas sujetas a votaci\u00f3n est\u00e1n basadas en la plataforma legislativa, las declaraciones sobre la postura de PTA de California y las resoluciones tomadas en la convenci\u00f3n de la PTA de California y de la PTA Nacional. La PTA Nacional y la PTA de California, como defensoras de los ni\u00f1os y los j\u00f3venes, llevan a cabo un programa legislativo activo y eficaz.<\/p>\n<p><strong>\u00a0Autoridad para las gestiones legislaci\u00f3n de la PTA<\/strong><\/p>\n<p>La plataforma de legislaci\u00f3n de PTA de California establece el marco de trabajo espec\u00edfico para las gestiones legislativas de la PTA. La plataforma, la cual es aprobada cada dos a\u00f1os (en los a\u00f1os pares) por los delegados ante la convenci\u00f3n de PTA de California, establece la autoridad y direcci\u00f3n para decidir cu\u00e1les medidas deben ser elegidas por la PTA para su implementaci\u00f3n en la gesti\u00f3n legislativa y define los campos de inter\u00e9s y el \u00e1mbito de la legislaci\u00f3n pertinente para gestiones de la PTA.<\/p>\n<p>Las <strong>normas legislativas<\/strong> de PTA de California, aprobadas cada dos a\u00f1os (en los a\u00f1os impares) por los delegados ante la convenci\u00f3n de PTA de California, establecen las pautas sobre la forma en que PTA de California, sus distritos, consejos y unidades, pueden realizar gestiones legislativas. Los procedimientos son aprobados por la Junta de Directores de la PTA de California.<\/p>\n<p>La plataforma y normas legislativas de la PTA de California ordenan que la legislaci\u00f3n y las propuestas sujetas a votaci\u00f3n que la asociaci\u00f3n decida gestionar deben:<\/p>\n<ul>\n<li>afectar a la educaci\u00f3n, la salud y el bienestar de los ni\u00f1os y los j\u00f3venes de California;<\/li>\n<li>tener relevancia estatal; y<\/li>\n<li>coincidir con los prop\u00f3sitos de la asociaci\u00f3n de la PTA y el marco de trabajo de la plataforma legislativa, y ser consistentes con las posturas de la PTA que se tienen en registro.<\/li>\n<li>Entre las fuentes de autoridad y direcci\u00f3n acerca de las posturas espec\u00edficas de la PTA con respecto a proyectos de ley y propuestas sujetas a votaci\u00f3n estatal se encuentran:<\/li>\n<li>Resoluciones de la convenci\u00f3n adoptadas por los delegados de la PTA de California.<\/li>\n<li>Los principios y las normas de la plataforma legislativa.<\/li>\n<li>Las declaraciones y resoluciones sobre la postura de la PTA aprobada por la Junta de Directores de la PTA de California.<\/li>\n<li>Las resoluciones tomadas en la convenci\u00f3n de la PTA Nacional.<\/li>\n<li>Las declaraciones de postura y directrices legislativas de la Junta de Directores de la PTA Nacional.<\/li>\n<li>Gestiones previas de la PTA relacionadas con el tema.<\/li>\n<li>Prop\u00f3sitos de la PTA.<\/li>\n<\/ul>\n","protected":false},"excerpt":{"rendered":"<p>Mediante los reglamentos de la asociaci\u00f3n y las gestiones de los delegados ante las convenciones de PTA de California, los miembros de la PTA dirigen las gestiones legislativas de la asociaci\u00f3n. La Junta de Directores de la PTA de California tiene la responsabilidad de dirigir los asuntos de la organizaci\u00f3n, entre los cuales se incluyen [&hellip;]<\/p>\n","protected":false},"author":8,"featured_media":0,"parent":4411,"menu_order":0,"comment_status":"closed","ping_status":"closed","template":"","meta":{"footnotes":""},"class_list":["post-4419","page","type-page","status-publish","hentry","entry"],"_links":{"self":[{"href":"https:\/\/toolkit.capta.org\/es\/wp-json\/wp\/v2\/pages\/4419","targetHints":{"allow":["GET"]}}],"collection":[{"href":"https:\/\/toolkit.capta.org\/es\/wp-json\/wp\/v2\/pages"}],"about":[{"href":"https:\/\/toolkit.capta.org\/es\/wp-json\/wp\/v2\/types\/page"}],"author":[{"embeddable":true,"href":"https:\/\/toolkit.capta.org\/es\/wp-json\/wp\/v2\/users\/8"}],"replies":[{"embeddable":true,"href":"https:\/\/toolkit.capta.org\/es\/wp-json\/wp\/v2\/comments?post=4419"}],"version-history":[{"count":3,"href":"https:\/\/toolkit.capta.org\/es\/wp-json\/wp\/v2\/pages\/4419\/revisions"}],"predecessor-version":[{"id":8998,"href":"https:\/\/toolkit.capta.org\/es\/wp-json\/wp\/v2\/pages\/4419\/revisions\/8998"}],"up":[{"embeddable":true,"href":"https:\/\/toolkit.capta.org\/es\/wp-json\/wp\/v2\/pages\/4411"}],"wp:attachment":[{"href":"https:\/\/toolkit.capta.org\/es\/wp-json\/wp\/v2\/media?parent=4419"}],"curies":[{"name":"wp","href":"https:\/\/api.w.org\/{rel}","templated":true}]}}