{"id":4423,"date":"2013-11-13T10:09:27","date_gmt":"2013-11-13T18:09:27","guid":{"rendered":"http:\/\/toolkit.capta.org\/advocacy\/legislative-program\/california-state-pta-legislative-bill-positions\/"},"modified":"2013-12-18T15:41:26","modified_gmt":"2013-12-18T23:41:26","slug":"california-state-pta-legislative-bill-positions","status":"publish","type":"page","link":"https:\/\/toolkit.capta.org\/es\/advocacy\/legislative-program\/california-state-pta-legislative-bill-positions\/","title":{"rendered":"Posturas de la PTA de California en relaci\u00f3n con proyectos de ley"},"content":{"rendered":"<p>Con respecto a los proyectos de ley que tienen un impacto significativo en los ni\u00f1os y j\u00f3venes, y que coinciden con el marco de trabajo de la plataforma legislativa, las prioridades y las posturas actuales de la PTA, la PTA de California puede adoptar una de las siguientes posturas:<\/p>\n<p><strong>Apoyo:<\/strong> La legislaci\u00f3n se considera de gran importancia y beneficio para el bienestar de los ni\u00f1os y j\u00f3venes. Se trabajar\u00e1 activamente para lograr la aprobaci\u00f3n de estos proyectos de ley.<\/p>\n<p><strong>Oposici\u00f3n:<\/strong> La legislaci\u00f3n se considera muy da\u00f1ina para el bienestar de los ni\u00f1os y j\u00f3venes. Se trabajar\u00e1 activamente para lograr la impugnaci\u00f3n de estos proyectos de ley.<\/p>\n<p><strong>Oposici\u00f3n a menos que haya enmienda:<\/strong> La legislaci\u00f3n contiene algunas disposiciones que entran en conflicto con posturas establecidas de la PTA. El defensor legislativo de la PTA de California trabajar\u00e1 con el autor del proyecto de ley para enmendarlo. Si el proyecto es enmendado de forma que ya no sea inaceptable, la PTA cambiar\u00e1 su postura.<\/p>\n<p><strong>Apoyo si hay enmienda:<\/strong> La legislaci\u00f3n recibir\u00eda el apoyo de la PTA, pero contiene una o varias partes que la PTA desear\u00eda que fuesen cambiadas. Si el proyecto de ley es enmendado tomando en cuenta las inquietudes o recomendaciones de la PTA, la PTA de California trabajar\u00e1 para que sea aprobado.<\/p>\n<p><strong>Petici\u00f3n de enmienda:<\/strong> Legislaci\u00f3n que aborde una cuesti\u00f3n importante de la PTA, pero que requiera enmiendas para recibir apoyo o eliminaci\u00f3n de la oposici\u00f3n de la PTA. El promotor legislativo trabajar\u00e1 con el autor y con las organizaciones aliadas para asegurar los cambios apropiados.<\/p>\n<p><strong>Aprobaci\u00f3n:<\/strong> La legislaci\u00f3n podr\u00eda ser apoyada por la PTA, pero su aprobaci\u00f3n no se est\u00e1 apoyando activamente porque el proyecto de ley no es una prioridad actual dentro de las gestiones de la PTA o porque no necesita el apoyo activo de la PTA de California.<\/p>\n<p><strong>Vigilancia:<\/strong> Legislaci\u00f3n que podr\u00eda ser importante, pero el proyecto de ley no est\u00e1 completo o el autor tiene la intenci\u00f3n de trabajar sobre el proyecto de ley a trav\u00e9s de enmiendas. La PTA elige supervisar el progreso del proyecto de ley. Las futuras enmiendas a estos proyectos de ley podr\u00edan tener como resultado que la PTA adopte una postura activa.<\/p>\n<p>Si el proyecto de ley es enmendado de manera que el contenido cambia significativamente, se vuelve a examinar para determinar si el contenido todav\u00eda tiene relevancia para la gesti\u00f3n legislativa de la PTA, y si se justifica un cambio de postura. Si el contenido ya no coincide con el \u00e1mbito de acci\u00f3n legislativa de la PTA, la postura de la PTA es abandonada.<\/p>\n<p><strong>Posturas con respecto a las iniciativas y propuestas estatales<\/strong><\/p>\n<p><strong>Apoyo:<\/strong> La iniciativa es considera de gran importancia y beneficiosa para el bienestar de los ni\u00f1os y j\u00f3venes. Se trabajar\u00e1 activamente para lograr la aprobaci\u00f3n de la misma.<\/p>\n<p><strong>Oposici\u00f3n:<\/strong> La iniciativa se considera muy da\u00f1ina para el bienestar de los ni\u00f1os y j\u00f3venes y entra en conflicto con los prop\u00f3sitos de la PTA. Se trabajar\u00e1 activamente para lograr la impugnaci\u00f3n de la iniciativa.<\/p>\n<p><strong>Neutral:<\/strong> la iniciativa puede tener relevancia para el bienestar de los ni\u00f1os y j\u00f3venes pero despu\u00e9s de un cuidadoso an\u00e1lisis, la PTA de California ha escogido no apoyar ni oponerse a esta iniciativa particular debido a la falta de una autoridad espec\u00edfica existente o autoridades en conflicto. No apoya ni se opone a su aprobaci\u00f3n.<\/p>\n","protected":false},"excerpt":{"rendered":"<p>Con respecto a los proyectos de ley que tienen un impacto significativo en los ni\u00f1os y j\u00f3venes, y que coinciden con el marco de trabajo de la plataforma legislativa, las prioridades y las posturas actuales de la PTA, la PTA de California puede adoptar una de las siguientes posturas: Apoyo: La legislaci\u00f3n se considera de [&hellip;]<\/p>\n","protected":false},"author":8,"featured_media":0,"parent":4411,"menu_order":0,"comment_status":"closed","ping_status":"closed","template":"","meta":{"footnotes":""},"class_list":["post-4423","page","type-page","status-publish","hentry","entry"],"_links":{"self":[{"href":"https:\/\/toolkit.capta.org\/es\/wp-json\/wp\/v2\/pages\/4423","targetHints":{"allow":["GET"]}}],"collection":[{"href":"https:\/\/toolkit.capta.org\/es\/wp-json\/wp\/v2\/pages"}],"about":[{"href":"https:\/\/toolkit.capta.org\/es\/wp-json\/wp\/v2\/types\/page"}],"author":[{"embeddable":true,"href":"https:\/\/toolkit.capta.org\/es\/wp-json\/wp\/v2\/users\/8"}],"replies":[{"embeddable":true,"href":"https:\/\/toolkit.capta.org\/es\/wp-json\/wp\/v2\/comments?post=4423"}],"version-history":[{"count":0,"href":"https:\/\/toolkit.capta.org\/es\/wp-json\/wp\/v2\/pages\/4423\/revisions"}],"up":[{"embeddable":true,"href":"https:\/\/toolkit.capta.org\/es\/wp-json\/wp\/v2\/pages\/4411"}],"wp:attachment":[{"href":"https:\/\/toolkit.capta.org\/es\/wp-json\/wp\/v2\/media?parent=4423"}],"curies":[{"name":"wp","href":"https:\/\/api.w.org\/{rel}","templated":true}]}}