{"id":4427,"date":"2013-11-13T10:10:01","date_gmt":"2013-11-13T18:10:01","guid":{"rendered":"http:\/\/toolkit.capta.org\/advocacy\/legislative-program\/legislation-platform\/"},"modified":"2025-09-09T11:44:47","modified_gmt":"2025-09-09T18:44:47","slug":"legislation-platform","status":"publish","type":"page","link":"https:\/\/toolkit.capta.org\/es\/advocacy\/legislative-program\/legislation-platform\/","title":{"rendered":"Plataforma de legislaci\u00f3n"},"content":{"rendered":"<p align=\"center\">Presentada para ser adoptada en los a\u00f1os pares por los delegados ante la convenci\u00f3n<br \/>\n<em>Adoptada en mayo de 2024<\/em><\/p>\n<p><strong>Pre\u00e1mbulo<\/strong><\/p>\n<p>La plataforma legislativa del Congreso de Padres, Maestros y Estudiantes de California, Inc. refleja las prioridades que gu\u00edan nuestros esfuerzos para asegurar leyes adecuadas para el cuidado y protecci\u00f3n de los ni\u00f1os, j\u00f3venes y\u00a0 las familias.<\/p>\n<p><strong>Principios generales para la consideraci\u00f3n de la legislaci\u00f3n propuesta<\/strong><\/p>\n<ol>\n<li>Equidad en todos los aspectos de la vida para todos los ni\u00f1os y j\u00f3venes, reconociendo al mismo tiempo que cada ni\u00f1o es \u00fanico en sus necesidades y talentos individuales.<\/li>\n<li>Criterios elevados para aquellos que trabajan en todas las \u00e1reas relacionadas con la ni\u00f1ez y la juventud.<\/li>\n<li>Sistemas y pr\u00e1cticas de gobernanza efectivos que est\u00e1n basados en la justicia social para atender eficazmente las necesidades de los ni\u00f1os, j\u00f3venes y las familias.<\/li>\n<li>Coordinaci\u00f3n y planificaci\u00f3n por parte de todas las dependencias, con una definici\u00f3n clara de la responsabilidad en cada nivel del gobierno.<\/li>\n<li>Establecimiento y adhesi\u00f3n a la responsabilidad fiscal del gobierno, cercior\u00e1ndose de que la tributaci\u00f3n sea justa, pero manteniendo en el nivel m\u00e1s alto las prioridades relacionadas con las necesidades de todos los ni\u00f1os y j\u00f3venes.<\/li>\n<li>Adhesi\u00f3n a las m\u00e1s estrictas pr\u00e1cticas \u00e9ticas en las campa\u00f1as pol\u00edticas y en todos los niveles del gobierno.<\/li>\n<li>Estructuras tributarias s\u00f3lidas y de base amplia a nivel local y estatal.<\/li>\n<li>Presupuesto y apoyo financiero para proporcionar los servicios p\u00fablicos necesarios a todos los ni\u00f1os y j\u00f3venes, con la garant\u00eda constitucional permanente de apoyo financiero a las escuelas p\u00fablicas, siendo estas las primeras en adjudicarse los ingresos estatales obtenidos en el fondo general.<\/li>\n<li>Control local cuando en beneficios de todos los ni\u00f1os y j\u00f3venes.<\/li>\n<li>Igualdad de justicia para todos.<\/li>\n<\/ol>\n<p><strong>Normas de legislaci\u00f3n<\/strong><\/p>\n<p>La PTA del California apoyar\u00e1 la legislaci\u00f3n que:<\/p>\n<ol>\n<li><span class=\"a_GcMg font-feature-liga-off font-feature-clig-off font-feature-calt-off text-decoration-none text-strikethrough-none\">Proporciona<\/span><span class=\"a_GcMg font-feature-liga-off font-feature-clig-off font-feature-calt-off text-decoration-none text-strikethrough-none\"> la educaci\u00f3n m\u00e1s completa y diversificada posible para todos los ni\u00f1os, j\u00f3venes<\/span><span class=\"a_GcMg font-feature-liga-off font-feature-clig-off font-feature-calt-off text-decoration-none text-strikethrough-none\">,<\/span><span class=\"a_GcMg font-feature-liga-off font-feature-clig-off font-feature-calt-off text-decoration-none text-strikethrough-none\"> y adultos: una educaci\u00f3n que alcance calidad y excelencia<\/span><span class=\"a_GcMg font-feature-liga-off font-feature-clig-off font-feature-calt-off text-decoration-none text-strikethrough-none\">,<\/span><span class=\"a_GcMg font-feature-liga-off font-feature-clig-off font-feature-calt-off text-decoration-none text-strikethrough-none\"> fomentar el m\u00e1ximo desarrollo individual y proporcionar oportunidades educativas iguales para cada estudiante, con un enfoque particular en eliminar la brecha de rendimiento acad\u00e9mico.<\/span><\/li>\n<li><span class=\"a_GcMg font-feature-liga-off font-feature-clig-off font-feature-calt-off text-decoration-none text-strikethrough-none\">Aboga <\/span><span class=\"a_GcMg font-feature-liga-off font-feature-clig-off font-feature-calt-off text-decoration-none text-strikethrough-none\">por un plan de estudios completo y culturalmente receptivo para cumplir con las diversas necesidades de nuestra poblaci\u00f3n estudiantil.<\/span><\/li>\n<li><span class=\"a_GcMg font-feature-liga-off font-feature-clig-off font-feature-calt-off text-decoration-none text-strikethrough-none\">Eleva<\/span><span class=\"a_GcMg font-feature-liga-off font-feature-clig-off font-feature-calt-off text-decoration-none text-strikethrough-none\"> la voz de los estudiantes para crear una comunidad inclusiva, positiva y un clima escolar de apoyo.<\/span><\/li>\n<li><span class=\"a_GcMg font-feature-liga-off font-feature-clig-off font-feature-calt-off text-decoration-none text-strikethrough-none\">Garantiza<\/span><span class=\"a_GcMg font-feature-liga-off font-feature-clig-off font-feature-calt-off text-decoration-none text-strikethrough-none\"> el acceso a una banda ancha asequible, confiable, adecuada y servicio de internet para ni\u00f1os, j\u00f3venes y familias.<\/span><\/li>\n<li><span class=\"a_GcMg font-feature-liga-off font-feature-clig-off font-feature-calt-off text-decoration-none text-strikethrough-none\">Asegura <\/span><span class=\"a_GcMg font-feature-liga-off font-feature-clig-off font-feature-calt-off text-decoration-none text-strikethrough-none\">financiamiento para la educaci\u00f3n p\u00fablica que sea suficiente para proporcionar oportunidades educativas \u00f3ptimas para todos los estudiantes, incluida la ayuda estatal para los distritos escolare para fines de construcci\u00f3n, as\u00ed como fondos estatales para cubrir los costos excesivos de todos programas dictados por la Legislatura.<\/span><\/li>\n<li><span class=\"a_GcMg font-feature-liga-off font-feature-clig-off font-feature-calt-off text-decoration-none text-strikethrough-none\">Apoya<\/span><span class=\"a_GcMg font-feature-liga-off font-feature-clig-off font-feature-calt-off text-decoration-none text-strikethrough-none\"> a todos los estudiantes con servicios de orientaci\u00f3n y asesoramiento de calidad, servicios de salud escolar, tanto f\u00edsica como mental, y servicios de biblioteca, proporcionados por personal con credenciales apropiadas.<\/span><\/li>\n<li><span class=\"a_GcMg font-feature-liga-off font-feature-clig-off font-feature-calt-off text-decoration-none text-strikethrough-none\">Garantiza<\/span><span class=\"a_GcMg font-feature-liga-off font-feature-clig-off font-feature-calt-off text-decoration-none text-strikethrough-none\"> programas de preparaci\u00f3n de los maestros inicial y durante el servicio, remuneraci\u00f3n, servicios de apoyo y desarrollo profesional dise\u00f1ados para atraer y retener profesionales docentes calificados.<\/span><\/li>\n<li><span class=\"a_GcMg font-feature-liga-off font-feature-clig-off font-feature-calt-off text-decoration-none text-strikethrough-none\">Proporciona <\/span><span class=\"a_GcMg font-feature-liga-off font-feature-clig-off font-feature-calt-off text-decoration-none text-strikethrough-none\">directrices para evaluar la competencia de profesi\u00f3n de ense\u00f1anza y<\/span>\u00a0<span class=\"a_GcMg font-feature-liga-off font-feature-clig-off font-feature-calt-off text-decoration-none text-strikethrough-none\">proporciona<\/span><span class=\"a_GcMg font-feature-liga-off font-feature-clig-off font-feature-calt-off text-decoration-none text-strikethrough-none\"> el debido proceso en los procedimientos cuando alguien es despido.<\/span><\/li>\n<li><span class=\"a_GcMg font-feature-liga-off font-feature-clig-off font-feature-calt-off text-decoration-none text-strikethrough-none\">Incluye<\/span><span class=\"a_GcMg font-feature-liga-off font-feature-clig-off font-feature-calt-off text-decoration-none text-strikethrough-none\"> a los padres\/tutores en las decisiones que afectan la educaci\u00f3n y el bienestar de sus hijos, y<\/span>\u00a0<span class=\"a_GcMg font-feature-liga-off font-feature-clig-off font-feature-calt-off text-decoration-none text-strikethrough-none\">promueve<\/span><span class=\"a_GcMg font-feature-liga-off font-feature-clig-off font-feature-calt-off text-decoration-none text-strikethrough-none\"> su participaci\u00f3n en su <\/span><span class=\"a_GcMg font-feature-liga-off font-feature-clig-off font-feature-calt-off text-decoration-none text-strikethrough-none\">educaci\u00f3n infantil y escuelas.<\/span><\/li>\n<li><span class=\"a_GcMg font-feature-liga-off font-feature-clig-off font-feature-calt-off text-decoration-none text-strikethrough-none\">Brinda <\/span><span class=\"a_GcMg font-feature-liga-off font-feature-clig-off font-feature-calt-off text-decoration-none text-strikethrough-none\">a los estudiantes las habilidades que necesitan para convertirse en ciudadanos efectivos <\/span><span class=\"a_GcMg font-feature-liga-off font-feature-clig-off font-feature-calt-off text-decoration-none text-strikethrough-none\">en una democracia<\/span><span class=\"a_GcMg font-feature-liga-off font-feature-clig-off font-feature-calt-off text-decoration-none text-strikethrough-none\">.<\/span><\/li>\n<li><span class=\"a_GcMg font-feature-liga-off font-feature-clig-off font-feature-calt-off text-decoration-none text-strikethrough-none\">Protege <\/span><span class=\"a_GcMg font-feature-liga-off font-feature-clig-off font-feature-calt-off text-decoration-none text-strikethrough-none\">y<\/span><span class=\"a_GcMg font-feature-liga-off font-feature-clig-off font-feature-calt-off text-decoration-none text-strikethrough-none\">\u00a0progresa<\/span><span class=\"a_GcMg font-feature-liga-off font-feature-clig-off font-feature-calt-off text-decoration-none text-strikethrough-none\"> la salud de todas las familias a trav\u00e9s de la prevenci\u00f3n, tratamiento<\/span><span class=\"a_GcMg font-feature-liga-off font-feature-clig-off font-feature-calt-off text-decoration-none text-strikethrough-none\">,<\/span><span class=\"a_GcMg font-feature-liga-off font-feature-clig-off font-feature-calt-off text-decoration-none text-strikethrough-none\"> y control de enfermedades.<\/span><\/li>\n<li><span class=\"a_GcMg font-feature-liga-off font-feature-clig-off font-feature-calt-off text-decoration-none text-strikethrough-none\">Amplia<\/span><span class=\"a_GcMg font-feature-liga-off font-feature-clig-off font-feature-calt-off text-decoration-none text-strikethrough-none\"> y<\/span>\u00a0<span class=\"a_GcMg font-feature-liga-off font-feature-clig-off font-feature-calt-off text-decoration-none text-strikethrough-none\">extiende<\/span><span class=\"a_GcMg font-feature-liga-off font-feature-clig-off font-feature-calt-off text-decoration-none text-strikethrough-none\"> los servicios de salud f\u00edsica y mental y instalaciones, incluida la rehabilitaci\u00f3n.<\/span><\/li>\n<li>P<span class=\"a_GcMg font-feature-liga-off font-feature-clig-off font-feature-calt-off text-decoration-none text-strikethrough-none\">rotege<\/span><span class=\"a_GcMg font-feature-liga-off font-feature-clig-off font-feature-calt-off text-decoration-none text-strikethrough-none\"> a las familias de medicamentos, alimentos inseguros, impuros<\/span><span class=\"a_GcMg font-feature-liga-off font-feature-clig-off font-feature-calt-off text-decoration-none text-strikethrough-none\">,<\/span><span class=\"a_GcMg font-feature-liga-off font-feature-clig-off font-feature-calt-off text-decoration-none text-strikethrough-none\"> o ineficaces dispositivos m\u00e9dicos y cosm\u00e9ticos.<\/span><\/li>\n<li><span class=\"a_GcMg font-feature-liga-off font-feature-clig-off font-feature-calt-off text-decoration-none text-strikethrough-none\">Previene<\/span><span class=\"a_GcMg font-feature-liga-off font-feature-clig-off font-feature-calt-off text-decoration-none text-strikethrough-none\">, controla, o<\/span>\u00a0<span class=\"a_GcMg font-feature-liga-off font-feature-clig-off font-feature-calt-off text-decoration-none text-strikethrough-none\">eliminar<\/span><span class=\"a_GcMg font-feature-liga-off font-feature-clig-off font-feature-calt-off text-decoration-none text-strikethrough-none\"> riesgos para la salud, seguridad y bienestar de todos los ni\u00f1os y j\u00f3venes.<\/span><\/li>\n<li><span class=\"a_GcMg font-feature-liga-off font-feature-clig-off font-feature-calt-off text-decoration-none text-strikethrough-none\">Requiere<\/span><span class=\"a_GcMg font-feature-liga-off font-feature-clig-off font-feature-calt-off text-decoration-none text-strikethrough-none\"> que los gobierno<\/span><span class=\"a_GcMg font-feature-liga-off font-feature-clig-off font-feature-calt-off text-decoration-none text-strikethrough-none\">s<\/span><span class=\"a_GcMg font-feature-liga-off font-feature-clig-off font-feature-calt-off text-decoration-none text-strikethrough-none\"> estatales y locales publiquen y difundan informaci\u00f3n sobre asuntos que afectan el bienestar del p\u00fablico en el idioma(s) de la comunidad a la que sirve.<\/span><\/li>\n<li><span class=\"a_GcMg font-feature-liga-off font-feature-clig-off font-feature-calt-off text-decoration-none text-strikethrough-none\">Proporciona<\/span><span class=\"a_GcMg font-feature-liga-off font-feature-clig-off font-feature-calt-off text-decoration-none text-strikethrough-none\"> servicios e instalaciones comunitarios eficaces para todos los ni\u00f1os, j\u00f3venes<\/span><span class=\"a_GcMg font-feature-liga-off font-feature-clig-off font-feature-calt-off text-decoration-none text-strikethrough-none\">, <\/span><span class=\"a_GcMg font-feature-liga-off font-feature-clig-off font-feature-calt-off text-decoration-none text-strikethrough-none\">y adultos, para el bienestar de la familia.<\/span><\/li>\n<li><span class=\"a_GcMg font-feature-liga-off font-feature-clig-off font-feature-calt-off text-decoration-none text-strikethrough-none\">Promueve<\/span><span class=\"a_GcMg font-feature-liga-off font-feature-clig-off font-feature-calt-off text-decoration-none text-strikethrough-none\"> pol\u00edticas p\u00fablicas que contribuyan a la estabilidad de las familias y al apoyo f\u00edsico, emocional<\/span><span class=\"a_GcMg font-feature-liga-off font-feature-clig-off font-feature-calt-off text-decoration-none text-strikethrough-none\">,<\/span><span class=\"a_GcMg font-feature-liga-off font-feature-clig-off font-feature-calt-off text-decoration-none text-strikethrough-none\"> y financiero adecuado de los ni\u00f1os y juventud.<\/span><\/li>\n<li><span class=\"a_GcMg font-feature-liga-off font-feature-clig-off font-feature-calt-off text-decoration-none text-strikethrough-none\">Proporciona<\/span><span class=\"a_GcMg font-feature-liga-off font-feature-clig-off font-feature-calt-off text-decoration-none text-strikethrough-none\"> servicios e instalaciones para el cuidado, protecci\u00f3n y tratamiento de ni\u00f1os y j\u00f3venes abusados, dependientes, descuidados o abandonados.<\/span><\/li>\n<li><span class=\"a_GcMg font-feature-liga-off font-feature-clig-off font-feature-calt-off text-decoration-none text-strikethrough-none\">Asegura<\/span><span class=\"a_GcMg font-feature-liga-off font-feature-clig-off font-feature-calt-off text-decoration-none text-strikethrough-none\"> programas especializados para la prevenci\u00f3n de delitos cometidos por j\u00f3venes menores de edad.<\/span><\/li>\n<li><span class=\"a_GcMg font-feature-liga-off font-feature-clig-off font-feature-calt-off text-decoration-none text-strikethrough-none\">Proporciona<\/span><span class=\"a_GcMg font-feature-liga-off font-feature-clig-off font-feature-calt-off text-decoration-none text-strikethrough-none\"> instalaciones y servicios adecuados para el tratamiento, educaci\u00f3n, y rehabilitaci\u00f3n de j\u00f3venes delincuentes.<\/span><\/li>\n<li><span class=\"a_GcMg font-feature-liga-off font-feature-clig-off font-feature-calt-off text-decoration-none text-strikethrough-none\">Promueve<\/span><span class=\"a_GcMg font-feature-liga-off font-feature-clig-off font-feature-calt-off text-decoration-none text-strikethrough-none\"> pol\u00edticas p\u00fablicas que protejan y conserven los recursos naturales para proporcionar un entorno de calidad para las generaciones presentes y futuras.<\/span><\/li>\n<li><span class=\"a_GcMg font-feature-liga-off font-feature-clig-off font-feature-calt-off text-decoration-none text-strikethrough-none\">Mejora<\/span><span class=\"a_GcMg font-feature-liga-off font-feature-clig-off font-feature-calt-off text-decoration-none text-strikethrough-none\"> los sistemas y pr\u00e1cticas de gobernanza <\/span><span class=\"a_GcMg font-feature-liga-off font-feature-clig-off font-feature-calt-off text-decoration-none text-strikethrough-strikethrough\">para<\/span><span class=\"a_GcMg font-feature-liga-off font-feature-clig-off font-feature-calt-off text-decoration-none text-strikethrough-none\"> con el fin de gestionar eficazmente y atender las necesidades de los ni\u00f1os y j\u00f3venes.<\/span><\/li>\n<li><span class=\"a_GcMg font-feature-liga-off font-feature-clig-off font-feature-calt-off text-decoration-none text-strikethrough-none\">Apoya<\/span><span class=\"a_GcMg font-feature-liga-off font-feature-clig-off font-feature-calt-off text-decoration-none text-strikethrough-none\"> las necesidades de los ni\u00f1os vulnerables en todos los aspectos de sus vidas.<\/span><\/li>\n<\/ol>\n","protected":false},"excerpt":{"rendered":"<p>Presentada para ser adoptada en los a\u00f1os pares por los delegados ante la convenci\u00f3n Adoptada en mayo de 2024 Pre\u00e1mbulo La plataforma legislativa del Congreso de Padres, Maestros y Estudiantes de California, Inc. refleja las prioridades que gu\u00edan nuestros esfuerzos para asegurar leyes adecuadas para el cuidado y protecci\u00f3n de los ni\u00f1os, j\u00f3venes y\u00a0 las [&hellip;]<\/p>\n","protected":false},"author":8,"featured_media":0,"parent":4411,"menu_order":0,"comment_status":"closed","ping_status":"closed","template":"","meta":{"footnotes":""},"class_list":["post-4427","page","type-page","status-publish","hentry","entry"],"_links":{"self":[{"href":"https:\/\/toolkit.capta.org\/es\/wp-json\/wp\/v2\/pages\/4427","targetHints":{"allow":["GET"]}}],"collection":[{"href":"https:\/\/toolkit.capta.org\/es\/wp-json\/wp\/v2\/pages"}],"about":[{"href":"https:\/\/toolkit.capta.org\/es\/wp-json\/wp\/v2\/types\/page"}],"author":[{"embeddable":true,"href":"https:\/\/toolkit.capta.org\/es\/wp-json\/wp\/v2\/users\/8"}],"replies":[{"embeddable":true,"href":"https:\/\/toolkit.capta.org\/es\/wp-json\/wp\/v2\/comments?post=4427"}],"version-history":[{"count":4,"href":"https:\/\/toolkit.capta.org\/es\/wp-json\/wp\/v2\/pages\/4427\/revisions"}],"predecessor-version":[{"id":12048,"href":"https:\/\/toolkit.capta.org\/es\/wp-json\/wp\/v2\/pages\/4427\/revisions\/12048"}],"up":[{"embeddable":true,"href":"https:\/\/toolkit.capta.org\/es\/wp-json\/wp\/v2\/pages\/4411"}],"wp:attachment":[{"href":"https:\/\/toolkit.capta.org\/es\/wp-json\/wp\/v2\/media?parent=4427"}],"curies":[{"name":"wp","href":"https:\/\/api.w.org\/{rel}","templated":true}]}}