{"id":4432,"date":"2013-11-13T10:11:04","date_gmt":"2013-11-13T18:11:04","guid":{"rendered":"http:\/\/toolkit.capta.org\/advocacy\/legislative-program\/california-state-pta-legislative-policies-and-procedures\/"},"modified":"2022-04-05T20:34:21","modified_gmt":"2022-04-06T03:34:21","slug":"california-state-pta-legislative-policies-and-procedures","status":"publish","type":"page","link":"https:\/\/toolkit.capta.org\/es\/advocacy\/legislative-program\/california-state-pta-legislative-policies-and-procedures\/","title":{"rendered":"Procedimientos y normas de legislaci\u00f3n de la PTA de California"},"content":{"rendered":"<p align=\"center\"><em>Aprobada en mayo del 2021<\/em><\/p>\n<p align=\"center\">Las normas se presentan a los delegados de la convenci\u00f3n para su aprobaci\u00f3n en a\u00f1os impares.<br \/>\nLos procedimientos son adoptados por la Junta de Administradores de la PTA de California<br \/>\nLas normas legislativas aparecen en cursiva, los procedimientos, no.<\/p>\n<p>Una medida legislativa incluye:<\/p>\n<ul>\n<li>Proyectos de ley (estatales y federales),<\/li>\n<li>Medidas legislativas en la boleta electoral (enmiendas constitucionales, medidas de bonos y los cambios que se propone hacer indicados en la boleta electoral por la legislatura),<\/li>\n<li>Iniciativas estatales &#8211; propuestas o calificadas (los ciudadanos proponen directamente leyes estatales, medidas de bonos y enmiendas a la Constituci\u00f3n de California),<\/li>\n<li>Referendos estatales &#8211; propuestos o calificados (los ciudadanos aprueban o rechazan las leyes estatales promulgadas por la Legislatura).<\/li>\n<\/ul>\n<p><strong>Norma No. 1<\/strong><\/p>\n<p style=\"padding-left: 30px;\"><em>PTA de California es responsable de tomar medidas sobre propuestas legislativas estatales y federales.<\/em><\/p>\n<p>Hasta que la Junta de Directores de la PTA de California no haya adoptado una postura en relaci\u00f3n con alg\u00fan asunto a nivel estatal, o haya declinado adoptar una postura, no se debe expresar apoyo ni oposici\u00f3n en nombre de la PTA.<\/p>\n<p>El comit\u00e9 de gesti\u00f3n legislativa est\u00e1 autorizado a actuar en nombre de la Junta Estatal de Directores cuando se adoptan posturas en relaci\u00f3n con proyectos de ley. Dichas acciones deben ser acordes con posturas establecidas de la PTA y deben ser comunicadas de inmediato a la Junta de Gerentes de la PTA de California. El comit\u00e9 de gesti\u00f3n legislativa debe incluir, sin limitaci\u00f3n, al presidente, presidente-electo, director legislativo, defensores legislativos, dos presidentes de distritos de la PTA, el director, alg\u00fan otro miembro de las comisiones de asuntos comunitarios, educaci\u00f3n, salud y participaci\u00f3n familiar y otros, seg\u00fan lo indique el presidente.<\/p>\n<p>El comit\u00e9 de Acci\u00f3n Legislativa tambi\u00e9n est\u00e1 facultado para adoptar una decisi\u00f3n sobre las medidas de la papeleta estatal cuando no haya ninguna reuni\u00f3n de la junta de administradores del estado entre la fecha en que califica la medida de la boleta electoral y la fecha de la elecci\u00f3n. Las acciones adoptadas sobre las medidas de la boleta por este comit\u00e9 est\u00e1n sujetas a aprobaci\u00f3n por la junta directiva.<\/p>\n<p>A fin de mantener una posici\u00f3n s\u00f3lida y unificada, los contactos con los legisladores que se hagan a nombre de la PTA deben ser realizados por personas autorizadas por la Junta Estatal de Directores, o por las unidades, consejos o distritos de la PTA y sus miembros.<\/p>\n<p><strong>Norma No. 2<\/strong><\/p>\n<p style=\"padding-left: 30px;\"><em>Las medidas legislativas que PTA de California seleccione para su gesti\u00f3n deben tener relevancia estatal y coincidir con ambos los Prop\u00f3sitos de la PTA y la plataforma legislativa adoptada por los delegados ante la convenci\u00f3n, as\u00ed como otras autoridades pertinentes de la PTA.<\/em><\/p>\n<p>Se consideran \u201cmedidas\u201d a los proyectos de ley propuestos a la Legislatura, las peticiones de iniciativa estatal propuestas o la propuesta que ha calificado para la votaci\u00f3n estatal.<\/p>\n<p>Al seleccionar medidas para su gesti\u00f3n, la Junta de Administradores de la PTA de California debe tomar en cuenta:<\/p>\n<ul>\n<li>Los estudios realizados por la Junta de Administradores de la PTA de California y por las unidades, los consejos y los distritos de la PTA, junto con la informaci\u00f3n de apoyo.<\/li>\n<li>Las declaraciones de postura adoptadas por la Junta de Administradores de la PTA de California.<\/li>\n<li>La opini\u00f3n de los miembros seg\u00fan los informes de los presidentes del distrito de la PTA.<\/li>\n<li>Las resoluciones adoptadas por los delegados ante las convenciones estatales anuales.<\/li>\n<li>Informaci\u00f3n de fuentes fidedignas y profesionales.<\/li>\n<li>Posturas que se hayan adoptado anteriormente en relaci\u00f3n con proyectos de ley sobre el mismo tema o con la misma intenci\u00f3n.<\/li>\n<li>Posturas de la PTA Nacional que concuerden con posturas actuales de la PTA de California.<\/li>\n<\/ul>\n<p><strong>Norma No. 3<\/strong><\/p>\n<p style=\"padding-left: 30px;\"><em>Cualquier postura sobre medidas legislativas aprobadas por PTA de California queda en vigor, a menos que despu\u00e9s de la revisi\u00f3n posterior, se considera justificada una nueva acci\u00f3n y se adopte seg\u00fan los procedimientos de la PTA de California.<\/em><\/p>\n<p>Cuando se requiera actuar respecto de legislaci\u00f3n estatal o federal entre reuniones del comit\u00e9 de acci\u00f3n legislativa, o cuando un proyecto de ley haya sido modificado en tal forma que sea necesario cambiar una postura existente, un comit\u00e9 provisional podr\u00e1 actuar al respecto. Este comit\u00e9 est\u00e1 integrado por el presidente, el presidente electo, el director de Legislaci\u00f3n y el vicepresidente adecuado al tema, as\u00ed como el promotor que manejar\u00e1 el proyecto de ley.<\/p>\n<p>Cuando se producen estas situaciones, el promotor que maneja el proyecto de ley deber\u00e1 ponerse en contacto con el vicepresidente de la comisi\u00f3n relacionada con el tema. Si \u00e9l o ella est\u00e1 de acuerdo en que una decisi\u00f3n inmediata se justifica y el director de la legislaci\u00f3n est\u00e1 de acuerdo, se convocar\u00e1 una reuni\u00f3n del comit\u00e9 provisional.<\/p>\n<p>Dicha acci\u00f3n o acciones deber\u00e1n ser ratificadas en la pr\u00f3xima reuni\u00f3n ordinaria del comit\u00e9 de Acci\u00f3n Legislativa.<\/p>\n<p><strong>Norma No. 4<\/strong><\/p>\n<p style=\"padding-left: 30px;\"><em>Todas las posturas sobre las medidas legislativas tomadas por PTA de California se colocar\u00e1n en el sitio web de la asociaci\u00f3n de forma oportuna.<\/em><\/p>\n<p>Cuando el comit\u00e9 de gesti\u00f3n legislativa adopte posturas relacionadas con proyectos de ley estatales:<\/p>\n<ul>\n<li>Estas posturas deben divulgarse a trav\u00e9s de comunicaci\u00f3n electr\u00f3nica a todos los suscriptores, incluyendo a los presidentes de distrito de PTA y a otros miembros de la Junta de Administradores.<\/li>\n<li>Estas posturas deben publicarse y mantenerse en el sitio Web de la PTA de California.<\/li>\n<li>Cuando se adopten posturas relacionadas con propuestas sujetas a votaci\u00f3n estatal:<\/li>\n<li>El fundamento de las acciones de la Junta de la PTA de California debe ser establecido por la Junta de Administradores de la PTA de California, colocado en el sitio web y distribuido a las PTA de unidad, consejo y distrito para su distribuci\u00f3n entre los afiliados.<\/li>\n<\/ul>\n<p><strong>Norma No. 5<\/strong><\/p>\n<p style=\"padding-left: 30px;\"><em>Una PTA de unidad, consejo o distrito con inter\u00e9s en una medida en la boleta estatal propuesta o cualificada, que se relacione con el bienestar de los ni\u00f1os y j\u00f3venes debe determinar si la PTA de California est\u00e1 estudiando o ha realizado alguna acci\u00f3n, antes de considerar cualquier acci\u00f3n a nivel local. Se podr\u00e1 actuar a nivel local siguiendo el procedimiento est\u00e1ndar de la PTA para realizar un estudio.<\/em><\/p>\n<p>El asunto o propuesta sujeta a votaci\u00f3n debe coincidir con los prop\u00f3sitos de la PTA y la Plataforma Legislativa de la PTA de California, debe adherirse a las normas de la PTA y afectar el bienestar de la ni\u00f1ez y la juventud.<\/p>\n<p>Antes de que una unidad, consejo o distrito de PTA adopte una postura sobre una medida estatal, se realizar\u00e1 un estudio, incluyendo informaci\u00f3n desde todos los puntos de vista de la cuesti\u00f3n. Las autoridades que adoptar\u00e1n una postura (como se describe en la Norma No. 2) deben estar documentadas en el estudio.<\/p>\n<p>Antes de realizar gestiones, la unidad, consejo o distrito de la PTA debe votar al respecto en la asamblea general de miembros y registrar los resultados en las actas. Las posturas adoptadas sobre medidas de todo el estado deben comunicarse a la PTA de California.<\/p>\n<p>Cuando no se tenga planeada ninguna gesti\u00f3n y solamente se presente informaci\u00f3n a los miembros, se deben incluir ambas versiones del asunto.<\/p>\n<p><strong>Norma No. 6<\/strong><\/p>\n<p style=\"padding-left: 30px;\"><em>Cualquier gesti\u00f3n que la PTA de California realice en relaci\u00f3n con las medidas legislativas representa la postura oficial de la organizaci\u00f3n y no debe ser interpretada como una representaci\u00f3n de la opini\u00f3n o convicci\u00f3n personal de cada miembro de la PTA.<\/em><\/p>\n<p><strong>Norma No. 7<\/strong><\/p>\n<p style=\"padding-left: 30px;\"><em>Se alienta a las PTA de unidad, consejo y distrito a promover las posturas legislativas que ha adoptado la PTA de California y a apoyarlas activamente, sin embargo no requiere un voto local que afirme la postura del estado. A pesar de que las unidades, los consejos y los distritos de la PTA no est\u00e1n obligados a trabajar activamente en pro de ninguna postura, no deben oponerse oficialmente a ninguna posici\u00f3n adoptada por la PTA de California. El desacuerdo expresado por los miembros en relaci\u00f3n con alguna postura legislativa deber\u00e1 ser comunicado a la PTA de California a trav\u00e9s de los canales usuales y mediante un informe sobre el alcance y las razones de dicho desacuerdo, incluyendo el apoyo de las autoridades de la PTA.<\/em><\/p>\n<p>No es necesario que las juntas directivas, las unidades, los consejos y los distritos de la PTA voten para afirmar una postura de la PTA de California a fin de demostrar su apoyo.<\/p>\n<p>Al comunicar a los miembros alguna postura de la PTA de California, una unidad, consejo o distrito de la PTA tambi\u00e9n puede dar a conocer puntos de vista opuestos.<\/p>\n<p>Si una unidad, consejo o distrito de la PTA desea expresarle a la Junta de Gerentes de la PTA de California su desacuerdo con alguna postura legislativa aprobada, el grupo en desacuerdo deber\u00e1 realizar un estudio de ambas versiones del problema, cuyos resultados (junto con los materiales de apoyo) deben ser enviados a la Junta de Gerentes de la PTA de California.<\/p>\n<p>Un directivo o miembro actual o pasado de la PTA no deber\u00e1 usar su t\u00edtulo, el nombre de la PTA o la marca registrada de la PTA para asumir una postura contraria a la postura oficial de la PTA.<\/p>\n<p><strong>Norma No. 8<\/strong><\/p>\n<p style=\"padding-left: 30px;\"><em>Cualquier PTA de unidad, consejo y distrito puede pedir que la PTA de California considere actuar en una medida legislativa.<\/em><\/p>\n<p>Las propuestas deben indicar la procedencia de la recomendaci\u00f3n.<\/p>\n<p>Las propuestas aprobadas de las unidades y los consejos deben presentarse primero al distrito de la PTA.<\/p>\n<p>Cada propuesta debe ir acompa\u00f1ada de informaci\u00f3n sobre los antecedentes y las razones para la recomendaci\u00f3n.<\/p>\n<p><strong>Norma No. 9<\/strong><\/p>\n<p style=\"padding-left: 30px;\"><em>Una PTA local (distrito, consejo o unidad) puede querer tomar acci\u00f3n sobre una medida legislativa estatal que afecta solo a su \u00e1rea local o regional. La PTA local afectada debe informar a la PTA del Estado de California antes de hacer un estudio y tomar postura sobre dicha medida.<\/em><\/p>\n<p>La medida debe tener implicaciones significativas para la ni\u00f1ez y la juventud de esa \u00e1rea local o regional.<\/p>\n<p>La medida debe coincidir con los prop\u00f3sitos de la PTA y su plataforma legislativa.<\/p>\n<p>Despu\u00e9s de que se ha tomado una postura, el distrito de la PTA presentar\u00e1 un informe con tal acci\u00f3n al director de legislaci\u00f3n.<\/p>\n<p>Cualquier defensa de la postura del distrito de la PTA es su responsabilidad y debe ir precedida o acompa\u00f1ada de una declaraci\u00f3n con la cual se aclare que el vocero del distrito representa a un sector de la PTA, y no a la PTA de California.<\/p>\n<p>Los distritos de la PTA implicados deben aceptar la responsabilidad absoluta de comunicar oportunamente a los miembros sus posturas legislativas, sus gestiones y los resultados.<\/p>\n<p>Antes de adoptar una postura en relaci\u00f3n con cualquier medida, el distrito de la PTA debe someterla a votaci\u00f3n durante una asamblea de la asociaci\u00f3n.<\/p>\n<p><strong>Norma No. 10<\/strong><\/p>\n<p style=\"padding-left: 30px;\"><em>Las PTAs de unidades, consejos y distritos pueden tomar medidas sobre asuntos locales que se originen en distritos escolares, ciudades, regiones o condados, si dicha acci\u00f3n es conforme a los prop\u00f3sitos de la PTA la plataforma de legislaci\u00f3n cuenta con el apoyo de las autoridades de la PTA y afecta el bienestar de los ni\u00f1os y j\u00f3venes.<\/em><\/p>\n<p>El asunto propuesto debe ser estudiado cuidadosamente a fin de determinar la necesidad del mismo y comprender sus disposiciones y los resultados potenciales.<\/p>\n<p>La unidad debe consultar con el consejo; el consejo debe consultar con el distrito de la PTA para recibir asesor\u00eda y coordinar esfuerzos. El presidente del distrito de la PTA debe estar informado de cualquier estudio proyectado por una unidad o consejo.<\/p>\n<p>Todas las unidades de la PTA que pertenezcan a un consejo y que se vean afectadas por el asunto deben ser informadas al respecto y la mayor\u00eda de las unidades dentro del consejo deben votar a favor de la gesti\u00f3n propuesta. Esto puede lograrse con el voto de un qu\u00f3rum de los delegados autorizados de una unidad y miembros de la junta de consejo.<\/p>\n<p>Todas las unidades que no pertenecen a consejos y todos los consejos dentro del distrito de la PTA a los cuales afecte el asunto deben ser informados al respecto y la mayor\u00eda de los consejos dentro del distrito de la PTA deben votar a favor de la gesti\u00f3n propuesta.<\/p>\n<p><strong>Norma No. 11<\/strong><\/p>\n<p style=\"padding-left: 30px;\"><em>Se podr\u00e1 enviar a casa con los estudiantes material informativo (de no promoci\u00f3n\/defensa) sobre las posturas relacionadas con temas legislativos, incluyendo las medidas de la boleta electoral local o estatal, de acuerdo a las pol\u00edticas y procedimientos del distrito escolar local. *<\/em><\/p>\n<p>* La ley estatal obliga a los distritos escolares a adoptar normas referentes al env\u00edo de materiales a los hogares por medio de los estudiantes.<\/p>\n<p>Por medio de los estudiantes solamente se pueden distribuir materiales informativos sobre asuntos legislativos, los cuales deben proporcionar \u201cuna presentaci\u00f3n justa e imparcial de los hechos relevantes que ayuden al electorado a llegar a una conclusi\u00f3n informada con respecto a cualquier emisi\u00f3n de bonos o propuesta sujeta a votaci\u00f3n\u201d. (Ver el C\u00f3digo de Educaci\u00f3n de California, secci\u00f3n 7054 (b)(2).) Note que una declaraci\u00f3n de postura de la PTA de California es, en s\u00ed misma, informativa.<\/p>\n<p>Los materiales de defensa ofrecen informaci\u00f3n tendenciosa acerca de los problemas y frecuentemente le dicen al votante c\u00f3mo votar en casos espec\u00edficos. Esta informaci\u00f3n jam\u00e1s debe ser enviada a los hogares por medio de los estudiantes, y las PTA deber\u00e1n encontrar formas alternas de distribuci\u00f3n.<\/p>\n<p>En caso de tener dudas de si el material legislativo constituye la promoci\u00f3n o es informativo, consulte con el presidente del distrito de la PTA o el personal pertinente en el distrito escolar.<\/p>\n<p>El administrador designado del distrito escolar debe autorizar por escrito la distribuci\u00f3n de todos los materiales legislativos que se consideren informativos antes de que estos puedan ser enviados a los hogares por medio de los estudiantes o divulgados electr\u00f3nicamente en el sitio Web de la escuela.<\/p>\n<p>Es tambi\u00e9n importante cumplir con las normas vigentes del distrito escolar loca sobre enviar materiales a casa con los estudiantes.<\/p>\n<p>Es en beneficio de la PTA de unidad el mantener un archivo de todos los materiales legislativos distribuidos por medio de los estudiantes. El archivo debe incluir una copia de todo el material informativo junto con la autorizaci\u00f3n apropiada escrita para la distribuci\u00f3n.<\/p>\n","protected":false},"excerpt":{"rendered":"<p>Aprobada en mayo del 2021 Las normas se presentan a los delegados de la convenci\u00f3n para su aprobaci\u00f3n en a\u00f1os impares. Los procedimientos son adoptados por la Junta de Administradores de la PTA de California Las normas legislativas aparecen en cursiva, los procedimientos, no. Una medida legislativa incluye: Proyectos de ley (estatales y federales), Medidas [&hellip;]<\/p>\n","protected":false},"author":8,"featured_media":0,"parent":4411,"menu_order":0,"comment_status":"closed","ping_status":"closed","template":"","meta":{"footnotes":""},"class_list":["post-4432","page","type-page","status-publish","hentry","entry"],"_links":{"self":[{"href":"https:\/\/toolkit.capta.org\/es\/wp-json\/wp\/v2\/pages\/4432","targetHints":{"allow":["GET"]}}],"collection":[{"href":"https:\/\/toolkit.capta.org\/es\/wp-json\/wp\/v2\/pages"}],"about":[{"href":"https:\/\/toolkit.capta.org\/es\/wp-json\/wp\/v2\/types\/page"}],"author":[{"embeddable":true,"href":"https:\/\/toolkit.capta.org\/es\/wp-json\/wp\/v2\/users\/8"}],"replies":[{"embeddable":true,"href":"https:\/\/toolkit.capta.org\/es\/wp-json\/wp\/v2\/comments?post=4432"}],"version-history":[{"count":3,"href":"https:\/\/toolkit.capta.org\/es\/wp-json\/wp\/v2\/pages\/4432\/revisions"}],"predecessor-version":[{"id":10758,"href":"https:\/\/toolkit.capta.org\/es\/wp-json\/wp\/v2\/pages\/4432\/revisions\/10758"}],"up":[{"embeddable":true,"href":"https:\/\/toolkit.capta.org\/es\/wp-json\/wp\/v2\/pages\/4411"}],"wp:attachment":[{"href":"https:\/\/toolkit.capta.org\/es\/wp-json\/wp\/v2\/media?parent=4432"}],"curies":[{"name":"wp","href":"https:\/\/api.w.org\/{rel}","templated":true}]}}