{"id":4437,"date":"2013-10-23T09:31:35","date_gmt":"2013-10-23T16:31:35","guid":{"rendered":"http:\/\/toolkit.capta.org\/advocacy\/election-campaigns\/"},"modified":"2020-02-24T17:02:26","modified_gmt":"2020-02-25T01:02:26","slug":"election-campaigns","status":"publish","type":"page","link":"https:\/\/toolkit.capta.org\/es\/advocacy\/election-campaigns\/","title":{"rendered":"Campa\u00f1as electorales y la funci\u00f3n de la PTA"},"content":{"rendered":"<p>Cualquier uso del nombre de PTA de California en actividades electorales requiere de la autorizaci\u00f3n previa de PTA de California. Ninguna actividad en la cual participe una unidad, consejo o distrito de la PTA debe insinuar o denotar el apoyo de PTA Nacional o PTA de California (ver \u201cPol\u00edtica no partidaria\u201d, cap\u00edtulo Conozca la PTA; \u201cProcedimientos y normas legislativas de PTA de California\u201d, Norma No. 9).<\/p>\n<p>Las PTA no deber\u00e1n participar directa ni indirectamente ni intervenir en campa\u00f1as pol\u00edtica a favor de ni en contra de ning\u00fan candidato para puestos p\u00fablicos puesto que esta actividad puede poner en peligro el estatus de entidad no lucrativa de la PTA.<\/p>\n<p>&nbsp;<\/p>\n<p><strong>La funci\u00f3n de la PTA<br \/>\n<\/strong><a href=\"https:\/\/toolkit.capta.org\/es\/advocacy\/election-campaigns\/restrictions-on-endorsement-of-candidates\/\">Apoyo a candidatos<\/a><br \/>\n<a href=\"https:\/\/toolkit.capta.org\/es\/advocacy\/election-campaigns\/local-candidates-forum\/\">Foro de candidatos locales<\/a><br \/>\n<a href=\"https:\/\/toolkit.capta.org\/es\/advocacy\/election-campaigns\/candidate-questionnaires\/\">Cuestionarios para candidatos <\/a><br \/>\n<a href=\"https:\/\/toolkit.capta.org\/es\/advocacy\/election-campaigns\/school-bonds-and-other-ballot-measure-campaigns\/\">Bonos escolares y otras campa\u00f1as relacionadas con las propuestas sujetas a votaci\u00f3n<\/a><br \/>\n<a href=\"https:\/\/toolkit.capta.org\/es\/advocacy\/election-campaigns\/legal-guidelines-for-campaign-activity\/\">Disposiciones legales para las actividades de campa\u00f1a<\/a><br \/>\n<a href=\"https:\/\/toolkit.capta.org\/es\/advocacy\/election-campaigns\/california-fair-political-practices-commission-regulations\/\">Comisi\u00f3n de Regulaciones de Pr\u00e1cticas Pol\u00edticas Justas de California<\/a><a href=\"https:\/\/toolkit.capta.org\/es\/advocacy\/election-campaigns\/california-fair-political-practices-commission-regulations\/\">\u00a0(FPPC)<\/a><br \/>\n<a href=\"https:\/\/toolkit.capta.org\/es\/advocacy\/election-campaigns\/california-education-code-and-election-law\/\">C\u00f3digo de Educaci\u00f3n de California y Ley Electoral<\/a><br \/>\n<a href=\"https:\/\/toolkit.capta.org\/es\/advocacy\/election-campaigns\/nonpartisan-policy\/\">Pol\u00edtica No Partidista<\/a><\/p>\n","protected":false},"excerpt":{"rendered":"<p>Cualquier uso del nombre de PTA de California en actividades electorales requiere de la autorizaci\u00f3n previa de PTA de California. Ninguna actividad en la cual participe una unidad, consejo o distrito de la PTA debe insinuar o denotar el apoyo de PTA Nacional o PTA de California (ver \u201cPol\u00edtica no partidaria\u201d, cap\u00edtulo Conozca la PTA; [&hellip;]<\/p>\n","protected":false},"author":8,"featured_media":0,"parent":3065,"menu_order":0,"comment_status":"closed","ping_status":"closed","template":"","meta":{"footnotes":""},"class_list":["post-4437","page","type-page","status-publish","hentry","entry"],"_links":{"self":[{"href":"https:\/\/toolkit.capta.org\/es\/wp-json\/wp\/v2\/pages\/4437","targetHints":{"allow":["GET"]}}],"collection":[{"href":"https:\/\/toolkit.capta.org\/es\/wp-json\/wp\/v2\/pages"}],"about":[{"href":"https:\/\/toolkit.capta.org\/es\/wp-json\/wp\/v2\/types\/page"}],"author":[{"embeddable":true,"href":"https:\/\/toolkit.capta.org\/es\/wp-json\/wp\/v2\/users\/8"}],"replies":[{"embeddable":true,"href":"https:\/\/toolkit.capta.org\/es\/wp-json\/wp\/v2\/comments?post=4437"}],"version-history":[{"count":3,"href":"https:\/\/toolkit.capta.org\/es\/wp-json\/wp\/v2\/pages\/4437\/revisions"}],"predecessor-version":[{"id":10108,"href":"https:\/\/toolkit.capta.org\/es\/wp-json\/wp\/v2\/pages\/4437\/revisions\/10108"}],"up":[{"embeddable":true,"href":"https:\/\/toolkit.capta.org\/es\/wp-json\/wp\/v2\/pages\/3065"}],"wp:attachment":[{"href":"https:\/\/toolkit.capta.org\/es\/wp-json\/wp\/v2\/media?parent=4437"}],"curies":[{"name":"wp","href":"https:\/\/api.w.org\/{rel}","templated":true}]}}