{"id":4441,"date":"2013-11-13T12:33:15","date_gmt":"2013-11-13T20:33:15","guid":{"rendered":"http:\/\/toolkit.capta.org\/advocacy\/election-campaigns\/restrictions-on-endorsement-of-candidates\/"},"modified":"2013-12-18T16:42:09","modified_gmt":"2013-12-19T00:42:09","slug":"restrictions-on-endorsement-of-candidates","status":"publish","type":"page","link":"https:\/\/toolkit.capta.org\/es\/advocacy\/election-campaigns\/restrictions-on-endorsement-of-candidates\/","title":{"rendered":"Apoyo a candidatos"},"content":{"rendered":"<p>En su condici\u00f3n de asociaciones exentas de impuestos, las PTA no pueden estar a favor ni en contra de partidos pol\u00edticos o candidatos, incluyendo los que se postulan para juntas escolares y otras oficinas de candidatos independientes. La participaci\u00f3n en este tipo de actividades pone en peligro la clasificaci\u00f3n de la asociaci\u00f3n como entidad sin fines de lucro ante el IRS (\u201cPol\u00edtica no Partidaria\u201d, 1.3.3).<\/p>\n<p>Un miembro actual o anterior de la junta de PTA no debe utilizar su t\u00edtulo de PTA o el nombre de la PTA para apoyar a un candidato ni siquiera si es para fines de identificaci\u00f3n en cualquier literatura del candidato impresa, electr\u00f3nica o del sitio web, entrevista o carta al editor.<\/p>\n<p>Los dirigentes de la PTA deber\u00e1n ejercer buen juicio si con el respaldo privado a un candidato (sin utilizar un t\u00edtulo de PTA) puede afectar negativamente una relaci\u00f3n futura con el funcionario electo si otro candidato gana.<\/p>\n<p>Para prop\u00f3sitos de esta pol\u00edtica, todas las elecciones de candidatos se definen como elecciones partidistas, incluso los cargos \u00abno partidistas\u00bb, tales como el consejo escolar o concejo de la ciudad. El uso del nombre de PTA o la marca de PTA con participaci\u00f3n en cualquier actividad partidista pondr\u00e1 en peligro la condici\u00f3n sin fines de lucro de PTA.<\/p>\n<p>No se proh\u00edbe a los miembros de la PTA ser candidatos a cargos p\u00fablicos ni a incluir su participaci\u00f3n en la PTA como parte de su literatura biogr\u00e1fica de informaci\u00f3n y\/o la campa\u00f1a de anuncios.<\/p>\n<p>No se puede invitar a candidatos individuales a hablar en las reuniones de PTA, ni siquiera si son miembros de la PTA, a menos que se invite a todos los dem\u00e1s candidatos. Con ello se evita la parcialidad real o aparente o apoyo a un candidato individual. No hay ninguna restricci\u00f3n sobre un miembro que es candidato a un cargo para que desempe\u00f1e sus funciones ordinarias de PTA. \u00c9l o ella s\u00f3lo necesita ser consciente de mantener separadas la PTA y las actividades de campa\u00f1a.<\/p>\n","protected":false},"excerpt":{"rendered":"<p>En su condici\u00f3n de asociaciones exentas de impuestos, las PTA no pueden estar a favor ni en contra de partidos pol\u00edticos o candidatos, incluyendo los que se postulan para juntas escolares y otras oficinas de candidatos independientes. La participaci\u00f3n en este tipo de actividades pone en peligro la clasificaci\u00f3n de la asociaci\u00f3n como entidad sin [&hellip;]<\/p>\n","protected":false},"author":8,"featured_media":0,"parent":4437,"menu_order":0,"comment_status":"closed","ping_status":"closed","template":"","meta":{"footnotes":""},"class_list":["post-4441","page","type-page","status-publish","hentry","entry"],"_links":{"self":[{"href":"https:\/\/toolkit.capta.org\/es\/wp-json\/wp\/v2\/pages\/4441","targetHints":{"allow":["GET"]}}],"collection":[{"href":"https:\/\/toolkit.capta.org\/es\/wp-json\/wp\/v2\/pages"}],"about":[{"href":"https:\/\/toolkit.capta.org\/es\/wp-json\/wp\/v2\/types\/page"}],"author":[{"embeddable":true,"href":"https:\/\/toolkit.capta.org\/es\/wp-json\/wp\/v2\/users\/8"}],"replies":[{"embeddable":true,"href":"https:\/\/toolkit.capta.org\/es\/wp-json\/wp\/v2\/comments?post=4441"}],"version-history":[{"count":0,"href":"https:\/\/toolkit.capta.org\/es\/wp-json\/wp\/v2\/pages\/4441\/revisions"}],"up":[{"embeddable":true,"href":"https:\/\/toolkit.capta.org\/es\/wp-json\/wp\/v2\/pages\/4437"}],"wp:attachment":[{"href":"https:\/\/toolkit.capta.org\/es\/wp-json\/wp\/v2\/media?parent=4441"}],"curies":[{"name":"wp","href":"https:\/\/api.w.org\/{rel}","templated":true}]}}