{"id":4445,"date":"2013-11-13T12:33:54","date_gmt":"2013-11-13T20:33:54","guid":{"rendered":"http:\/\/toolkit.capta.org\/advocacy\/election-campaigns\/local-candidates-forum\/"},"modified":"2014-07-28T13:39:30","modified_gmt":"2014-07-28T20:39:30","slug":"local-candidates-forum","status":"publish","type":"page","link":"https:\/\/toolkit.capta.org\/es\/advocacy\/election-campaigns\/local-candidates-forum\/","title":{"rendered":"Foro de los candidatos"},"content":{"rendered":"<p>Dado que las decisiones de los funcionarios electos afectan significativamente el bienestar de los ni\u00f1os y los j\u00f3venes es una responsabilidad de la PTA difundir tanta informaci\u00f3n f\u00e1ctica y objetiva como sea posible durante las campa\u00f1as electorales para ayudar a los votantes hacer elecciones informadas. Se debe alentar a todos los votantes a evaluar cuidadosamente a cada candidato oficial. Los foros de candidatos proporcionan una forma de ofrecer la informaci\u00f3n en un entorno educativo, imparcial y no partidista.<\/p>\n<p>La PTA nunca apoya ni se opone a un candidato a cargo p\u00fablico y pol\u00edtico, pero adopta posturas sobre cuestiones que afectan a los ni\u00f1os y j\u00f3venes.<\/p>\n<p>Para obtener m\u00e1s informaci\u00f3n vea <span style=\"color: #0000ff;\">Organizaci\u00f3n de un foro de candidatos locales<\/span>, figura 4-3.<\/p>\n","protected":false},"excerpt":{"rendered":"<p>Dado que las decisiones de los funcionarios electos afectan significativamente el bienestar de los ni\u00f1os y los j\u00f3venes es una responsabilidad de la PTA difundir tanta informaci\u00f3n f\u00e1ctica y objetiva como sea posible durante las campa\u00f1as electorales para ayudar a los votantes hacer elecciones informadas. Se debe alentar a todos los votantes a evaluar cuidadosamente [&hellip;]<\/p>\n","protected":false},"author":8,"featured_media":0,"parent":4437,"menu_order":0,"comment_status":"closed","ping_status":"closed","template":"","meta":{"footnotes":""},"class_list":["post-4445","page","type-page","status-publish","hentry","entry"],"_links":{"self":[{"href":"https:\/\/toolkit.capta.org\/es\/wp-json\/wp\/v2\/pages\/4445","targetHints":{"allow":["GET"]}}],"collection":[{"href":"https:\/\/toolkit.capta.org\/es\/wp-json\/wp\/v2\/pages"}],"about":[{"href":"https:\/\/toolkit.capta.org\/es\/wp-json\/wp\/v2\/types\/page"}],"author":[{"embeddable":true,"href":"https:\/\/toolkit.capta.org\/es\/wp-json\/wp\/v2\/users\/8"}],"replies":[{"embeddable":true,"href":"https:\/\/toolkit.capta.org\/es\/wp-json\/wp\/v2\/comments?post=4445"}],"version-history":[{"count":0,"href":"https:\/\/toolkit.capta.org\/es\/wp-json\/wp\/v2\/pages\/4445\/revisions"}],"up":[{"embeddable":true,"href":"https:\/\/toolkit.capta.org\/es\/wp-json\/wp\/v2\/pages\/4437"}],"wp:attachment":[{"href":"https:\/\/toolkit.capta.org\/es\/wp-json\/wp\/v2\/media?parent=4445"}],"curies":[{"name":"wp","href":"https:\/\/api.w.org\/{rel}","templated":true}]}}