{"id":4448,"date":"2013-11-13T12:41:31","date_gmt":"2013-11-13T20:41:31","guid":{"rendered":"http:\/\/toolkit.capta.org\/advocacy\/election-campaigns\/candidate-questionnaires\/"},"modified":"2013-12-18T16:50:23","modified_gmt":"2013-12-19T00:50:23","slug":"candidate-questionnaires","status":"publish","type":"page","link":"https:\/\/toolkit.capta.org\/es\/advocacy\/election-campaigns\/candidate-questionnaires\/","title":{"rendered":"Cuestionarios para candidatos"},"content":{"rendered":"<p>Enviar una lista de preguntas acerca de temas claves es una forma adicional o en lugar de un foro de candidatos para educar a los votantes sobre los candidatos. Cuestionar a todos los candidatos durante una campa\u00f1a electoral cumple la norma no partidista de la PTA Nacional (Norma sobre no partidismo 1.3.3).<\/p>\n<p>Tal vez su PTA desee desarrollar una lista de preguntas para enviar a todos los candidatos y publicar sus respuestas en su totalidad en boletines de PTA de unidad, consejo y distrito, adhiri\u00e9ndose a las pol\u00edticas de distribuci\u00f3n del distrito escolar.<\/p>\n<p>No edite ninguna de las respuestas. Sin embargo, se podr\u00e1 pedir que las respuestas se limiten a cierto n\u00famero de palabras, para garantizar que todas las respuestas sean de longitud similar.<\/p>\n<p>Cuestionarios deben enviarse por correo certificado con acuse de recepci\u00f3n a todos los candidatos; estos recibos deben mantenerse durante un a\u00f1o despu\u00e9s de la elecci\u00f3n. Se deben incluir con los cuestionarios fechas l\u00edmite para recibirlos de vuelta. Los candidatos que no respondan para la fecha de vencimiento no se incluir\u00e1n y debe anotarse en los materiales publicados.<\/p>\n","protected":false},"excerpt":{"rendered":"<p>Enviar una lista de preguntas acerca de temas claves es una forma adicional o en lugar de un foro de candidatos para educar a los votantes sobre los candidatos. Cuestionar a todos los candidatos durante una campa\u00f1a electoral cumple la norma no partidista de la PTA Nacional (Norma sobre no partidismo 1.3.3). Tal vez su [&hellip;]<\/p>\n","protected":false},"author":8,"featured_media":0,"parent":4437,"menu_order":0,"comment_status":"closed","ping_status":"closed","template":"","meta":{"footnotes":""},"class_list":["post-4448","page","type-page","status-publish","hentry","entry"],"_links":{"self":[{"href":"https:\/\/toolkit.capta.org\/es\/wp-json\/wp\/v2\/pages\/4448","targetHints":{"allow":["GET"]}}],"collection":[{"href":"https:\/\/toolkit.capta.org\/es\/wp-json\/wp\/v2\/pages"}],"about":[{"href":"https:\/\/toolkit.capta.org\/es\/wp-json\/wp\/v2\/types\/page"}],"author":[{"embeddable":true,"href":"https:\/\/toolkit.capta.org\/es\/wp-json\/wp\/v2\/users\/8"}],"replies":[{"embeddable":true,"href":"https:\/\/toolkit.capta.org\/es\/wp-json\/wp\/v2\/comments?post=4448"}],"version-history":[{"count":0,"href":"https:\/\/toolkit.capta.org\/es\/wp-json\/wp\/v2\/pages\/4448\/revisions"}],"up":[{"embeddable":true,"href":"https:\/\/toolkit.capta.org\/es\/wp-json\/wp\/v2\/pages\/4437"}],"wp:attachment":[{"href":"https:\/\/toolkit.capta.org\/es\/wp-json\/wp\/v2\/media?parent=4448"}],"curies":[{"name":"wp","href":"https:\/\/api.w.org\/{rel}","templated":true}]}}