{"id":4456,"date":"2013-11-13T12:34:45","date_gmt":"2013-11-13T20:34:45","guid":{"rendered":"http:\/\/toolkit.capta.org\/advocacy\/election-campaigns\/school-bonds-and-other-ballot-measure-campaigns\/"},"modified":"2013-12-18T16:53:12","modified_gmt":"2013-12-19T00:53:12","slug":"school-bonds-and-other-ballot-measure-campaigns","status":"publish","type":"page","link":"https:\/\/toolkit.capta.org\/es\/advocacy\/election-campaigns\/school-bonds-and-other-ballot-measure-campaigns\/","title":{"rendered":"Bonos escolares y otras campa\u00f1as relacionadas con las propuestas sujetas a votaci\u00f3n"},"content":{"rendered":"<p>Se les puede solicitar a las PTA que ayuden para garantizar la aprobaci\u00f3n de un bono de instalaciones del distrito escolar local o un impuesto parcelario local, o que participen en campa\u00f1as para aprobar o rechazar otras propuestas sujetas a votaci\u00f3n. Las unidades, consejos y distritos de la PTA pueden participar en estos esfuerzos si la junta o los miembros (o ambos) han estudiado el asunto y votado a favor de dicha campa\u00f1a.<\/p>\n<p>Las PTA pueden ser m\u00e1s eficaces si:<\/p>\n<ul>\n<li>La participaci\u00f3n en el comit\u00e9 del distrito escolar para recomendar a la junta de educaci\u00f3n la posibilidad de colocar en la boleta electoral un bono para plantel escolar o un impuesto de parcelas, y qu\u00e9 deben incluir las disposiciones de la medida.<\/li>\n<li>Asumir un papel activo en la planificaci\u00f3n y ejecuci\u00f3n de la campa\u00f1a.<\/li>\n<li>Proporcionar portavoces para informar a la comunidad.<\/li>\n<li>Desarrollan y\/o distribuyen los materiales de campa\u00f1a disponibles, pero sin recurrir a la ayuda de los estudiantes, a no ser que est\u00e9 permitido por el distrito escolar (Norma n\u00fam. 11, \u201cProcedimientos y normas legislativas de la PTA de California\u201d, 4.2.5k).<\/li>\n<li>Utilizan la radio, la televisi\u00f3n y los medios impresos, incluyendo los boletines informativos, visitas a la junta editorial, cartas al editor y otros recursos de comunicaci\u00f3n tales como el correo electr\u00f3nico y los sitios Web de la PTA.<\/li>\n<\/ul>\n","protected":false},"excerpt":{"rendered":"<p>Se les puede solicitar a las PTA que ayuden para garantizar la aprobaci\u00f3n de un bono de instalaciones del distrito escolar local o un impuesto parcelario local, o que participen en campa\u00f1as para aprobar o rechazar otras propuestas sujetas a votaci\u00f3n. Las unidades, consejos y distritos de la PTA pueden participar en estos esfuerzos si [&hellip;]<\/p>\n","protected":false},"author":8,"featured_media":0,"parent":4437,"menu_order":0,"comment_status":"closed","ping_status":"closed","template":"","meta":{"footnotes":""},"class_list":["post-4456","page","type-page","status-publish","hentry","entry"],"_links":{"self":[{"href":"https:\/\/toolkit.capta.org\/es\/wp-json\/wp\/v2\/pages\/4456","targetHints":{"allow":["GET"]}}],"collection":[{"href":"https:\/\/toolkit.capta.org\/es\/wp-json\/wp\/v2\/pages"}],"about":[{"href":"https:\/\/toolkit.capta.org\/es\/wp-json\/wp\/v2\/types\/page"}],"author":[{"embeddable":true,"href":"https:\/\/toolkit.capta.org\/es\/wp-json\/wp\/v2\/users\/8"}],"replies":[{"embeddable":true,"href":"https:\/\/toolkit.capta.org\/es\/wp-json\/wp\/v2\/comments?post=4456"}],"version-history":[{"count":0,"href":"https:\/\/toolkit.capta.org\/es\/wp-json\/wp\/v2\/pages\/4456\/revisions"}],"up":[{"embeddable":true,"href":"https:\/\/toolkit.capta.org\/es\/wp-json\/wp\/v2\/pages\/4437"}],"wp:attachment":[{"href":"https:\/\/toolkit.capta.org\/es\/wp-json\/wp\/v2\/media?parent=4456"}],"curies":[{"name":"wp","href":"https:\/\/api.w.org\/{rel}","templated":true}]}}