{"id":4461,"date":"2013-11-13T12:35:25","date_gmt":"2013-11-13T20:35:25","guid":{"rendered":"http:\/\/toolkit.capta.org\/advocacy\/election-campaigns\/legal-guidelines-for-campaign-activity\/"},"modified":"2020-02-24T16:57:06","modified_gmt":"2020-02-25T00:57:06","slug":"legal-guidelines-for-campaign-activity","status":"publish","type":"page","link":"https:\/\/toolkit.capta.org\/es\/advocacy\/election-campaigns\/legal-guidelines-for-campaign-activity\/","title":{"rendered":"Disposiciones legales para las actividades de campa\u00f1a"},"content":{"rendered":"<p>PTA de California y todas las asociaciones que la constituyen est\u00e1n clasificadas como asociaciones sin fines de lucro y exentas de impuestos seg\u00fan el C\u00f3digo Federal de Tributaci\u00f3n Interna, secci\u00f3n 501(c)(3). Las leyes estatales y federales disponen ciertos requisitos y restricciones para las actividades electorales y de cabildeo, as\u00ed como los gastos de dichas asociaciones. Una PTA que participe influyendo o tratando de influir en determinada legislaci\u00f3n o acci\u00f3n de los votantes para la aprobaci\u00f3n o rechazo de cualquier propuesta sujeta a votaci\u00f3n, debe cumplir tanto con los reglamentos federales del IRS como con las leyes estatales de California y sus requisitos informativos.<\/p>\n<p><strong>Regulaciones del IRS<\/strong>: Para mantener estatus de exenci\u00f3n \u00a0de impuestos del IRS y poder seguir recibiendo contribuciones deducibles de impuestos, una PTA no puede participar en ning\u00fan tipo de campa\u00f1a pol\u00edtica u otra actividad en nombre de un candidato para un cargo p\u00fablico o en oposici\u00f3n a \u00e9l. Una PTA tampoco puede dedicar m\u00e1s que una parte insustancial de su actividad voluntaria y sus gastos para influir en el resultado de las medidas de votaci\u00f3n y otra legislaci\u00f3n. En general, ninguna organizaci\u00f3n puede calificar para dicho estatus de la secci\u00f3n 501(c)(3) si una parte sustancial de sus actividades son para tratar de influir la legislaci\u00f3n (com\u00fanmente conocida como<strong> cabildeo (presionar<\/strong>). Una organizaci\u00f3n 501(c)(3) puede participar en algunos grupos de activismo para presionar, pero si tiene varias actividades de cabildeo corre el riesgo de perder el estatus de exenci\u00f3n de impuestos. El IRS considera una variedad de factores, incluyendo el tiempo dedicado (tanto por trabajadores que reciben un sueldo como voluntarios) y los gastos dedicados por la organizaci\u00f3n a la actividad, para determinar si la actividad de cabildeo es sustancial.<\/p>\n<p>Todas las PTAs que tengan gastos de cabildeo deben ser indicados en sus declaraciones de impuestos del Formulario 990 o 990 EZ. Las PTAs que participan en actividades de cabildeo no pueden archivar una postal electr\u00f3nica del IRS 990N.<\/p>\n<p>Para obtener m\u00e1s informaci\u00f3n sobre las actividades de cabildeo del IRS y los informes requeridos, visite <a href=\"http:\/\/www.irs.gov\/charities-non-profits\/lobbying\">www.irs.gov\/charities-non-profits\/lobbying<\/a><\/p>\n","protected":false},"excerpt":{"rendered":"<p>PTA de California y todas las asociaciones que la constituyen est\u00e1n clasificadas como asociaciones sin fines de lucro y exentas de impuestos seg\u00fan el C\u00f3digo Federal de Tributaci\u00f3n Interna, secci\u00f3n 501(c)(3). Las leyes estatales y federales disponen ciertos requisitos y restricciones para las actividades electorales y de cabildeo, as\u00ed como los gastos de dichas asociaciones. [&hellip;]<\/p>\n","protected":false},"author":8,"featured_media":0,"parent":4437,"menu_order":0,"comment_status":"closed","ping_status":"closed","template":"","meta":{"footnotes":""},"class_list":["post-4461","page","type-page","status-publish","hentry","entry"],"_links":{"self":[{"href":"https:\/\/toolkit.capta.org\/es\/wp-json\/wp\/v2\/pages\/4461","targetHints":{"allow":["GET"]}}],"collection":[{"href":"https:\/\/toolkit.capta.org\/es\/wp-json\/wp\/v2\/pages"}],"about":[{"href":"https:\/\/toolkit.capta.org\/es\/wp-json\/wp\/v2\/types\/page"}],"author":[{"embeddable":true,"href":"https:\/\/toolkit.capta.org\/es\/wp-json\/wp\/v2\/users\/8"}],"replies":[{"embeddable":true,"href":"https:\/\/toolkit.capta.org\/es\/wp-json\/wp\/v2\/comments?post=4461"}],"version-history":[{"count":2,"href":"https:\/\/toolkit.capta.org\/es\/wp-json\/wp\/v2\/pages\/4461\/revisions"}],"predecessor-version":[{"id":10103,"href":"https:\/\/toolkit.capta.org\/es\/wp-json\/wp\/v2\/pages\/4461\/revisions\/10103"}],"up":[{"embeddable":true,"href":"https:\/\/toolkit.capta.org\/es\/wp-json\/wp\/v2\/pages\/4437"}],"wp:attachment":[{"href":"https:\/\/toolkit.capta.org\/es\/wp-json\/wp\/v2\/media?parent=4461"}],"curies":[{"name":"wp","href":"https:\/\/api.w.org\/{rel}","templated":true}]}}