{"id":4465,"date":"2013-11-13T12:36:10","date_gmt":"2013-11-13T20:36:10","guid":{"rendered":"http:\/\/toolkit.capta.org\/advocacy\/election-campaigns\/nonpartisan-policy\/"},"modified":"2020-02-24T17:00:02","modified_gmt":"2020-02-25T01:00:02","slug":"nonpartisan-policy","status":"publish","type":"page","link":"https:\/\/toolkit.capta.org\/es\/advocacy\/election-campaigns\/nonpartisan-policy\/","title":{"rendered":"Pol\u00edtica No Partidista"},"content":{"rendered":"<p>Para mantener el estatus de exenci\u00f3n de impuestos del IRS y seguir recibiendo contribuciones deducibles de impuestos, una PTA no puede participar en ning\u00fan tipo de campa\u00f1a pol\u00edtica u otra actividad en nombre o en oposici\u00f3n de un candidato a un cargo p\u00fablico. Un oficial\/miembro de la mesa directiva de la PTA actual no puede usar su t\u00edtulo, el nombre de la PTA o la marca registrada de la PTA en apoyo u oposici\u00f3n de un candidato para un cargo p\u00fablico.<\/p>\n<p>Aunque las regulaciones electorales federales no proh\u00edben el uso de afiliaci\u00f3n organizacional para prop\u00f3sitos de identificaci\u00f3n, el est\u00e1ndar establecido por la PTA del Estado de California es m\u00e1s alto que la ley. No cumplir con dicho est\u00e1ndar puede resultar en una violaci\u00f3n de la pol\u00edtica de la PTA de California.<\/p>\n<p>Para obtener <strong>informaci\u00f3n adicional<\/strong> sobre la legislaci\u00f3n estatal y las medidas de votaci\u00f3n, comun\u00edquese con el Director\/a de Legislaci\u00f3n de la PTA de California a legislation@capta.org o al 916.440.1985 ext. 311.<\/p>\n","protected":false},"excerpt":{"rendered":"<p>Para mantener el estatus de exenci\u00f3n de impuestos del IRS y seguir recibiendo contribuciones deducibles de impuestos, una PTA no puede participar en ning\u00fan tipo de campa\u00f1a pol\u00edtica u otra actividad en nombre o en oposici\u00f3n de un candidato a un cargo p\u00fablico. Un oficial\/miembro de la mesa directiva de la PTA actual no puede [&hellip;]<\/p>\n","protected":false},"author":8,"featured_media":0,"parent":4437,"menu_order":0,"comment_status":"closed","ping_status":"closed","template":"","meta":{"footnotes":""},"class_list":["post-4465","page","type-page","status-publish","hentry","entry"],"_links":{"self":[{"href":"https:\/\/toolkit.capta.org\/es\/wp-json\/wp\/v2\/pages\/4465","targetHints":{"allow":["GET"]}}],"collection":[{"href":"https:\/\/toolkit.capta.org\/es\/wp-json\/wp\/v2\/pages"}],"about":[{"href":"https:\/\/toolkit.capta.org\/es\/wp-json\/wp\/v2\/types\/page"}],"author":[{"embeddable":true,"href":"https:\/\/toolkit.capta.org\/es\/wp-json\/wp\/v2\/users\/8"}],"replies":[{"embeddable":true,"href":"https:\/\/toolkit.capta.org\/es\/wp-json\/wp\/v2\/comments?post=4465"}],"version-history":[{"count":2,"href":"https:\/\/toolkit.capta.org\/es\/wp-json\/wp\/v2\/pages\/4465\/revisions"}],"predecessor-version":[{"id":10106,"href":"https:\/\/toolkit.capta.org\/es\/wp-json\/wp\/v2\/pages\/4465\/revisions\/10106"}],"up":[{"embeddable":true,"href":"https:\/\/toolkit.capta.org\/es\/wp-json\/wp\/v2\/pages\/4437"}],"wp:attachment":[{"href":"https:\/\/toolkit.capta.org\/es\/wp-json\/wp\/v2\/media?parent=4465"}],"curies":[{"name":"wp","href":"https:\/\/api.w.org\/{rel}","templated":true}]}}