{"id":4471,"date":"2013-11-13T12:39:26","date_gmt":"2013-11-13T20:39:26","guid":{"rendered":"http:\/\/toolkit.capta.org\/advocacy\/election-campaigns\/california-fair-political-practices-commission-regulations\/"},"modified":"2020-02-24T16:58:10","modified_gmt":"2020-02-25T00:58:10","slug":"california-fair-political-practices-commission-regulations","status":"publish","type":"page","link":"https:\/\/toolkit.capta.org\/es\/advocacy\/election-campaigns\/california-fair-political-practices-commission-regulations\/","title":{"rendered":"Comisi\u00f3n de Regulaciones de Pr\u00e1cticas de Pol\u00edticas Justas de California (FPPC)"},"content":{"rendered":"<p>La ley de California establece procedimientos y requisitos para presentar informes sobre los gastos de la campa\u00f1a electoral. Una PTA que participe en una campa\u00f1a para aprobar o rechazar cualquier bono escolar local, impuesto de propiedades o medida de votaci\u00f3n local o estatal debe presentar un informe ante la Comisi\u00f3n de Pr\u00e1ctica de Pol\u00edtica Justa del Estado de California.<\/p>\n<p>Para obtener m\u00e1s informaci\u00f3n sobre los requisitos de declaraci\u00f3n, vaya a <a href=\"http:\/\/www.fppc.ca.gov\">www.fppc.ca.gov<\/a>.<\/p>\n","protected":false},"excerpt":{"rendered":"<p>La ley de California establece procedimientos y requisitos para presentar informes sobre los gastos de la campa\u00f1a electoral. Una PTA que participe en una campa\u00f1a para aprobar o rechazar cualquier bono escolar local, impuesto de propiedades o medida de votaci\u00f3n local o estatal debe presentar un informe ante la Comisi\u00f3n de Pr\u00e1ctica de Pol\u00edtica Justa [&hellip;]<\/p>\n","protected":false},"author":8,"featured_media":0,"parent":4437,"menu_order":0,"comment_status":"closed","ping_status":"closed","template":"","meta":{"footnotes":""},"class_list":["post-4471","page","type-page","status-publish","hentry","entry"],"_links":{"self":[{"href":"https:\/\/toolkit.capta.org\/es\/wp-json\/wp\/v2\/pages\/4471","targetHints":{"allow":["GET"]}}],"collection":[{"href":"https:\/\/toolkit.capta.org\/es\/wp-json\/wp\/v2\/pages"}],"about":[{"href":"https:\/\/toolkit.capta.org\/es\/wp-json\/wp\/v2\/types\/page"}],"author":[{"embeddable":true,"href":"https:\/\/toolkit.capta.org\/es\/wp-json\/wp\/v2\/users\/8"}],"replies":[{"embeddable":true,"href":"https:\/\/toolkit.capta.org\/es\/wp-json\/wp\/v2\/comments?post=4471"}],"version-history":[{"count":2,"href":"https:\/\/toolkit.capta.org\/es\/wp-json\/wp\/v2\/pages\/4471\/revisions"}],"predecessor-version":[{"id":10104,"href":"https:\/\/toolkit.capta.org\/es\/wp-json\/wp\/v2\/pages\/4471\/revisions\/10104"}],"up":[{"embeddable":true,"href":"https:\/\/toolkit.capta.org\/es\/wp-json\/wp\/v2\/pages\/4437"}],"wp:attachment":[{"href":"https:\/\/toolkit.capta.org\/es\/wp-json\/wp\/v2\/media?parent=4471"}],"curies":[{"name":"wp","href":"https:\/\/api.w.org\/{rel}","templated":true}]}}