{"id":4479,"date":"2013-10-28T15:44:20","date_gmt":"2013-10-28T22:44:20","guid":{"rendered":"http:\/\/toolkit.capta.org\/advocacy\/resolutions\/"},"modified":"2023-09-14T10:31:05","modified_gmt":"2023-09-14T17:31:05","slug":"resolutions","status":"publish","type":"page","link":"https:\/\/toolkit.capta.org\/es\/advocacy\/resolutions\/","title":{"rendered":"Resoluciones"},"content":{"rendered":"<p>Descargar para imprimir el <a href=\"http:\/\/downloads.capta.org\/res\/ResolutionBook.pdf\" target=\"_blank\" rel=\"noopener noreferrer\">Resolutions Book<\/a> (pdf) disponible solo en ingl\u00e9s.<strong><br \/>\n<\/strong><\/p>\n<p><a href=\"https:\/\/toolkit.capta.org\/es\/advocacy\/resolutions\/convention-resolutions-process\/\"><strong>Proceso de resoluciones<\/strong><\/a><\/p>\n<p><strong><b>Nuestro punto de vista:\u00a0 Resoluciones tomadas durante la convenci\u00f3n y la reuni\u00f3n de la junta de gerentes<\/b><\/strong><\/p>\n<p>Todos los a\u00f1os, los delegados de la PTA de California trabajan en las resoluciones presentadas por unidades, consejos y distritos de la PTA o por la Junta de Gerentes de la PTA de California. Las resoluciones adoptadas por los delegados son la base de la labor de las unidades, consejos y distritos de la PTA y de PTA de California.<\/p>\n<p>Las resoluciones adoptadas desde 1961 est\u00e1n disponibles en la oficina de California a trav\u00e9s del sitio Web <a href=\"http:\/\/capta.org\/\">www.capta.org<\/a>. Los t\u00edtulos marcados con una estrella(*) representan resoluciones adoptadas por la Junta de Gerentes de la PTA de California. (Estas no fueron votadas por los delegados de la convenci\u00f3n.)<\/p>\n<p>Absentismo y deserci\u00f3n escolar (1986)<br \/>\nAcceso al Internet en los salones de clase de California (2000)<br \/>\nAcceso equitativo a los fondos del programa de mejoramiento escolar (1983)<br \/>\nAdicci\u00f3n a sustancias nocivas ilegales por parte de los estudiantes y alternativas a la tolerancia cero (2003)<br \/>\nAlergias alimenticias y anafilaxia en las escuelas (2004)<br \/>\nApoyo a los servicios de guarder\u00eda de calidad (1986)<br \/>\nApoyo para la educaci\u00f3n p\u00fablica es la prioridad de la PTA (1980)<br \/>\nApoyo para la misi\u00f3n c\u00edvica de las escuelas (2006)<br \/>\nApoyo y financiamiento para los programas voluntarios de integraci\u00f3n racial (1980)<br \/>\n\u00c1rboles para la vida (1989)<br \/>\nArmas en el recinto escolar (1973)<br \/>\nAsistencia para las v\u00edctimas de violaci\u00f3n y sus familias (1977)<br \/>\nAumento de la proporci\u00f3n entre consejeros y estudiantes en las escuelas (2000)<br \/>\nAumento de la proporci\u00f3n entre enfermeras escolares y estudiantes en las escuelas (1997)<br \/>\nAutoestima y concienciaci\u00f3n de la responsabilidad personal y social (1991)<br \/>\nAutoridad del gobierno de escuelas p\u00fablicas (2007)<br \/>\nAutorizaci\u00f3n y registro de pistolas (2000)<\/p>\n<p>Calidad del aire en interiores (2007)<br \/>\nCalidad docente: contrataci\u00f3n, retenci\u00f3n y recursos (2001)<br \/>\nCampos electromagn\u00e9ticos (1994)<br \/>\nCascos de seguridad para ciclistas (1991)<br \/>\nCascos de seguridad para menores de 18 a\u00f1os en patinetas motorizadas, patinetas y patines (2001)<br \/>\nCentros de tratamiento para v\u00edctimas de abuso sexual (1978)<br \/>\nCigarrillos electr\u00f3nicos\/vaping, productos de tabaco con sabor y salud juvenil (2020)<br \/>\nCinturones de seguridad: Cinturones de seguridad de tres puntos (estilo regazo y hombro) para los asientos traseros de veh\u00edculos de pasajeros y de todo prop\u00f3sito (1989)<br \/>\nC\u00f3mo crear lectores de por vida (1998)<br \/>\nComunidades con escuelas inclusivas son mejor (2013)<br \/>\nConciencia sobre el tiempo para mirar televisi\u00f3n o pel\u00edculas (2006)<br \/>\nConcienciaci\u00f3n sobre la donaci\u00f3n de \u00f3rganos y tejidos (1999)<br \/>\nConcientizaci\u00f3n sobre desfibriladores externos automatizados (AED) (2011)<br \/>\nConocimientos financieros para j\u00f3venes (1999)<br \/>\nConsumo de alcohol y tabaco entre los j\u00f3venes: Educaci\u00f3n, prevenci\u00f3n e intervenci\u00f3n (2002)<br \/>\nConsumo y abuso de sustancias ilegales durante el embarazo (1987)<br \/>\nContaminaci\u00f3n atmosf\u00e9rica (1973)<br \/>\nControl de imitaciones de drogas estimulantes y depresivas (1982)<br \/>\nControl de pistolas de balas de pintura (1993)<br \/>\nCr\u00e9ditos tributarios por pago de matr\u00edcula (1982)*<\/p>\n<p>Crisis en el financiamiento de las escuelas p\u00fablicas de California, desde el jard\u00edn de ni\u00f1os hasta el doceavo grado (1998)<br \/>\nCrisis en la financiaci\u00f3n de las bibliotecas escolares y diversos centros informativos (1988)<br \/>\nCrisis en las instalaciones escolares (1990)<\/p>\n<p>Cuidado y educaci\u00f3n infantil para todos los ni\u00f1os de California (2019)<\/p>\n<p>De la escuela a la carrera para todos los estudiantes (2001)<br \/>\nDesayuno en cada escuela (2003)<br \/>\nDesempe\u00f1o: eliminaci\u00f3n de la brecha (2009)<br \/>\nDisminuci\u00f3n del requerimiento de voto en el proceso de aprobaci\u00f3n de presupuesto del estado de California (2009)<br \/>\nDisposici\u00f3n de desechos peligrosos (1980)<br \/>\nDispositivos de seguridad en las armas de fuego (1999)<br \/>\nDivulgaci\u00f3n sobre la resistencia a los antibi\u00f3ticos (2001)<br \/>\nDuplicaci\u00f3n de formularios m\u00e9dicos en eventos deportivos (1974)<\/p>\n<p>Edificios escolares y requisitos de seguridad para ferrocarriles (1990)<br \/>\nEducaci\u00f3n art\u00edstica (1998)<br \/>\nEducaci\u00f3n c\u00edvica (1989)*<br \/>\nEducaci\u00f3n de ciencias, tecnolog\u00eda, ingenier\u00eda y matem\u00e1ticas (STEM) (2011)<br \/>\nEducaci\u00f3n f\u00edsica seg\u00fan el nivel de desarrollo (1999)<br \/>\nEducaci\u00f3n nutricional (1991)<br \/>\nEducaci\u00f3n nutricional para adultos (1978)<br \/>\nEducaci\u00f3n para conductores en relaci\u00f3n con el alcohol (1982)<br \/>\nEducaci\u00f3n para la alfabetizaci\u00f3n (1989)<br \/>\nEducaci\u00f3n para la prevenci\u00f3n de VIH y STD en nuestras escuelas (2008)<br \/>\nEducaci\u00f3n para la seguridad del peat\u00f3n (1990)<br \/>\nEducaci\u00f3n sobre los riesgos a la salud asociados por el consumo de esteroides anab\u00f3licos (1989)<br \/>\nEducaci\u00f3n y capacitaci\u00f3n en seguridad para los ciclistas (1973)<br \/>\nEducaci\u00f3n y concienciaci\u00f3n para la detecci\u00f3n temprana del c\u00e1ncer del seno (1988)<br \/>\nEducaci\u00f3n y concientizaci\u00f3n para la prevenci\u00f3n del suicidio (1983)<br \/>\nEducaci\u00f3n y desarrollo durante los primeros a\u00f1os de infancia (2000)<br \/>\nEducaci\u00f3n: Una visi\u00f3n para el siglo XXI (2005)<br \/>\nEl cambio clim\u00e1tico es asunto de ni\u00f1os (2015)<br \/>\nEl financiamiento de las escuelas p\u00fablicas de California (2007)<br \/>\nEl tabaco y la salud (1964)<br \/>\nEliminaci\u00f3n de la suspensi\u00f3n de la Proposici\u00f3n 98 (1991)<br \/>\nEnfermedades mentales: Tratamiento y asistencia (1999)<br \/>\nEnfermeras escolares con credencial (2005)<br \/>\nEnse\u00f1ar Historia Dif\u00edcil: La Esclavitud Estadounidense en la Educaci\u00f3n K-12 (2021)<br \/>\nEscuela de verano (1980)<br \/>\nEscuelas libres de emisiones (2020)<br \/>\nEst\u00e1ndares para el control de temperatura en plantel escolar (2019)<br \/>\nEstilos de vida saludables para todos los ni\u00f1os (2004)<br \/>\nEstrategias para disminuir la violencia en la escuela, la familia y la comunidad (1995)<br \/>\nEvacuaci\u00f3n de autobuses escolares en caso de emergencia (1973)<br \/>\nEvaluaci\u00f3n, logro y responsabilidad estudiantil (2000)<br \/>\nExamen de antecedentes para vendedores ambulantes de helados (1986)<br \/>\nEx\u00e1menes de tuberculosis para voluntarios (1989)<\/p>\n<p>Falta de fondos para la Ley educativa de personas discapacitadas (IDEA) (2007)<br \/>\nFamilias adoptivas (1999)<br \/>\nFamilias con ni\u00f1os y sin hogar (1989)<br \/>\nFinanciaci\u00f3n equitativa para transporte escolar (2004)<br \/>\nFinanciamiento seg\u00fan la compensaci\u00f3n del l\u00edmite del ingreso (1991)<br \/>\nFinanciaci\u00f3n para enfermedades cr\u00f3nicas y prevenci\u00f3n de lesiones (2020)<br \/>\nFondos escolares (1981)<br \/>\nFondos para la construcci\u00f3n de escuelas (1986)<br \/>\nFondos para la tecnolog\u00eda educativa (1995)<br \/>\nFuentes de financiamiento para los vigilantes de los cruces peatonales para escolares (1981)<\/p>\n<p>Gesti\u00f3n comunitaria y de los padres de familia para lograr la efectividad en las escuelas (1993)<\/p>\n<p>Horario de los programas televisivos infantiles (1979)<\/p>\n<p>Instalaciones escolares y planificaci\u00f3n p\u00fablica (1991)<br \/>\nIntegraci\u00f3n racial en las escuelas mediante incentivos para la integraci\u00f3n de viviendas (1982)<br \/>\nIntegraci\u00f3n racial y escuelas del vecindario (1979)<\/p>\n<p>Juguetes de tortura (1972)<\/p>\n<p>La calidad de vida representada en la televisi\u00f3n (1979)<br \/>\nLa discapacidad en el aprendizaje en general y en ni\u00f1os dotados (2000)<br \/>\nLa dislexia: Abordar las implicaciones educativas en las escuelas p\u00fablicas (2016)<br \/>\nLa marihuana sint\u00e9tica &#8211; Educaci\u00f3n y concientizaci\u00f3n (2015)<br \/>\nLa tarea escolar: Calidad en vez de cantidad (2014)<br \/>\nLas computadoras en la educaci\u00f3n (1983)<br \/>\nLGBTQ+ Inclusi\u00f3n en la educaci\u00f3n de la salud en California (2015)<br \/>\nLimitaci\u00f3n de impuestos a la propiedad (1978)<br \/>\nLimitaci\u00f3n de la venta simult\u00e1nea de gasolina y bebidas alcoh\u00f3licas, y la proliferaci\u00f3n de establecimientos (1985)<br \/>\nLlamadas telef\u00f3nicas amenazantes a las escuelas (1990)<\/p>\n<p>Mecanismos de seguridad para el uso de la Internet por parte de ni\u00f1os y j\u00f3venes (1997)<br \/>\nMedida para la reducci\u00f3n del l\u00edmite de impuesto local de parcelas escolares (2008)<br \/>\nMejoramiento de la ense\u00f1anza de las matem\u00e1ticas desde el jard\u00edn de ni\u00f1os hasta el doceavo grado (1998)<br \/>\nMejoramiento y expansi\u00f3n de programas de nutrici\u00f3n escolar (1991)<br \/>\nMejorando y estabilizando la financiaci\u00f3n de la educaci\u00f3n (2018)<br \/>\nMitigaci\u00f3n de los peligros causados por terremotos en las escuelas p\u00fablicas (1989)<\/p>\n<p>Nociones de televisi\u00f3n y responsabilidad de los programas (1993)<br \/>\nNormas de seguridad para el equipo en los campos de juego (1996)<br \/>\nNormas sobre el clima caluroso en el entorno escolar (1992)<\/p>\n<p>Opciones de alimentos a base de plantas en las comidas escolares (2022)<br \/>\nOposici\u00f3n a los anuncios televisivos en los salones de clase de California (1990)*<\/p>\n<p>Participaci\u00f3n de los j\u00f3venes (2004)<br \/>\nP\u00e9rdida de aprendizaje en el verano (2013)<br \/>\nPer\u00edodo educativo m\u00ednimo (1983)<br \/>\nPlaguicidas (1972)<br \/>\nPlanteles escolares y planificaci\u00f3n p\u00fablica (1991)<br \/>\nPrecauciones con el sol: medidas de prevenci\u00f3n del c\u00e1ncer de la piel en la escuela (2005)<br \/>\nPreparaci\u00f3n de maestros para la educaci\u00f3n primaria (1973)<br \/>\nPreparaci\u00f3n en caso de desastres (1986)<br \/>\nPreservaci\u00f3n de la familia: una alternativa a la custodia fuera del hogar (1990)<br \/>\nPrevenci\u00f3n de la violencia en las escuelas (1999)<br \/>\nPrevenci\u00f3n primaria del abuso de sustancias ilegales (1979)<br \/>\nPrimeros auxilios y\/o resucitaci\u00f3n cardiopulmonar (1987)<br \/>\nProblemas de seguridad relacionados con la construcci\u00f3n de autopistas cerca de las escuelas (1970)<br \/>\nPrograma de apoyo escolar (1976)<br \/>\nProgramas de educaci\u00f3n y concienciaci\u00f3n acerca de las vacunas (1975)<br \/>\nProhibici\u00f3n a la fabricaci\u00f3n y venta de pistolas \u201cSaturday Night Special\/Junk\u201d (1997)<br \/>\nProhibici\u00f3n a la promoci\u00f3n del tabaco (1987)<br \/>\nProhibici\u00f3n a las armas de asalto militar (1989)<br \/>\nProhibici\u00f3n de los elementos comunes al consumo de drogas (1981)<br \/>\nPropuestas (o iniciativas) sujetas a votaci\u00f3n (1999)<br \/>\nProtecci\u00f3n de los ni\u00f1os contra los efectos nocivos de las emisiones de aeronaves (1998)<br \/>\nPruebas educativas y puntajes (1971)<br \/>\nPruebas para detectar la escoliosis (1980)<br \/>\nPublicidad contra el consumo de drogas (1970)<br \/>\nPublicidad de bebidas alcoh\u00f3licas dirigida a los j\u00f3venes (1992)<br \/>\nPublicidad del tabaco dirigida a menores de edad (1993)<\/p>\n<p>Reducci\u00f3n del requisito de 2\/3 de votos para bonos y bibliotecas escolares (1999)<br \/>\nReducci\u00f3n del tama\u00f1o de estudiantes en la clase (1996)<br \/>\nReducci\u00f3n integral del desperdicio en las escuelas (2007)<br \/>\nReforma al sistema judicial juvenil: Una prioridad (1983)<br \/>\nReforma tributaria estatal (1991)<br \/>\nRegulaci\u00f3n de las licencias para la venta de alcohol cerca de las escuelas (1997)<br \/>\nRegulaci\u00f3n sobre la exhibici\u00f3n y venta a menores de edad de informaci\u00f3n y objetos comunes al consumo de drogas, incluyendo papel de cigarrillos (1979)<br \/>\nReprobaci\u00f3n de grado (1991)<br \/>\nRequerimiento de acreditaci\u00f3n: El componente de la participaci\u00f3n de los padres\/familias (1993)<br \/>\nRequisitos para la candidatura en las elecciones de California (2013)<br \/>\nResponsabilidad de los anfitriones sociales y la bebida en menores (2009)<br \/>\nResponsabilidad del estado por un proceso presupuestario sensato (1992)*<br \/>\nRetenci\u00f3n de grado (1991)<br \/>\nRiesgos de los fuegos artificiales para la juventud (1990)<br \/>\nRutas seguras a la escuela para todos los ni\u00f1os (2008)<\/p>\n<p>Salud en la estaci\u00f3n de trabajo de computadora (2010)<br \/>\nSalvemos a nuestros ni\u00f1os (1983)<br \/>\nSeguridad de conductores adolescentes (2009)<br \/>\nSeguridad de la superficie del patio de recreo (2002)<br \/>\nSeguridad en el f\u00fatbol americano (1975)<br \/>\nSeguridad en los autobuses escolares (1993)<br \/>\nSeguridad y divulgaci\u00f3n acerca de las armas de fuego (1995)<br \/>\nServicios de salud mental para nuestros ni\u00f1os y j\u00f3venes (2020)<br \/>\nS\u00edndrome de atenci\u00f3n deficiente en los ni\u00f1os (1998)<br \/>\nSistema de datos estatales integrado y longitudinal (2008)<br \/>\nSistema financiero adecuado y equitativo para las escuelas estatales (1987)<br \/>\nSubt\u00edtulos en la televisi\u00f3n (1978)<\/p>\n<p>Toma voluntaria de huellas dactilares (1983)<br \/>\nToxinas (persistentes y bioacumulativos) y sus efectos en los ni\u00f1os (2002)<br \/>\nTr\u00e1fico de ni\u00f1os en California (2010)<br \/>\nTr\u00e1fico escolar y mejoramiento de la seguridad peatonal (2001)<br \/>\nTransporte escolar (1981)<\/p>\n<p>Uso de cinturones de seguridad y asientos de seguridad para ni\u00f1os (1983)<br \/>\nUso de ni\u00f1os como sujetos en materiales pornogr\u00e1ficos (1977)<\/p>\n<p>Vacunaci\u00f3n contra el sarampi\u00f3n (rub\u00e9ola) (1990)<br \/>\nVenta de tabaco a menores de edad (1988)<br \/>\nViolencia en el hogar (1977)<br \/>\nViolencia y vandalismo (1980)<\/p>\n","protected":false},"excerpt":{"rendered":"<p>Descargar para imprimir el Resolutions Book (pdf) disponible solo en ingl\u00e9s. Proceso de resoluciones Nuestro punto de vista:\u00a0 Resoluciones tomadas durante la convenci\u00f3n y la reuni\u00f3n de la junta de gerentes Todos los a\u00f1os, los delegados de la PTA de California trabajan en las resoluciones presentadas por unidades, consejos y distritos de la PTA o [&hellip;]<\/p>\n","protected":false},"author":8,"featured_media":0,"parent":3065,"menu_order":0,"comment_status":"closed","ping_status":"closed","template":"","meta":{"footnotes":""},"class_list":["post-4479","page","type-page","status-publish","hentry","entry"],"_links":{"self":[{"href":"https:\/\/toolkit.capta.org\/es\/wp-json\/wp\/v2\/pages\/4479","targetHints":{"allow":["GET"]}}],"collection":[{"href":"https:\/\/toolkit.capta.org\/es\/wp-json\/wp\/v2\/pages"}],"about":[{"href":"https:\/\/toolkit.capta.org\/es\/wp-json\/wp\/v2\/types\/page"}],"author":[{"embeddable":true,"href":"https:\/\/toolkit.capta.org\/es\/wp-json\/wp\/v2\/users\/8"}],"replies":[{"embeddable":true,"href":"https:\/\/toolkit.capta.org\/es\/wp-json\/wp\/v2\/comments?post=4479"}],"version-history":[{"count":4,"href":"https:\/\/toolkit.capta.org\/es\/wp-json\/wp\/v2\/pages\/4479\/revisions"}],"predecessor-version":[{"id":11158,"href":"https:\/\/toolkit.capta.org\/es\/wp-json\/wp\/v2\/pages\/4479\/revisions\/11158"}],"up":[{"embeddable":true,"href":"https:\/\/toolkit.capta.org\/es\/wp-json\/wp\/v2\/pages\/3065"}],"wp:attachment":[{"href":"https:\/\/toolkit.capta.org\/es\/wp-json\/wp\/v2\/media?parent=4479"}],"curies":[{"name":"wp","href":"https:\/\/api.w.org\/{rel}","templated":true}]}}