{"id":4492,"date":"2013-10-28T15:39:48","date_gmt":"2013-10-28T22:39:48","guid":{"rendered":"http:\/\/toolkit.capta.org\/advocacy\/position-statements\/"},"modified":"2024-03-27T11:50:16","modified_gmt":"2024-03-27T18:50:16","slug":"position-statements","status":"publish","type":"page","link":"https:\/\/toolkit.capta.org\/es\/advocacy\/position-statements\/","title":{"rendered":"Declaraciones de Postura"},"content":{"rendered":"<p><a href=\"https:\/\/toolkit.capta.org\/es\/advocacy\/position-statements\/where-we-stand-position-statements\/\"><strong>Nuestro punto de vista: Declaraciones de postura<\/strong><\/a><\/p>\n<p><a href=\"https:\/\/toolkit.capta.org\/es\/advocacy\/position-statements\/health-care-access-for-children-youth-pregnant-women-and-their-families\/\">Acceso de ni\u00f1os, j\u00f3venes, mujeres embarazadas y sus familias a los servicios m\u00e9dicos<br \/>\n<\/a><a href=\"https:\/\/toolkit.capta.org\/es\/agua-potable-segura-en-las-escuelas\/\">Agua Potable Segura en las Escuelas<\/a><br \/>\n<a href=\"https:\/\/toolkit.capta.org\/es\/aprendizaje-socioemocional-esencial-para-una-educacion-integral\/\">Aprendizaje Socioemocional: Esencial para una Educaci\u00f3n Integral<\/a><br \/>\n<a href=\"https:\/\/toolkit.capta.org\/es\/advocacy\/position-statements\/firearms-and-assault-weapons\/\">Armas de fuego<br \/>\n<\/a><a href=\"https:\/\/toolkit.capta.org\/es\/advocacy\/position-statements\/school-attendance\/\">Asistencia escolar<br \/>\n<\/a><a href=\"https:\/\/toolkit.capta.org\/es\/advocacy\/position-statements\/assistance-to-families-in-need\/\">Ayuda a familias necesitadas<\/a><\/p>\n<p><a href=\"https:\/\/toolkit.capta.org\/es\/bebidas-azucaras\/\">Bebidas azucaras<\/a><\/p>\n<p><a href=\"https:\/\/toolkit.capta.org\/es\/advocacy\/position-statements\/school-basedlinked-health-centers\/\">Centros de salud con sede o vinculados a la escuela<br \/>\n<\/a><a href=\"https:\/\/toolkit.capta.org\/es\/advocacy\/position-statements\/zero-to-three-years-a-critical-period-in-a-childs-development\/\">Cero a tres a\u00f1os: Un periodo cr\u00edtico en el desarrollo de un ni\u00f1o<\/a><br \/>\n<a href=\"https:\/\/toolkit.capta.org\/es\/advocacy\/position-statements\/school-closure\/\">Cierre de escuelas<br \/>\n<\/a><a href=\"https:\/\/toolkit.capta.org\/es\/advocacy\/position-statements\/reduced-class-size-in-grades-tk-3\/\">Clases reducidas para los grados TK-3<br \/>\n<\/a><a href=\"https:\/\/toolkit.capta.org\/es\/advocacy\/position-statements\/commercialism-in-schools\/\" target=\"_blank\" rel=\"noopener noreferrer\">Comercialismo en las escuelas<\/a><a href=\"https:\/\/toolkit.capta.org\/es\/advocacy\/position-statements\/reduced-class-size-in-grades-k-3\/\"><br \/>\n<\/a><a href=\"https:\/\/toolkit.capta.org\/es\/advocacy\/position-statements\/gang-awareness\/\">Concienciaci\u00f3n con respecto a las pandillas<\/a><a href=\"https:\/\/toolkit.capta.org\/es\/advocacy\/position-statements\/reduced-class-size-in-grades-k-3\/\"><br \/>\n<\/a><a href=\"https:\/\/toolkit.capta.org\/es\/advocacy\/position-statements\/minor-consent-for-health-care\/\">Consentimiento de menores para cuidados m\u00e9dicos<br \/>\n<\/a><a href=\"https:\/\/toolkit.capta.org\/es\/advocacy\/position-statements\/energy-conservation\/\">Conservaci\u00f3n de la energ\u00eda<\/a><br \/>\n<a href=\"https:\/\/toolkit.capta.org\/es\/advocacy\/position-statements\/construyendo-un-clima-escolar-positivo-a-traves-de-practicas-de-justicia-restaurativa\/\">Construyendo un Clima Escolar Positivo A Trav\u00e9s de Pr\u00e1cticas de Justicia Restaurativa<\/a><br \/>\n<a href=\"https:\/\/toolkit.capta.org\/es\/advocacy\/position-statements\/covid-19\/\">COVID-19<\/a><br \/>\n<a href=\"https:\/\/toolkit.capta.org\/es\/advocacy\/position-statements\/chronic-illness-care-in-california-schools\/\">Cuidado de las enfermedades cr\u00f3nicas en las escuelas de California<\/a><\/p>\n<p><a href=\"https:\/\/toolkit.capta.org\/es\/advocacy\/position-statements\/foster-childrenyouth-and-foster-families\/\">Derechos de los ni\u00f1os baja el cuidado de crianza temporal y las familias de crianza<\/a><br \/>\n<a href=\"https:\/\/toolkit.capta.org\/es\/advocacy\/position-statements\/child-victimswitnesses-rights\/\">Derechos de los ni\u00f1os v\u00edctimas y testigos<\/a><br \/>\n<a href=\"https:\/\/toolkit.capta.org\/es\/advocacy\/position-statements\/rights-and-services-for-undocumented-children-and-children-of-undocumented-immigrants\/\">Derechos y servicios para ni\u00f1os indocumentados e hijos de inmigrantes indocumentados<\/a><br \/>\n<a href=\"https:\/\/toolkit.capta.org\/es\/advocacy\/position-statements\/positive-youth-development\/\">Desarrollo juvenil positivo<\/a><br \/>\n<a href=\"https:\/\/toolkit.capta.org\/es\/advocacy\/position-statements\/marijuana-providers-near-schools\/\">Dispensarios de marihuana cerca de las escuelas<\/a><\/p>\n<p><a href=\"https:\/\/toolkit.capta.org\/es\/advocacy\/position-statements\/nutrition-education\/\">Educaci\u00f3n de actividad f\u00edsica y nutrici\u00f3n<\/a><br \/>\n<a href=\"https:\/\/toolkit.capta.org\/es\/advocacy\/position-statements\/education-of-english-language-learners\/\">Educaci\u00f3n de los estudiantes del idioma ingl\u00e9s<\/a><br \/>\n<a href=\"https:\/\/toolkit.capta.org\/es\/advocacy\/position-statements\/character-education\/\">Educaci\u00f3n del Car\u00e1cter<\/a><br \/>\n<a href=\"https:\/\/toolkit.capta.org\/es\/advocacy\/position-statements\/year-round-education\/\">Educaci\u00f3n durante todo el a\u00f1o<br \/>\n<\/a><a href=\"https:\/\/toolkit.capta.org\/es\/advocacy\/position-statements\/basic-education\/\">Educaci\u00f3n elemental<br \/>\n<\/a><a href=\"https:\/\/toolkit.capta.org\/es\/advocacy\/position-statements\/special-education\/\">Educaci\u00f3n especial<\/a><a href=\"https:\/\/toolkit.capta.org\/es\/advocacy\/position-statements\/physical-education-k-12\/\"><br \/>\n<\/a><a href=\"https:\/\/toolkit.capta.org\/es\/advocacy\/position-statements\/parenting-education-and-skills-development\/\">Educaci\u00f3n para la crianza de los hijos y desarrollo de destrezas<br \/>\n<\/a><a href=\"https:\/\/toolkit.capta.org\/es\/advocacy\/position-statements\/health-education\/\">Educaci\u00f3n para la salud<br \/>\n<\/a><a href=\"https:\/\/toolkit.capta.org\/es\/advocacy\/position-statements\/education-higher-education\/\">Educaci\u00f3n: Educaci\u00f3n superior<br \/>\n<\/a><a href=\"https:\/\/toolkit.capta.org\/es\/advocacy\/position-statements\/arts-in-education\/\">El arte en la educaci\u00f3n<br \/>\n<\/a><a href=\"https:\/\/toolkit.capta.org\/es\/advocacy\/position-statements\/safe-school-environments\/\">Entorno escolar seguro<br \/>\n<\/a><a href=\"https:\/\/toolkit.capta.org\/es\/advocacy\/position-statements\/lead-poisoning\/\">Envenenamiento con plomo<br \/>\n<\/a><a href=\"https:\/\/toolkit.capta.org\/es\/advocacy\/position-statements\/equal-rights\/\">Equidad Para Todos Los Ni\u00f1os y J\u00f3venes<\/a><br \/>\n<a href=\"https:\/\/toolkit.capta.org\/es\/advocacy\/position-statements\/charter-schools\/\">Escuelas aut\u00f3nomas (charter)<br \/>\n<\/a><a href=\"https:\/\/toolkit.capta.org\/es\/advocacy\/position-statements\/grief-sensitive-schools-building-healthy-coping-skills\/\">Escuelas sensibles al dolor: construyendo habilidades saludables para enfrentar el dolor<\/a><br \/>\n<a href=\"https:\/\/toolkit.capta.org\/es\/advocacy\/position-statements\/assessment\/\">Evaluaci\u00f3n (Todo el estado)<br \/>\n<\/a><a href=\"https:\/\/toolkit.capta.org\/es\/advocacy\/position-statements\/evaluation-of-teachers\/\">Evaluaci\u00f3n de maestros<br \/>\n<\/a><a href=\"https:\/\/toolkit.capta.org\/es\/advocacy\/position-statements\/student-records\/\">Expedientes de los estudiantes<\/a><\/p>\n<p><a href=\"https:\/\/toolkit.capta.org\/es\/advocacy\/position-statements\/funding-of-mandated-programs-effect-on-public-education\/\">Financiaci\u00f3n de programas obligatorios: efecto sobre la educaci\u00f3n p\u00fablica<\/a><\/p>\n<p><a href=\"https:\/\/toolkit.capta.org\/es\/advocacy\/position-statements\/child-care\/\">Guarder\u00edas infantiles<\/a><\/p>\n<p><a href=\"https:\/\/toolkit.capta.org\/es\/advocacy\/position-statements\/inclusiveness-and-diversity\/\">Inclusi\u00f3n y diversidad<\/a><br \/>\n<a href=\"https:\/\/toolkit.capta.org\/es\/advocacy\/position-statements\/lottery-revenue-and-public-school-funding\/\">Ingresos de loter\u00eda y financiamiento de las escuelas p\u00fablicas<\/a><\/p>\n<p><a href=\"https:\/\/toolkit.capta.org\/es\/advocacy\/position-statements\/la-educacion-a-distancia\/\">La educaci\u00f3n a distancia<\/a><br \/>\n<a href=\"https:\/\/toolkit.capta.org\/es\/advocacy\/position-statements\/education-support-of-public-education\/\">La educaci\u00f3n y el apoyo a la educaci\u00f3n p\u00fablica<br \/>\n<\/a><a href=\"https:\/\/toolkit.capta.org\/es\/advocacy\/position-statements\/education-parental-choice-in-public-schools\/\">La educaci\u00f3n y la elecci\u00f3n de los padres en las escuelas p\u00fablicas<br \/>\n<\/a><a href=\"https:\/\/toolkit.capta.org\/es\/advocacy\/position-statements\/education-the-early-years-ages-3-to-6\/\">La educaci\u00f3n y la ense\u00f1anza preescolar (de 3 a 6 a\u00f1os)<br \/>\n<\/a><a href=\"https:\/\/toolkit.capta.org\/es\/advocacy\/position-statements\/education-the-elementary-years-ages-6-to-10\/\">La educaci\u00f3n y la escuela elemental (de 6 a 10 a\u00f1os)<br \/>\n<\/a><a href=\"https:\/\/toolkit.capta.org\/es\/advocacy\/position-statements\/education-the-middle-years-ages-10-to-14\/\">La educaci\u00f3n y la escuela media (de 10 a 14 a\u00f1os)<br \/>\n<\/a><a href=\"https:\/\/toolkit.capta.org\/es\/advocacy\/position-statements\/education-the-high-school-years-ages-14-to-18\/\">La educaci\u00f3n y la escuela secundaria (de 14 a 18 a\u00f1os)<br \/>\n<\/a><a href=\"https:\/\/toolkit.capta.org\/es\/advocacy\/position-statements\/education-opposing-vouchers-tuition-tax-credits-and-deductions-as-systems-of-education-aid\/\">La educaci\u00f3n y la oposici\u00f3n a los vales escolares (vouchers) y a los cr\u00e9ditos y deducciones tributarias por pago de matr\u00edcula como sistema de financiamiento para la educaci\u00f3n<\/a><br \/>\n<a href=\"https:\/\/toolkit.capta.org\/es\/advocacy\/position-statements\/freedom-to-learn\/\">Libertad para aprender<br \/>\n<\/a><a href=\"https:\/\/toolkit.capta.org\/es\/advocacy\/position-statements\/juvenile-offenders-in-the-justice-system\/\">Los delincuentes juveniles en el sistema judicial<br \/>\n<\/a><a href=\"https:\/\/toolkit.capta.org\/es\/advocacy\/position-statements\/mass-media-and-the-family\/\">Los medios de comunicaci\u00f3n masiva y la familia<\/a><\/p>\n<p><a href=\"https:\/\/toolkit.capta.org\/es\/advocacy\/position-statements\/child-abuse\/\">Maltrato infantil<br \/>\n<\/a><a href=\"https:\/\/toolkit.capta.org\/es\/advocacy\/position-statements\/instructional-materials\/\">Materiales did\u00e1cticos<\/a><\/p>\n<p><a href=\"https:\/\/toolkit.capta.org\/es\/advocacy\/position-statements\/public-school-employer-employee-negotiations\/\">Negociaciones entre empleados y los empleadores en las escuelas p\u00fablicas<br \/>\nNi\u00f1os desaparecidos y explotados<br \/>\n<\/a><a href=\"https:\/\/toolkit.capta.org\/es\/advocacy\/position-statements\/homeless-familieschildren\/\">Ni\u00f1os\u00a0y familias sin hogar<\/a><\/p>\n<p><a href=\"https:\/\/toolkit.capta.org\/es\/advocacy\/position-statements\/before-and-after-school-options-for-children-and-youth\/\">Opciones para ni\u00f1os y j\u00f3venes antes y despu\u00e9s del horario escolar<\/a><\/p>\n<p><a href=\"https:\/\/toolkit.capta.org\/es\/advocacy\/position-statements\/student-participation-in-public-demonstrations\/\">Participaci\u00f3n de los estudiantes en manifestaciones p\u00fablicas<br \/>\n<\/a><a href=\"https:\/\/toolkit.capta.org\/es\/advocacy\/position-statements\/youth-involvement\/\">Participaci\u00f3n de los j\u00f3venes<br \/>\n<\/a><a href=\"https:\/\/toolkit.capta.org\/es\/advocacy\/position-statements\/parent-involvement-building-bridges-and-eliminating-barriers\/\">Participaci\u00f3n de los padres: construcci\u00f3n de puentes y eliminaci\u00f3n de las barreras<br \/>\n<\/a><a href=\"https:\/\/toolkit.capta.org\/es\/advocacy\/position-statements\/family-engagement-in-credentialing-programs\/\">Participaci\u00f3n familiar en programas de acreditaci\u00f3n<br \/>\n<\/a><a href=\"https:\/\/toolkit.capta.org\/es\/advocacy\/position-statements\/public-involvement-in-school-governance\/\">Participaci\u00f3n p\u00fablica en la gesti\u00f3n escolar<\/a><br \/>\n<a href=\"https:\/\/toolkit.capta.org\/es\/advocacy\/position-statements\/dangers-of-energy-caffeinated-drinks\/\">Peligros de las Bebidas Energ\u00e9ticas y Cafe\u00edna<\/a><br \/>\n<a href=\"https:\/\/toolkit.capta.org\/es\/advocacy\/position-statements\/credentialed-school-personnel\/\">Personal escolar acreditado<br \/>\n<\/a><a href=\"https:\/\/toolkit.capta.org\/es\/advocacy\/position-statements\/toy-look-alike-guns\/\">Pistolas de juguete<br \/>\n<\/a><a href=\"https:\/\/toolkit.capta.org\/es\/advocacy\/position-statements\/family-planning\/\">Planificaci\u00f3n familiar<br \/>\n<\/a><a href=\"https:\/\/toolkit.capta.org\/es\/advocacy\/position-statements\/delinquency-prevention\/\">Prevenci\u00f3n de la delincuencia<br \/>\n<\/a><a href=\"https:\/\/toolkit.capta.org\/es\/advocacy\/position-statements\/teen-dating-violence-prevention\/\">Prevenci\u00f3n de violencia en parejas de adolescentes<br \/>\n<\/a><a href=\"https:\/\/toolkit.capta.org\/es\/advocacy\/position-statements\/prevention-of-teen-pregnancy\/\">Prevenci\u00f3n del embarazo en adolescentes<br \/>\n<\/a><a href=\"https:\/\/toolkit.capta.org\/es\/advocacy\/position-statements\/television-programming\/\">Programaci\u00f3n televisiva<br \/>\n<\/a><a href=\"https:\/\/toolkit.capta.org\/es\/advocacy\/position-statements\/prevention-and-intervention-programs\/\">Programas de prevenci\u00f3n e intervenci\u00f3n<\/a><\/p>\n<p><a href=\"https:\/\/toolkit.capta.org\/es\/advocacy\/position-statements\/state-tax-reform\/\">Reforma tributaria estatal<br \/>\n<\/a><a href=\"https:\/\/toolkit.capta.org\/es\/advocacy\/position-statements\/inerpersonal-relations\/\">Relaciones interpersonales<\/a><br \/>\n<a href=\"https:\/\/toolkit.capta.org\/es\/advocacy\/position-statements\/family-responsibility-and-accountability\/\">Responsabilidad y rendici\u00f3n de cuentas de la familia<\/a><\/p>\n<p><a href=\"https:\/\/toolkit.capta.org\/es\/advocacy\/position-statements\/behavioral-health-and-social-emotional-development\/\">Salud del comportamiento y desarrollo emocional social<br \/>\n<\/a><a href=\"https:\/\/toolkit.capta.org\/es\/advocacy\/position-statements\/environmental-health-and-environmental-education\/\">Salud y educaci\u00f3n ambiental<\/a><br \/>\n<a href=\"https:\/\/toolkit.capta.org\/es\/advocacy\/position-statements\/vaccinations\/\" target=\"_blank\" rel=\"noopener noreferrer\">Salud de las vacunas<\/a><br \/>\n<a href=\"https:\/\/toolkit.capta.org\/es\/advocacy\/position-statements\/school-bus-safety\/\">Seguridad en los autobuses escolares<br \/>\n<\/a><a href=\"https:\/\/toolkit.capta.org\/es\/advocacy\/position-statements\/family-services\/\">Servicios a la familia<br \/>\n<\/a><a href=\"https:\/\/toolkit.capta.org\/es\/advocacy\/position-statements\/library-services\/\">Servicios de biblioteca<br \/>\n<\/a><a href=\"https:\/\/toolkit.capta.org\/es\/advocacy\/position-statements\/services-for-children-of-undocumented-immigrants\/\">Servicios para los hijos de inmigrantes indocumentados<br \/>\n<\/a><a href=\"https:\/\/toolkit.capta.org\/es\/advocacy\/position-statements\/school-desegregationintegration\/\">Supresi\u00f3n del racismo e integraci\u00f3n racial en las escuelas<\/a><\/p>\n<p><a href=\"https:\/\/toolkit.capta.org\/es\/advocacy\/position-statements\/school-based-decision-making\/\">Toma de decisiones con base en la escuela<br \/>\n<\/a><a href=\"https:\/\/toolkit.capta.org\/es\/advocacy\/position-statements\/school-to-career-technical-education\/\">Transici\u00f3n del sistema educativo al mundo profesional o laboral<\/a><\/p>\n<p><a href=\"https:\/\/toolkit.capta.org\/es\/advocacy\/position-statements\/fair-housing\/\">Vivienda digna<\/a><br \/>\n<a href=\"https:\/\/toolkit.capta.org\/es\/advocacy\/position-statements\/votacion-2\/\">Votaci\u00f3n<\/a><\/p>\n","protected":false},"excerpt":{"rendered":"<p>Nuestro punto de vista: Declaraciones de postura Acceso de ni\u00f1os, j\u00f3venes, mujeres embarazadas y sus familias a los servicios m\u00e9dicos Agua Potable Segura en las Escuelas Aprendizaje Socioemocional: Esencial para una Educaci\u00f3n Integral Armas de fuego Asistencia escolar Ayuda a familias necesitadas Bebidas azucaras Centros de salud con sede o vinculados a la escuela Cero [&hellip;]<\/p>\n","protected":false},"author":8,"featured_media":0,"parent":3065,"menu_order":0,"comment_status":"closed","ping_status":"closed","template":"","meta":{"footnotes":""},"class_list":["post-4492","page","type-page","status-publish","hentry","entry"],"_links":{"self":[{"href":"https:\/\/toolkit.capta.org\/es\/wp-json\/wp\/v2\/pages\/4492","targetHints":{"allow":["GET"]}}],"collection":[{"href":"https:\/\/toolkit.capta.org\/es\/wp-json\/wp\/v2\/pages"}],"about":[{"href":"https:\/\/toolkit.capta.org\/es\/wp-json\/wp\/v2\/types\/page"}],"author":[{"embeddable":true,"href":"https:\/\/toolkit.capta.org\/es\/wp-json\/wp\/v2\/users\/8"}],"replies":[{"embeddable":true,"href":"https:\/\/toolkit.capta.org\/es\/wp-json\/wp\/v2\/comments?post=4492"}],"version-history":[{"count":3,"href":"https:\/\/toolkit.capta.org\/es\/wp-json\/wp\/v2\/pages\/4492\/revisions"}],"predecessor-version":[{"id":11191,"href":"https:\/\/toolkit.capta.org\/es\/wp-json\/wp\/v2\/pages\/4492\/revisions\/11191"}],"up":[{"embeddable":true,"href":"https:\/\/toolkit.capta.org\/es\/wp-json\/wp\/v2\/pages\/3065"}],"wp:attachment":[{"href":"https:\/\/toolkit.capta.org\/es\/wp-json\/wp\/v2\/media?parent=4492"}],"curies":[{"name":"wp","href":"https:\/\/api.w.org\/{rel}","templated":true}]}}