{"id":4497,"date":"2013-11-19T12:33:33","date_gmt":"2013-11-19T20:33:33","guid":{"rendered":"http:\/\/toolkit.capta.org\/advocacy\/position-statements\/where-we-stand-position-statements\/"},"modified":"2017-10-30T16:48:48","modified_gmt":"2017-10-30T23:48:48","slug":"where-we-stand-position-statements","status":"publish","type":"page","link":"https:\/\/toolkit.capta.org\/es\/advocacy\/position-statements\/where-we-stand-position-statements\/","title":{"rendered":"Nuestro punto de vista: Declaraciones de postura"},"content":{"rendered":"<p>Ocasionalmente, la Junta de Directores de la PTA de California lleva a cabo estudios sobre problemas de inter\u00e9s general a la luz de los prop\u00f3sitos de la PTA y de los problemas que afectan la salud, la educaci\u00f3n y el bienestar de los ni\u00f1os y j\u00f3venes.<\/p>\n<p>Un estudio puede tener como resultado la formulaci\u00f3n y adopci\u00f3n de una declaraci\u00f3n que establece, aclara o interpreta una postura o creencia de la PTA. Las declaraciones de postura son la base para realizar gestiones legislativas y otras gestiones de PTA de California.<\/p>\n<p>Una vez que han sido adoptadas, las declaraciones de postura, las resoluciones y las posiciones generales de la Junta se convierten en posturas de la PTA de California y permanecen vigentes hasta que sean enmendadas, rescindidas o retiradas.<\/p>\n<p>No est\u00e1 permitido introducir ninguna declaraci\u00f3n nueva, resoluci\u00f3n o postura general de la Junta que est\u00e9 en conflicto con una postura existente, a menos que esta sea rescindida antes. La Junta de Directores de la PTA de California no puede enmendar o rescindir las resoluciones, ni ninguna postura de la Junta puede entrar en conflicto con alguna resoluci\u00f3n.<\/p>\n<p>Las declaraciones se revisan cada cinco a\u00f1os para ser revisadas, revisadas y consideradas relevantes o retiradas. Las declaraciones que incluyen citas extra\u00eddas de la ley estatal o federal son revisadas anualmente. Las fechas debajo del t\u00edtulo de cada declaraci\u00f3n representan la fecha en que la declaraci\u00f3n fue adoptada por primera vez y la fecha de la \u00faltima revisi\u00f3n o ratificaci\u00f3n.<\/p>\n","protected":false},"excerpt":{"rendered":"<p>Ocasionalmente, la Junta de Directores de la PTA de California lleva a cabo estudios sobre problemas de inter\u00e9s general a la luz de los prop\u00f3sitos de la PTA y de los problemas que afectan la salud, la educaci\u00f3n y el bienestar de los ni\u00f1os y j\u00f3venes. Un estudio puede tener como resultado la formulaci\u00f3n y [&hellip;]<\/p>\n","protected":false},"author":8,"featured_media":0,"parent":4492,"menu_order":0,"comment_status":"closed","ping_status":"closed","template":"","meta":{"footnotes":""},"class_list":["post-4497","page","type-page","status-publish","hentry","entry"],"_links":{"self":[{"href":"https:\/\/toolkit.capta.org\/es\/wp-json\/wp\/v2\/pages\/4497","targetHints":{"allow":["GET"]}}],"collection":[{"href":"https:\/\/toolkit.capta.org\/es\/wp-json\/wp\/v2\/pages"}],"about":[{"href":"https:\/\/toolkit.capta.org\/es\/wp-json\/wp\/v2\/types\/page"}],"author":[{"embeddable":true,"href":"https:\/\/toolkit.capta.org\/es\/wp-json\/wp\/v2\/users\/8"}],"replies":[{"embeddable":true,"href":"https:\/\/toolkit.capta.org\/es\/wp-json\/wp\/v2\/comments?post=4497"}],"version-history":[{"count":1,"href":"https:\/\/toolkit.capta.org\/es\/wp-json\/wp\/v2\/pages\/4497\/revisions"}],"predecessor-version":[{"id":9010,"href":"https:\/\/toolkit.capta.org\/es\/wp-json\/wp\/v2\/pages\/4497\/revisions\/9010"}],"up":[{"embeddable":true,"href":"https:\/\/toolkit.capta.org\/es\/wp-json\/wp\/v2\/pages\/4492"}],"wp:attachment":[{"href":"https:\/\/toolkit.capta.org\/es\/wp-json\/wp\/v2\/media?parent=4497"}],"curies":[{"name":"wp","href":"https:\/\/api.w.org\/{rel}","templated":true}]}}