{"id":4505,"date":"2013-11-19T15:36:07","date_gmt":"2013-11-19T23:36:07","guid":{"rendered":"http:\/\/toolkit.capta.org\/advocacy\/position-statements\/arts-in-education\/"},"modified":"2022-09-29T17:21:11","modified_gmt":"2022-09-30T00:21:11","slug":"arts-in-education","status":"publish","type":"page","link":"https:\/\/toolkit.capta.org\/es\/advocacy\/position-statements\/arts-in-education\/","title":{"rendered":"El arte en la educaci\u00f3n"},"content":{"rendered":"<p align=\"center\"><em>Adoptada en marzo de 1985 \u2013 Revisada y considerada relevante en abril de 2022 \u2013 Comisi\u00f3n de Educaci\u00f3n<\/em><\/p>\n<p>PTA de California considera que las artes pl\u00e1sticas y esc\u00e9nicas deben formar parte b\u00e1sica e integral de un plan de estudios balanceado del cual puedan disfrutar todos los estudiantes.<\/p>\n<p>PTA de California considera que las artes pl\u00e1sticas y esc\u00e9nicas pueden:<\/p>\n<ul>\n<li>Incentivar el rendimiento acad\u00e9mico estudiantil en todas las \u00e1reas del plan de estudios.<\/li>\n<li>Transmitir los conocimientos b\u00e1sicos esenciales que motivan a los estudiantes a apreciar la historia y la cultura de la humanidad.<\/li>\n<li>Capacitar a los estudiantes en el desarrollo de destrezas superiores de pensamiento.<\/li>\n<li>Capacitar a los estudiantes para descubrir y expresar su propia creatividad.<\/li>\n<li>Ayudar a los estudiantes a desarrollar una apreciaci\u00f3n vitalicia de las artes.<\/li>\n<\/ul>\n<p>PTA de California considera que un programa art\u00edstico de calidad debe:<\/p>\n<ul>\n<li>Ser estructurado, secuencial y basado en la disciplina.<\/li>\n<li>Ofrecerse como parte integral del programa educativo habitual desde el jard\u00edn de ni\u00f1os hasta la secundaria.<\/li>\n<li>Ser impartido por maestros competentes que hayan sido capacitados de forma adecuada y que hayan asistido a programas de capacitaci\u00f3n pr\u00e1ctica.<\/li>\n<li>Mejorado por especialistas en arte que presten su experiencia al programa art\u00edstico.<\/li>\n<li>Impartirse en instalaciones especialmente dise\u00f1adas para el programa de arte.<\/li>\n<li>Contar con materiales y recursos de alta calidad.<\/li>\n<li>Ser una oportunidad para investigar carreras art\u00edsticas, y<\/li>\n<li>Ser requisito para la graduaci\u00f3n de la escuela secundaria.<\/li>\n<\/ul>\n","protected":false},"excerpt":{"rendered":"<p>Adoptada en marzo de 1985 \u2013 Revisada y considerada relevante en abril de 2022 \u2013 Comisi\u00f3n de Educaci\u00f3n PTA de California considera que las artes pl\u00e1sticas y esc\u00e9nicas deben formar parte b\u00e1sica e integral de un plan de estudios balanceado del cual puedan disfrutar todos los estudiantes. PTA de California considera que las artes pl\u00e1sticas [&hellip;]<\/p>\n","protected":false},"author":8,"featured_media":0,"parent":4492,"menu_order":0,"comment_status":"closed","ping_status":"closed","template":"","meta":{"footnotes":""},"class_list":["post-4505","page","type-page","status-publish","hentry","entry"],"_links":{"self":[{"href":"https:\/\/toolkit.capta.org\/es\/wp-json\/wp\/v2\/pages\/4505","targetHints":{"allow":["GET"]}}],"collection":[{"href":"https:\/\/toolkit.capta.org\/es\/wp-json\/wp\/v2\/pages"}],"about":[{"href":"https:\/\/toolkit.capta.org\/es\/wp-json\/wp\/v2\/types\/page"}],"author":[{"embeddable":true,"href":"https:\/\/toolkit.capta.org\/es\/wp-json\/wp\/v2\/users\/8"}],"replies":[{"embeddable":true,"href":"https:\/\/toolkit.capta.org\/es\/wp-json\/wp\/v2\/comments?post=4505"}],"version-history":[{"count":4,"href":"https:\/\/toolkit.capta.org\/es\/wp-json\/wp\/v2\/pages\/4505\/revisions"}],"predecessor-version":[{"id":10839,"href":"https:\/\/toolkit.capta.org\/es\/wp-json\/wp\/v2\/pages\/4505\/revisions\/10839"}],"up":[{"embeddable":true,"href":"https:\/\/toolkit.capta.org\/es\/wp-json\/wp\/v2\/pages\/4492"}],"wp:attachment":[{"href":"https:\/\/toolkit.capta.org\/es\/wp-json\/wp\/v2\/media?parent=4505"}],"curies":[{"name":"wp","href":"https:\/\/api.w.org\/{rel}","templated":true}]}}