{"id":4514,"date":"2013-11-19T15:37:43","date_gmt":"2013-11-19T23:37:43","guid":{"rendered":"http:\/\/toolkit.capta.org\/advocacy\/position-statements\/assistance-to-families-in-need\/"},"modified":"2024-03-27T10:36:39","modified_gmt":"2024-03-27T17:36:39","slug":"assistance-to-families-in-need","status":"publish","type":"page","link":"https:\/\/toolkit.capta.org\/es\/advocacy\/position-statements\/assistance-to-families-in-need\/","title":{"rendered":"Ayuda a familias necesitadas"},"content":{"rendered":"<p align=\"center\"><em>Adoptada en febrero de 1998 \u2013 Revisada y considerada relevante en noviembre de 2017 \u2013 Comisi\u00f3n de Asuntos Comunitarios<\/em><\/p>\n<p>La PTA del Estado de California cree que los ni\u00f1os son nuestro recurso natural m\u00e1s importante, que la familia es la unidad b\u00e1sica de la sociedad responsable del apoyo y la crianza de los ni\u00f1os. Las familias vienen en muchas formas y tama\u00f1os. Esto incluye, entre otros, hijos, padres, incluidos los legales y de crianza, abuelos, familiares extendidos, c\u00f3nyuges, parejas de hecho, hermanos y amigos cercanos. Deben hacerse todos los esfuerzos posibles para garantizar que las pol\u00edticas p\u00fablicas concuerden con el mejor inter\u00e9s para los ni\u00f1os y las familias. La PTA del Estado de California cree adem\u00e1s que la sociedad tiene la responsabilidad de establecer pol\u00edticas que garanticen servicios comunitarios y programas de asistencia eficaces cuando sea necesario para las familias necesitadas. Estos programas deben estructurarse y ejecutarse de manera que contribuyan a la integridad y la estabilidad a largo plazo de las familias y garanticen que los ni\u00f1os tengan el apoyo adecuado para satisfacer sus necesidades b\u00e1sicas.<\/p>\n<p>PTA de California apoya los programas gubernamentales de asistencia que tienen el fin de ayudar a las familias a superar las crisis temporales y proteger a los ni\u00f1os de los efectos extremos de la pobreza. La PTA de California considera que el gobierno tiene la responsabilidad de planear y coordinar este tipo de programas para las familias necesitadas mediante la definici\u00f3n clara de la responsabilidad de cada sector del gobierno y el cumplimiento de la responsabilidad fiscal gubernamental, siempre y cuando las prioridades de los ni\u00f1os y j\u00f3venes ocupen el lugar m\u00e1s importante.<\/p>\n<p>PTA de California considera que para lograr que los programas a favor de las familias necesitadas de apoyo gubernamental puedan ayudar eficazmente a las familias a ser autosuficientes y permanecer as\u00ed, dichos programas deben incluir al menos los siguientes elementos:<\/p>\n<ul>\n<li>Capacitaci\u00f3n laboral, colocaci\u00f3n laboral y creaci\u00f3n de empleos:\n<ul>\n<li>Capacitar y colocar a los beneficiarios en programas laborales para que se conviertan en personas autosuficientes.<\/li>\n<li>Promover oportunidades para que los padres adolescentes completen los programas de educaci\u00f3n b\u00e1sica.<\/li>\n<li>Proporcionar acceso a educaci\u00f3n comunitaria y de adultos, escuelas t\u00e9cnicas profesionales y programas de capacitaci\u00f3n laboral que satisfagan las necesidades del lugar de trabajo tecnol\u00f3gico altamente calificado.<\/li>\n<li>Coordinar las fuentes de empleo de la comunidad para la creaci\u00f3n de empleos.<\/li>\n<li>Exigir la responsabilidad de las familias en cuanto al trabajo, la capacitaci\u00f3n y la educaci\u00f3n.<\/li>\n<\/ul>\n<\/li>\n<li>Coordinaci\u00f3n de los programas de salud y bienestar y servicios de apoyo necesarios:\n<ul>\n<li>Guarder\u00edas para ni\u00f1os de calidad y bajo costo que ofrezcan horarios flexibles y garanticen el pago de proveedores autorizados hasta que los padres de familia terminen la transici\u00f3n entre la asistencia y el trabajo.<\/li>\n<li>Servicios de transporte p\u00fablico o privado confiables para desplazarse a los centros de servicios y al trabajo.<\/li>\n<li>Sistema de salud que proporcione acceso equitativo a una medicina preventiva b\u00e1sica de calidad y a bajo costo y a servicios adecuados de asistencia en el campo de la salud mental y la orientaci\u00f3n psicol\u00f3gica.<\/li>\n<li>Recaudaci\u00f3n y distribuci\u00f3n obligatoria de los pagos de pensi\u00f3n alimenticia otorgados por ley.<\/li>\n<li>Obtenci\u00f3n de viviendas seguras y a bajo costo.<\/li>\n<li>Servicios nutricionales adecuados para prevenir los problemas de salud y de aprendizaje asociados con el hambre y la desnutrici\u00f3n.<\/li>\n<li>Educaci\u00f3n p\u00fablica gratuita y competente en un entorno acad\u00e9mico lo menos limitante posible y con el financiamiento para los requisitos no acad\u00e9micos de todos los individuos con necesidades especiales.<\/li>\n<\/ul>\n<\/li>\n<li>Requisitos de idoneidad:\n<ul>\n<li>Plazos de tiempo razonables y flexibles que permitan a las familias lograr la autosuficiencia.<\/li>\n<li>Pol\u00edticas estatales que inviten a las familias a permanecer unidas cuando esta sea la soluci\u00f3n m\u00e1s beneficiosa para sus hijos y que eliminen los obst\u00e1culos que les impiden a las familias de dos progenitores recibir los beneficios.<\/li>\n<li>Un sistema que proporcione un nivel m\u00ednimo de existencia y no castigue a las familias trabajadoras.<\/li>\n<\/ul>\n<\/li>\n<\/ul>\n<p>PTA de California considera que los programas para ayudar a las familias necesitadas deben incorporar una red de seguridad para los individuos que no cumplen con los requisitos de idoneidad, a fin de garantizar que todos los ni\u00f1os que residen en California tengan el derecho de acceder a una educaci\u00f3n de calidad, alimentaci\u00f3n y vivienda adecuadas y servicios de salud b\u00e1sicos.<\/p>\n","protected":false},"excerpt":{"rendered":"<p>Adoptada en febrero de 1998 \u2013 Revisada y considerada relevante en noviembre de 2017 \u2013 Comisi\u00f3n de Asuntos Comunitarios La PTA del Estado de California cree que los ni\u00f1os son nuestro recurso natural m\u00e1s importante, que la familia es la unidad b\u00e1sica de la sociedad responsable del apoyo y la crianza de los ni\u00f1os. Las [&hellip;]<\/p>\n","protected":false},"author":8,"featured_media":0,"parent":4492,"menu_order":0,"comment_status":"closed","ping_status":"closed","template":"","meta":{"footnotes":""},"class_list":["post-4514","page","type-page","status-publish","hentry","entry"],"_links":{"self":[{"href":"https:\/\/toolkit.capta.org\/es\/wp-json\/wp\/v2\/pages\/4514","targetHints":{"allow":["GET"]}}],"collection":[{"href":"https:\/\/toolkit.capta.org\/es\/wp-json\/wp\/v2\/pages"}],"about":[{"href":"https:\/\/toolkit.capta.org\/es\/wp-json\/wp\/v2\/types\/page"}],"author":[{"embeddable":true,"href":"https:\/\/toolkit.capta.org\/es\/wp-json\/wp\/v2\/users\/8"}],"replies":[{"embeddable":true,"href":"https:\/\/toolkit.capta.org\/es\/wp-json\/wp\/v2\/comments?post=4514"}],"version-history":[{"count":3,"href":"https:\/\/toolkit.capta.org\/es\/wp-json\/wp\/v2\/pages\/4514\/revisions"}],"predecessor-version":[{"id":11179,"href":"https:\/\/toolkit.capta.org\/es\/wp-json\/wp\/v2\/pages\/4514\/revisions\/11179"}],"up":[{"embeddable":true,"href":"https:\/\/toolkit.capta.org\/es\/wp-json\/wp\/v2\/pages\/4492"}],"wp:attachment":[{"href":"https:\/\/toolkit.capta.org\/es\/wp-json\/wp\/v2\/media?parent=4514"}],"curies":[{"name":"wp","href":"https:\/\/api.w.org\/{rel}","templated":true}]}}