{"id":4527,"date":"2013-11-19T15:40:25","date_gmt":"2013-11-19T23:40:25","guid":{"rendered":"http:\/\/toolkit.capta.org\/advocacy\/position-statements\/character-education\/"},"modified":"2025-06-24T11:41:28","modified_gmt":"2025-06-24T18:41:28","slug":"character-education","status":"publish","type":"page","link":"https:\/\/toolkit.capta.org\/es\/advocacy\/position-statements\/character-education\/","title":{"rendered":"Educaci\u00f3n del Car\u00e1cter"},"content":{"rendered":"<p align=\"center\"><em>Adoptada en 1968 \u2013\u00a0 Revisado por la Junta de Administradores en febrero de 2025<\/em><\/p>\n<p>La PTA de California cree que la responsabilidad de la educaci\u00f3n del car\u00e1cter es compartida por el hogar, el lugar de culto, la escuela y la comunidad. La educaci\u00f3n del car\u00e1cter es la educaci\u00f3n que nutre y promueve el desarrollo \u00e9tico, intelectual, social y emocional de las personas. Es un proceso de aprendizaje continuo que permite que los estudiantes se conviertan en individuos de buena moral, afectuosos cr\u00edticos y responsables<\/p>\n<p>Los programas efectivos de educaci\u00f3n del car\u00e1cter requieren la participaci\u00f3n de toda la comunidad. Dichos programas deben integrarse en todo el curr\u00edculo escolar y la cultura a trav\u00e9s del desarrollo curricular, la creaci\u00f3n de consenso, el compromiso comunitario, la tecnolog\u00eda y el desarrollo profesional.<\/p>\n<p>La educaci\u00f3n del car\u00e1cter ayuda a los estudiantes a alcanzar objetivos acad\u00e9micos, profesionales y de desarrollo social\/emocional para convertirse en contribuyentes positivos de la sociedad. La educaci\u00f3n integral de car\u00e1cter aborda muchos problemas dif\u00edciles en la educaci\u00f3n al tiempo que apoya un clima escolar positivo. La educaci\u00f3n del car\u00e1cter incluye y complementa una amplia gama de enfoques educativos, como la educaci\u00f3n completa del ni\u00f1o, el aprendizaje a trav\u00e9s del servicio, el aprendizaje socioemocional y la educaci\u00f3n c\u00edvica. Todos comparten el compromiso de ayudar a los j\u00f3venes a ser ciudadanos responsables, solidarios y contribuyentes.<\/p>\n<p>Un curr\u00edculo de educaci\u00f3n del car\u00e1cter debe incorporar los conceptos de responsabilidad, respeto, integridad, compasi\u00f3n, comprensi\u00f3n, honestidad, justicia, empat\u00eda, perseverancia y valor, los cuales incluyen:<\/p>\n<ul>\n<li>Responsabilidad de sus propios actos.<\/li>\n<li>Respeto por el valor propio\u00a0 y la dignidad;<\/li>\n<li>Respeto por los padres, maestros y personas de autoridad;<\/li>\n<li>Desarrollo de la autodisciplina, la auto-responsabilidad y la civilidad hacia los dem\u00e1s;<\/li>\n<li>Respeto a los miembros del hogar, la escuela y la comunidad;<\/li>\n<li>Respeto y comprensi\u00f3n de las diferencias en el estatus socioecon\u00f3mico, raza, etnia, habilidad de lenguaje, identidad de g\u00e9nero, orientaci\u00f3n sexual, creencias religiosas y habilidades f\u00edsicas para todos los individuos;<\/li>\n<li>Consideraci\u00f3n de los derechos del grupo y individuales;<\/li>\n<li>Desarrollo de integridad, comprensi\u00f3n, honestidad, lealtad, confiabilidad, imparcialidad y compasi\u00f3n;<\/li>\n<li>Desarrollo de la perseverancia y el coraje;<\/li>\n<li>Capacidad para pensar de forma independiente, cr\u00edtica, objetiva y creativa.<\/li>\n<\/ul>\n<p>Las escuelas que adoptan la educaci\u00f3n del car\u00e1cter se convierten en lugares donde las personas quieren estar porque sacan lo mejor de todos.<\/p>\n<p>La PTA de California considera que, para ser efectiva en las escuelas, la educaci\u00f3n del car\u00e1cter debe involucrar a todos (personal escolar, padres, estudiantes y miembros de la comunidad) y ser parte de cada d\u00eda escolar. Todos los adultos deben servir como modelos a seguir. La educaci\u00f3n del car\u00e1cter debe integrarse tanto en el curr\u00edculo como en la cultura escolar. Cuando esto sucede y las comunidades escolares se unen para desarrollar el car\u00e1cter, los estudiantes se convierten en ciudadanos globales respetuosos y solidarios.<\/p>\n","protected":false},"excerpt":{"rendered":"<p>Adoptada en 1968 \u2013\u00a0 Revisado por la Junta de Administradores en febrero de 2025 La PTA de California cree que la responsabilidad de la educaci\u00f3n del car\u00e1cter es compartida por el hogar, el lugar de culto, la escuela y la comunidad. La educaci\u00f3n del car\u00e1cter es la educaci\u00f3n que nutre y promueve el desarrollo \u00e9tico, [&hellip;]<\/p>\n","protected":false},"author":8,"featured_media":0,"parent":4492,"menu_order":0,"comment_status":"closed","ping_status":"closed","template":"","meta":{"footnotes":""},"class_list":["post-4527","page","type-page","status-publish","hentry","entry"],"_links":{"self":[{"href":"https:\/\/toolkit.capta.org\/es\/wp-json\/wp\/v2\/pages\/4527","targetHints":{"allow":["GET"]}}],"collection":[{"href":"https:\/\/toolkit.capta.org\/es\/wp-json\/wp\/v2\/pages"}],"about":[{"href":"https:\/\/toolkit.capta.org\/es\/wp-json\/wp\/v2\/types\/page"}],"author":[{"embeddable":true,"href":"https:\/\/toolkit.capta.org\/es\/wp-json\/wp\/v2\/users\/8"}],"replies":[{"embeddable":true,"href":"https:\/\/toolkit.capta.org\/es\/wp-json\/wp\/v2\/comments?post=4527"}],"version-history":[{"count":4,"href":"https:\/\/toolkit.capta.org\/es\/wp-json\/wp\/v2\/pages\/4527\/revisions"}],"predecessor-version":[{"id":11822,"href":"https:\/\/toolkit.capta.org\/es\/wp-json\/wp\/v2\/pages\/4527\/revisions\/11822"}],"up":[{"embeddable":true,"href":"https:\/\/toolkit.capta.org\/es\/wp-json\/wp\/v2\/pages\/4492"}],"wp:attachment":[{"href":"https:\/\/toolkit.capta.org\/es\/wp-json\/wp\/v2\/media?parent=4527"}],"curies":[{"name":"wp","href":"https:\/\/api.w.org\/{rel}","templated":true}]}}