{"id":4533,"date":"2013-11-19T15:41:38","date_gmt":"2013-11-19T23:41:38","guid":{"rendered":"http:\/\/toolkit.capta.org\/advocacy\/position-statements\/child-abuse\/"},"modified":"2020-12-21T11:37:44","modified_gmt":"2020-12-21T19:37:44","slug":"child-abuse","status":"publish","type":"page","link":"https:\/\/toolkit.capta.org\/es\/advocacy\/position-statements\/child-abuse\/","title":{"rendered":"Maltrato infantil"},"content":{"rendered":"<p align=\"center\"><em>Aprobada en marzo de 1989 \u2013 Revisado en mayo de 2016 \u2013 Revisado en noviembre de 2020 \u2013 Comisi\u00f3n de Salud y Asuntos Comunitarios<\/em><\/p>\n<p>PTA de California considera que los ni\u00f1os son el futuro y se les debe proteger contra todo s da\u00f1o. Adem\u00e1s, la PTA considera que todos los ni\u00f1os tienen derecho a vivir y crecer en un ambiente de amor y respeto y que ning\u00fan ni\u00f1o debe estar sujeto a maltrato f\u00edsico ni psicol\u00f3gico, verbal ni a abuso sexual. La PTA, como la organizaci\u00f3n defensora de los ni\u00f1os m\u00e1s grande del estado, debe asumir un papel de liderazgo para alcanzar estas metas.<\/p>\n<p>Seg\u00fan Healthy Children.org, aproximadamente 3 millones de casos de abuso y negligencia infantil que involucran a casi 5.5 millones de ni\u00f1os son reportados cada a\u00f1o. La mayor parte del abuso infantil ocurre dentro de la familia. Los factores de riesgo incluyen depresi\u00f3n de los padres u otros problemas de salud mental, antecedentes de abuso infantil por parte de los padres y violencia dom\u00e9stica. La negligencia infantil y otras formas de abuso tambi\u00e9n son m\u00e1s comunes en familias que viven en la pobreza y entre padres que son adolescentes o que abusan de las drogas o el alcohol. M\u00e1s ni\u00f1os son abusados \u200b\u200bpor un proveedor de cuidado o alguien que conocen que los que son abusados \u200b\u200bfuera del hogar por un extra\u00f1o.<\/p>\n<p>La negligencia infantil puede incluir negligencia f\u00edsica (no proporcionar comida, ropa, refugio u otras necesidades f\u00edsicas), negligencia emocional (no brindar amor, consuelo o afecto) o negligencia m\u00e9dica (no brindar la atenci\u00f3n m\u00e9dica necesaria). El abuso psicol\u00f3gico o emocional es el resultado de todo lo anterior, pero tambi\u00e9n puede estar asociado con el abuso verbal, que puede da\u00f1ar la autoestima o el bienestar emocional de un ni\u00f1o.<\/p>\n<p>Un ni\u00f1o que ha sido abusado necesita apoyo y tratamiento especial lo antes posible. Los padres y proveedores de cuidado deben estar pendientes de los siguientes cambios en un ni\u00f1o:<\/p>\n<ul>\n<li>Comportamiento temeroso (pesadillas, depresi\u00f3n, miedo inusual)<\/li>\n<li>Dolor abdominal, mojar la cama (especialmente si el ni\u00f1o ya aprendi\u00f3 a usar el ba\u00f1o)<\/li>\n<li>Intentos de huir\/escapar<\/li>\n<li>Comportamiento sexual extremo que parece inapropiado para la edad del ni\u00f1o<\/li>\n<li>Cambio repentino a la confianza en s\u00ed mismo<\/li>\n<li>Dolores de cabeza o de est\u00f3mago sin causa m\u00e9dica<\/li>\n<li>Miedos anormales, aumento de pesadillas<\/li>\n<li>Incumplimiento escolar<\/li>\n<li>Comportamiento extremadamente pasivo o agresivo<\/li>\n<li>Comportamiento desesperadamente afectuoso o aislamiento social<\/li>\n<li>Mucho apetito y robo de comida<\/li>\n<\/ul>\n<p>PTA de California aboga por:<\/p>\n<ul>\n<li>Educaci\u00f3n p\u00fablica sobre las necesidades no satisfechas de los ni\u00f1os y las familias y sobre la responsabilidad p\u00fablica hacia ellos.<\/li>\n<li>Educaci\u00f3n p\u00fablica sobre la frecuencia, las causas, los m\u00e9todos de intervenci\u00f3n y la prevenci\u00f3n del maltrato infantil.<\/li>\n<li>La educaci\u00f3n p\u00fablica sobre programas y asistencia disponible para las v\u00edctimas y sus familias.<\/li>\n<li>Talleres de formaci\u00f3n para la crianza de los hijos y cursos para padres de familia y adolescentes.<\/li>\n<li>Educaci\u00f3n p\u00fablica para los ni\u00f1os sobre la identificaci\u00f3n del abuso y las destrezas que es necesario aprender para estar a salvo.<\/li>\n<li>Implementaci\u00f3n exhaustiva de leyes estatales que obliguen a los distritos escolares a capacitar al personal escolar (incluyendo asistentes en el aula, personal del patio de recreo y guardias) para la identificaci\u00f3n, prevenci\u00f3n, tratamiento y denuncia del maltrato infantil.<\/li>\n<li>Que las escuelas, los departamentos de polic\u00eda, los tribunales y las oficinas de servicio social trabajen en cooperaci\u00f3n y atiendan prontamente los casos de presunto maltrato infantil.<\/li>\n<li>Crear leyes adecuadas para proteger a los ni\u00f1os del acoso cibern\u00e9tico, intenci\u00f3n de acoso en l\u00ednea y utilizando cualquier tipo de dispositivo de comunicaci\u00f3n f\u00edsica o mentalmente abusar de otro ni\u00f1o o causar da\u00f1o.<\/li>\n<li>Talleres de formaci\u00f3n de equipos para que los miembros activos de la comunidad puedan familiarizarse con los dem\u00e1s.<\/li>\n<li>Financiamiento adecuado para los centros de tratamiento y albergues temporales.<\/li>\n<li>Financiaci\u00f3n y personal adecuados a los programas de servicios de bienestar infantil.<\/li>\n<li>L\u00ednea telef\u00f3nica gratuita establecida y publicitada para reportes an\u00f3nimos seguros del p\u00fablico.<\/li>\n<\/ul>\n","protected":false},"excerpt":{"rendered":"<p>Aprobada en marzo de 1989 \u2013 Revisado en mayo de 2016 \u2013 Revisado en noviembre de 2020 \u2013 Comisi\u00f3n de Salud y Asuntos Comunitarios PTA de California considera que los ni\u00f1os son el futuro y se les debe proteger contra todo s da\u00f1o. Adem\u00e1s, la PTA considera que todos los ni\u00f1os tienen derecho a vivir [&hellip;]<\/p>\n","protected":false},"author":8,"featured_media":0,"parent":4492,"menu_order":0,"comment_status":"closed","ping_status":"closed","template":"","meta":{"footnotes":""},"class_list":["post-4533","page","type-page","status-publish","hentry","entry"],"_links":{"self":[{"href":"https:\/\/toolkit.capta.org\/es\/wp-json\/wp\/v2\/pages\/4533","targetHints":{"allow":["GET"]}}],"collection":[{"href":"https:\/\/toolkit.capta.org\/es\/wp-json\/wp\/v2\/pages"}],"about":[{"href":"https:\/\/toolkit.capta.org\/es\/wp-json\/wp\/v2\/types\/page"}],"author":[{"embeddable":true,"href":"https:\/\/toolkit.capta.org\/es\/wp-json\/wp\/v2\/users\/8"}],"replies":[{"embeddable":true,"href":"https:\/\/toolkit.capta.org\/es\/wp-json\/wp\/v2\/comments?post=4533"}],"version-history":[{"count":3,"href":"https:\/\/toolkit.capta.org\/es\/wp-json\/wp\/v2\/pages\/4533\/revisions"}],"predecessor-version":[{"id":10507,"href":"https:\/\/toolkit.capta.org\/es\/wp-json\/wp\/v2\/pages\/4533\/revisions\/10507"}],"up":[{"embeddable":true,"href":"https:\/\/toolkit.capta.org\/es\/wp-json\/wp\/v2\/pages\/4492"}],"wp:attachment":[{"href":"https:\/\/toolkit.capta.org\/es\/wp-json\/wp\/v2\/media?parent=4533"}],"curies":[{"name":"wp","href":"https:\/\/api.w.org\/{rel}","templated":true}]}}