{"id":4561,"date":"2013-11-19T15:58:32","date_gmt":"2013-11-19T23:58:32","guid":{"rendered":"http:\/\/toolkit.capta.org\/advocacy\/position-statements\/education-opposing-vouchers-tuition-tax-credits-and-deductions-as-systems-of-education-aid\/"},"modified":"2021-11-16T10:58:34","modified_gmt":"2021-11-16T18:58:34","slug":"education-opposing-vouchers-tuition-tax-credits-and-deductions-as-systems-of-education-aid","status":"publish","type":"page","link":"https:\/\/toolkit.capta.org\/es\/advocacy\/position-statements\/education-opposing-vouchers-tuition-tax-credits-and-deductions-as-systems-of-education-aid\/","title":{"rendered":"La educaci\u00f3n y la oposici\u00f3n a los vales escolares (vouchers) y a los cr\u00e9ditos y deducciones tributarias por pago de matr\u00edcula como sistema de financiamiento para la educaci\u00f3n"},"content":{"rendered":"<p align=\"center\"><em>Adoptado en noviembre de 1991 &#8211; Revisado y considerado relevante Mayo de 2021 &#8211; Comisi\u00f3n de Educaci\u00f3n<\/em><\/p>\n<p>PTA de California se opone a cualquier propuesta de un voucher para educaci\u00f3n que desv\u00ede fondos p\u00fablicos a escuelas privadas. PTA de California tambi\u00e9n se opone a cr\u00e9ditos fiscales de matr\u00edcula para la escuela primaria y secundaria y otros gastos relacionados con la educaci\u00f3n. Estos m\u00e9todos de financiaci\u00f3n tendr\u00edan un efecto prejudicial sobre nuestro sistema de escuelas p\u00fablicas.<\/p>\n<p>PTA de California reconoce que se deben realizar cambios en las escuelas p\u00fablicas que permitan ofrecer excelentes oportunidades equitativas de educaci\u00f3n a todos los ni\u00f1os. Sin embargo, los vales escolares, los cr\u00e9ditos tributarios, las deducciones y otras fuentes desv\u00edos de fondos p\u00fablicos de financiamiento no proveen los medios para lograr mejoras en nuestras escuelas p\u00fablicas.<\/p>\n<p>PTA de California respalda nuestro sistema de educaci\u00f3n p\u00fablica como el principal veh\u00edculo para preparar a los ni\u00f1os para el futuro perpetuando los valores b\u00e1sicos de un sistema de gobierno democr\u00e1tico. Este sistema deber\u00e1 ser fortalecido, seguir rindiendo cuentas al p\u00fablico y recibir el apoyo de los fondos p\u00fablicos adecuados.<\/p>\n","protected":false},"excerpt":{"rendered":"<p>Adoptado en noviembre de 1991 &#8211; Revisado y considerado relevante Mayo de 2021 &#8211; Comisi\u00f3n de Educaci\u00f3n PTA de California se opone a cualquier propuesta de un voucher para educaci\u00f3n que desv\u00ede fondos p\u00fablicos a escuelas privadas. PTA de California tambi\u00e9n se opone a cr\u00e9ditos fiscales de matr\u00edcula para la escuela primaria y secundaria y [&hellip;]<\/p>\n","protected":false},"author":8,"featured_media":0,"parent":4492,"menu_order":0,"comment_status":"closed","ping_status":"closed","template":"","meta":{"footnotes":""},"class_list":["post-4561","page","type-page","status-publish","hentry","entry"],"_links":{"self":[{"href":"https:\/\/toolkit.capta.org\/es\/wp-json\/wp\/v2\/pages\/4561","targetHints":{"allow":["GET"]}}],"collection":[{"href":"https:\/\/toolkit.capta.org\/es\/wp-json\/wp\/v2\/pages"}],"about":[{"href":"https:\/\/toolkit.capta.org\/es\/wp-json\/wp\/v2\/types\/page"}],"author":[{"embeddable":true,"href":"https:\/\/toolkit.capta.org\/es\/wp-json\/wp\/v2\/users\/8"}],"replies":[{"embeddable":true,"href":"https:\/\/toolkit.capta.org\/es\/wp-json\/wp\/v2\/comments?post=4561"}],"version-history":[{"count":3,"href":"https:\/\/toolkit.capta.org\/es\/wp-json\/wp\/v2\/pages\/4561\/revisions"}],"predecessor-version":[{"id":10703,"href":"https:\/\/toolkit.capta.org\/es\/wp-json\/wp\/v2\/pages\/4561\/revisions\/10703"}],"up":[{"embeddable":true,"href":"https:\/\/toolkit.capta.org\/es\/wp-json\/wp\/v2\/pages\/4492"}],"wp:attachment":[{"href":"https:\/\/toolkit.capta.org\/es\/wp-json\/wp\/v2\/media?parent=4561"}],"curies":[{"name":"wp","href":"https:\/\/api.w.org\/{rel}","templated":true}]}}