{"id":4598,"date":"2013-11-19T16:14:43","date_gmt":"2013-11-20T00:14:43","guid":{"rendered":"http:\/\/toolkit.capta.org\/advocacy\/position-statements\/energy-conservation\/"},"modified":"2020-12-21T13:16:08","modified_gmt":"2020-12-21T21:16:08","slug":"energy-conservation","status":"publish","type":"page","link":"https:\/\/toolkit.capta.org\/es\/advocacy\/position-statements\/energy-conservation\/","title":{"rendered":"Conservaci\u00f3n de la energ\u00eda"},"content":{"rendered":"<p align=\"center\"><em>Adoptada en mayo de 1981 \u2013 Revisada y considerada relevante en enero 2011 \u2013 Revisada en noviembre 2020 \u2013 Comisi\u00f3n de Salud y Asuntos Comunitarios<\/em><\/p>\n<p>La conservaci\u00f3n de energ\u00eda incluye todos los esfuerzos que se hacen para reducir el consumo de energ\u00eda. La energ\u00eda se puede conservar utilizando la energ\u00eda de manera m\u00e1s eficiente y reduciendo el uso innecesario. La seguridad y la reducci\u00f3n del uso de fuentes de energ\u00eda basadas en carbono son los principales objetivos relacionados a la conservaci\u00f3n de la energ\u00eda.<\/p>\n<p>La conservaci\u00f3n de la energ\u00eda y la reducci\u00f3n del uso de energ\u00eda basada en carbono pueden resultar en una mejor calidad ambiental y una menor cantidad de energ\u00eda. La energ\u00eda se puede conservar reduciendo el\/la desperdicio\/basura y mejorando la eficiencia mediante actualizaciones tecnol\u00f3gicas y haciendo mejor trabajo y mantenimiento de los procesos existentes.<\/p>\n<p>PTA de California reconoce que las condiciones actuales exigen el desarrollo de recursos alternos, la conservaci\u00f3n y el establecimiento de prioridades para los usos de la energ\u00eda. Las decisiones relacionadas con el tipo y la ubicaci\u00f3n de recursos energ\u00e9ticos alternos tienen consecuencias ambientales, sociales, pol\u00edticas y econ\u00f3micas para las comunidades. Durante la b\u00fasqueda y el desarrollo de alternativas energ\u00e9ticas, se debe propiciar un equilibrio entre los factores ambientales y la demanda de energ\u00eda con el fin de garantizar el derecho de las generaciones presentes y futuras a vivir en una comunidad sana y segura.<\/p>\n<p>PTA de California considera que:<\/p>\n<ul>\n<li>Se deben fomentar los recursos energ\u00e9ticos alternos. Las PTA de todos los niveles deben promover programas de concientizaci\u00f3n p\u00fablica para mantener informados a sus miembros y a la comunidad acerca de los avances tecnol\u00f3gicos actuales y los sitios propuestos para las plantas de generaci\u00f3n de energ\u00eda.<\/li>\n<li>La PTA debe trabajar con otros grupos comunitarios en el desarrollo de la conciencia, el conocimiento y las destrezas necesarias para participar de forma inteligente en la soluci\u00f3n de los problemas energ\u00e9ticos a corto y largo plazo.<\/li>\n<li>Cada escuela debe ser instada a ser un ejemplo de concientizaci\u00f3n, conservaci\u00f3n y manejo de la energ\u00eda.<\/li>\n<li>La PTA debe fomentar la participaci\u00f3n en las iniciativas comunitarias de educaci\u00f3n para concienciar al p\u00fablico sobre los beneficios del reciclaje.<\/li>\n<li>Se debe instar a las escuelas a que implementen las disposiciones del C\u00f3digo de la Educaci\u00f3n en lo que a educaci\u00f3n ambiental se refiere, la cual ha sido concebida para que los estudiantes aprendan a valorar y conservar los recursos naturales.<\/li>\n<\/ul>\n<p>La PTA de California pide a los padres a tomar medidas que reduzcan el uso de energ\u00eda a corto y largo plazo y que mejoren el medio ambiente.<\/p>\n<ul>\n<li>Encienda las luces solo cuando sea necesario y ap\u00e1guelas cuando no sea necesario.<\/li>\n<li>Reemplace los focos incandescentes y fluorescentes compactos por focos diodos emisores de luz (LED). Los focos LED consumen mucho menos energ\u00eda y duran mucho m\u00e1s.<\/li>\n<li>Apague los aparatos el\u00e9ctricos que no se est\u00e9n utilizando.<\/li>\n<li>Use sus m\u00e1quinas de lavaplatos y lavadora, secadora de manera eficiente. Lave solo cargas completas. Deje que los platos se sequen al aire. Evite lavar durante las horas pico (del mediod\u00eda a las 6 p.m. de lunes a viernes). Cuelgue su ropa en el tendedero para que se seque.<\/li>\n<li>Mantenga su refrigerador eficiente. Aspire el polvo de los alambres del refrigerador (que se encuentran en la parte posterior o debajo de la unidad) cada 3 meses; utiliza menos energ\u00eda cuando est\u00e1 limpio. Encienda el switch de ahorro de energ\u00eda, si tiene uno. Revise los empaques alrededor de la puerta y aseg\u00farese de que cierre bien.<\/li>\n<li>No llene demasiado su congelador. Sobrellenar su congelador no permite que el aire fr\u00edo circule de manera eficiente para mantener la comida fr\u00eda, lo que hace que su congelador trabaje cada vez m\u00e1s duro, lo que hace que consuma m\u00e1s energ\u00eda.<\/li>\n<li>Controle la temperatura de su hogar. Durante el invierno, mantenga su termostato a no m\u00e1s de 68 \u00b0 F durante el d\u00eda y 55 \u00b0 F durante la noche. Reduzca el uso de calefacci\u00f3n\/aire acondicionado cuando no est\u00e9 en casa. Durante el verano, ajuste el termostato a no menos de 75 \u00b0 F. Mueva las persianas y las cortinas para ayudar a calentar o enfriar la casa. Mantenga las ventanas y puertas cerradas cuando la calefacci\u00f3n\/aire acondicionado est\u00e9 encendido. Selle las ventanas y puertas bien para que no entre\/salga el frio ni el calor. Mantenga su calentador de agua en temperatura confortable. Cubra su calentador de agua en una manta aislante para mejorar la eficiencia. Baje el termostato a 120 \u00b0 F (140 \u00b0 F si tiene un lavaplatos sin calentador de refuerzo). Esto ahorra energ\u00eda y ayuda a prevenir quemaduras por agua caliente. Cambie la configuraci\u00f3n a \u00abVACACIONES\u00bb cuando est\u00e9 fuera por un tiempo prolongado.<\/li>\n<\/ul>\n","protected":false},"excerpt":{"rendered":"<p>Adoptada en mayo de 1981 \u2013 Revisada y considerada relevante en enero 2011 \u2013 Revisada en noviembre 2020 \u2013 Comisi\u00f3n de Salud y Asuntos Comunitarios La conservaci\u00f3n de energ\u00eda incluye todos los esfuerzos que se hacen para reducir el consumo de energ\u00eda. La energ\u00eda se puede conservar utilizando la energ\u00eda de manera m\u00e1s eficiente y [&hellip;]<\/p>\n","protected":false},"author":8,"featured_media":0,"parent":4492,"menu_order":0,"comment_status":"closed","ping_status":"closed","template":"","meta":{"footnotes":""},"class_list":["post-4598","page","type-page","status-publish","hentry","entry"],"_links":{"self":[{"href":"https:\/\/toolkit.capta.org\/es\/wp-json\/wp\/v2\/pages\/4598","targetHints":{"allow":["GET"]}}],"collection":[{"href":"https:\/\/toolkit.capta.org\/es\/wp-json\/wp\/v2\/pages"}],"about":[{"href":"https:\/\/toolkit.capta.org\/es\/wp-json\/wp\/v2\/types\/page"}],"author":[{"embeddable":true,"href":"https:\/\/toolkit.capta.org\/es\/wp-json\/wp\/v2\/users\/8"}],"replies":[{"embeddable":true,"href":"https:\/\/toolkit.capta.org\/es\/wp-json\/wp\/v2\/comments?post=4598"}],"version-history":[{"count":3,"href":"https:\/\/toolkit.capta.org\/es\/wp-json\/wp\/v2\/pages\/4598\/revisions"}],"predecessor-version":[{"id":10516,"href":"https:\/\/toolkit.capta.org\/es\/wp-json\/wp\/v2\/pages\/4598\/revisions\/10516"}],"up":[{"embeddable":true,"href":"https:\/\/toolkit.capta.org\/es\/wp-json\/wp\/v2\/pages\/4492"}],"wp:attachment":[{"href":"https:\/\/toolkit.capta.org\/es\/wp-json\/wp\/v2\/media?parent=4598"}],"curies":[{"name":"wp","href":"https:\/\/api.w.org\/{rel}","templated":true}]}}