{"id":4640,"date":"2014-01-16T10:36:25","date_gmt":"2014-01-16T18:36:25","guid":{"rendered":"http:\/\/toolkit.capta.org\/finance\/policies-and-procedures\/fiduciary-responsibilities\/"},"modified":"2024-03-27T14:39:38","modified_gmt":"2024-03-27T21:39:38","slug":"fiduciary-responsibilities","status":"publish","type":"page","link":"https:\/\/toolkit.capta.org\/es\/finance\/policies-and-procedures\/fiduciary-responsibilities\/","title":{"rendered":"Responsabilidades Fiduciarias"},"content":{"rendered":"<p>Las responsabilidades de los funcionarios financieros se especifican en los estatutos de la asociaci\u00f3n y tambi\u00e9n se han establecido en los procedimientos y pol\u00edticas de la PTA de California. Se puede encontrar informaci\u00f3n adicional en los cap\u00edtulos de Descripci\u00f3n de responsabilidades y de Finanzas de la <em>Carpeta de Recursos<\/em> [Herramientas]. La <em>Carpeta de Recursos<\/em> puede encontrarse en el sitio Web de PTA, <a href=\"http:\/\/capta.org\/\">www.capta.org<\/a>.<\/p>\n<p>El tesorero, el secretario financiero y el rese\u00f1ador \u00a0financiero generalmente son considerados oficiales financieros. El presidente, secretario y vicepresidentes\/jefes de comit\u00e9s tambi\u00e9n tienen responsabilidades financieras espec\u00edficas. Cada miembro de la Junta de PTA tiene la responsabilidad fiduciaria de:<\/p>\n<ul>\n<li>Proteger los activos de la organizaci\u00f3n. Estos activos incluyen efectivo, activos, voluntarios y la reputaci\u00f3n de la PTA.<\/li>\n<li>Garantizar el cumplimiento de todas las leyes. Estos incluyen las leyes federales y del estado, as\u00ed como las pol\u00edticas y procedimientos de la PTA.<\/li>\n<li>Asegurarse de que los activos se utilicen para satisfacer las necesidades de los ni\u00f1os y los miembros servidos por la PTA.<\/li>\n<li>Garantizar la continuidad de la asociaci\u00f3n preservando los activos para el futuro y no cargando a las juntas del futuro.<\/li>\n<li>Garantizar que la asociaci\u00f3n siga siendo transparente: se da a todos los miembros oportunidad de participar en la toma de decisiones y ver los informes financieros.<\/li>\n<li>Garantizar que la asociaci\u00f3n lleve a cabo los prop\u00f3sitos de la PTA. Estos incluyen la creciente participaci\u00f3n familiar, promoci\u00f3n y comunicaci\u00f3n creciente entre el hogar y la escuela. La recaudaci\u00f3n de fondos no es un objetivo de la PTA, pero puede recaudar fondos para ofrecer programas de PTA. Los consejos y distritos tienen un prop\u00f3sito adicional, que es capacitar y apoyar a las asociaciones locales y a sus directivos.<\/li>\n<\/ul>\n<p><em>Los directivos y jefes de la PTA o necesitan entender por qu\u00e9 est\u00e1n haciendo las cosas que est\u00e1n haciendo y estar comprometidos a hacerlas correcta y completamente.<\/em><\/p>\n","protected":false},"excerpt":{"rendered":"<p>Las responsabilidades de los funcionarios financieros se especifican en los estatutos de la asociaci\u00f3n y tambi\u00e9n se han establecido en los procedimientos y pol\u00edticas de la PTA de California. Se puede encontrar informaci\u00f3n adicional en los cap\u00edtulos de Descripci\u00f3n de responsabilidades y de Finanzas de la Carpeta de Recursos [Herramientas]. La Carpeta de Recursos puede [&hellip;]<\/p>\n","protected":false},"author":8,"featured_media":0,"parent":3082,"menu_order":0,"comment_status":"closed","ping_status":"closed","template":"","meta":{"footnotes":""},"class_list":["post-4640","page","type-page","status-publish","hentry","entry"],"_links":{"self":[{"href":"https:\/\/toolkit.capta.org\/es\/wp-json\/wp\/v2\/pages\/4640","targetHints":{"allow":["GET"]}}],"collection":[{"href":"https:\/\/toolkit.capta.org\/es\/wp-json\/wp\/v2\/pages"}],"about":[{"href":"https:\/\/toolkit.capta.org\/es\/wp-json\/wp\/v2\/types\/page"}],"author":[{"embeddable":true,"href":"https:\/\/toolkit.capta.org\/es\/wp-json\/wp\/v2\/users\/8"}],"replies":[{"embeddable":true,"href":"https:\/\/toolkit.capta.org\/es\/wp-json\/wp\/v2\/comments?post=4640"}],"version-history":[{"count":2,"href":"https:\/\/toolkit.capta.org\/es\/wp-json\/wp\/v2\/pages\/4640\/revisions"}],"predecessor-version":[{"id":11197,"href":"https:\/\/toolkit.capta.org\/es\/wp-json\/wp\/v2\/pages\/4640\/revisions\/11197"}],"up":[{"embeddable":true,"href":"https:\/\/toolkit.capta.org\/es\/wp-json\/wp\/v2\/pages\/3082"}],"wp:attachment":[{"href":"https:\/\/toolkit.capta.org\/es\/wp-json\/wp\/v2\/media?parent=4640"}],"curies":[{"name":"wp","href":"https:\/\/api.w.org\/{rel}","templated":true}]}}