{"id":4741,"date":"2013-11-19T16:19:56","date_gmt":"2013-11-20T00:19:56","guid":{"rendered":"http:\/\/toolkit.capta.org\/advocacy\/position-statements\/energy-drink-and-coffee-beverage-awareness\/"},"modified":"2019-06-28T10:03:54","modified_gmt":"2019-06-28T17:03:54","slug":"dangers-of-energy-caffeinated-drinks","status":"publish","type":"page","link":"https:\/\/toolkit.capta.org\/es\/advocacy\/position-statements\/dangers-of-energy-caffeinated-drinks\/","title":{"rendered":"Peligros de las Bebidas Energ\u00e9ticas y Cafe\u00edna"},"content":{"rendered":"<p align=\"center\"><em>Adoptada en enero de 2009 \u2013 Revisada y considerada relevante en mayo de 2016 \u2013<\/em><em>Revisado y retitulado en marzo de 2019 &#8211; Comisi\u00f3n de Asuntos de la Salud y Comunitarios<\/em><\/p>\n<p>Las bebidas con cafe\u00edna est\u00e1n en todas partes y prometen mantener a una persona energizada, acelerada y alerta. La PTA de California alienta a las PTAs a<\/p>\n<ul>\n<li>Educar a los padres sobre el contenido de cafe\u00edna de varias cafe\u00edna y bebidas energ\u00e9ticas<\/li>\n<li>Comprender los efectos a corto y largo plazo de la cafe\u00edna en la salud y el bienestar de los ni\u00f1os y j\u00f3venes.<\/li>\n<li>Pedirle a los padres que limiten la cantidad bebidas con cafe\u00edna que sus hijos toman.<\/li>\n<\/ul>\n<p>Seg\u00fan la Academia Americana de Pediatr\u00eda, las bebidas para deportistas y las bebidas energ\u00e9ticas son productos significativamente diferentes, y los t\u00e9rminos no deben usarse intercambiable<\/p>\n<ul>\n<li>Las bebidas deportivas son bebidas con sabor que a menudo contienen carbohidratos, minerales, electrolitos (por ejemplo, sodio, potasio, calcio, magnesio) y, a veces, vitaminas u otros nutrientes.<\/li>\n<li>Las bebidas energ\u00e9ticas suelen contener estimulantes, como la cafe\u00edna y el guaran\u00e1, con cantidades variables de carbohidratos, prote\u00ednas, amino\u00e1cidos, vitaminas, sodio y otros minerales. El principal ingrediente psicoactivo en las bebidas energ\u00e9ticas es la cafe\u00edna, que contiene t\u00edpicamente de tres a cinco veces la cantidad contenida en la cola, con las concentraciones m\u00e1s altas encontradas en los \u00abshots\u00bb de energ\u00eda. Las bebidas energ\u00e9ticas no son adecuadas para la rehidrataci\u00f3n.<\/li>\n<\/ul>\n<p>La Academia Americana de Pediatr\u00eda mantiene la postura de que las bebidas energ\u00e9ticas que contienen estimulantes no tienen lugar en las dietas de los ni\u00f1os y adolescentes. Adem\u00e1s, la ingesta frecuente o excesiva de bebidas deportivas cal\u00f3ricas puede aumentar sustancialmente el riesgo de sobrepeso u obesidad en ni\u00f1os y adolescentes.<\/p>\n<p>El efecto estimulante de la cafe\u00edna aumenta la frecuencia card\u00edaca. En dosis m\u00e1s altas, la cafe\u00edna puede causar efectos m\u00e1s significativos en el coraz\u00f3n al cambiar la velocidad y la regularidad de los latidos del coraz\u00f3n.<\/p>\n<p>Otros problemas de salud relacionados con la cafe\u00edna incluyen:<\/p>\n<ul>\n<li>Erosi\u00f3n dental<\/li>\n<li>Alta presi\u00f3n sangu\u00ednea<\/li>\n<li>Trastorno gastrointestinal<\/li>\n<li>Mareos, temblores y escalofr\u00edos.<\/li>\n<li>N\u00e1useas y v\u00f3mitos<\/li>\n<li>Agitaci\u00f3n<\/li>\n<li>Disrupci\u00f3n en el aula.<\/li>\n<li>Deshidrataci\u00f3n<\/li>\n<li>Mareos<\/li>\n<\/ul>\n<p>Las etiquetas de bebidas energ\u00e9ticas a menudo indican que no se recomiendan para ni\u00f1os, pero las ventas de bebidas no est\u00e1n restringidas por la edad, como lo son los productos que contienen tabaco y alcohol. La PTA del Estado de California considera que es importante que los padres monitoreen y conozcan los efectos de las bebidas energ\u00e9ticas y las bebidas de caf\u00e9 en ni\u00f1os y j\u00f3venes.<\/p>\n<p>La PTA del Estado de California urge a la legislaci\u00f3n que exija que el contenido de cafe\u00edna se incluya en las etiquetas de todas las bebidas energ\u00e9ticas y las bebidas con cafe\u00edna que se compran en latas y botellas y se publiquen en establecimientos que venden bebidas con cafe\u00edna.<\/p>\n<p>&nbsp;<\/p>\n<p><a href=\"https:\/\/pediatrics.aappublications.org\/content\/127\/6\/1182\">https:\/\/pediatrics.aappublications.org\/content\/127\/6\/1182<\/a><\/p>\n<p><a href=\"https:\/\/www.healthychildren.org\">https:\/\/www.healthychildren.org<\/a><\/p>\n<p>&nbsp;<\/p>\n","protected":false},"excerpt":{"rendered":"<p>Adoptada en enero de 2009 \u2013 Revisada y considerada relevante en mayo de 2016 \u2013Revisado y retitulado en marzo de 2019 &#8211; Comisi\u00f3n de Asuntos de la Salud y Comunitarios Las bebidas con cafe\u00edna est\u00e1n en todas partes y prometen mantener a una persona energizada, acelerada y alerta. La PTA de California alienta a las [&hellip;]<\/p>\n","protected":false},"author":8,"featured_media":0,"parent":4492,"menu_order":0,"comment_status":"closed","ping_status":"closed","template":"","meta":{"footnotes":""},"class_list":["post-4741","page","type-page","status-publish","hentry","entry"],"_links":{"self":[{"href":"https:\/\/toolkit.capta.org\/es\/wp-json\/wp\/v2\/pages\/4741","targetHints":{"allow":["GET"]}}],"collection":[{"href":"https:\/\/toolkit.capta.org\/es\/wp-json\/wp\/v2\/pages"}],"about":[{"href":"https:\/\/toolkit.capta.org\/es\/wp-json\/wp\/v2\/types\/page"}],"author":[{"embeddable":true,"href":"https:\/\/toolkit.capta.org\/es\/wp-json\/wp\/v2\/users\/8"}],"replies":[{"embeddable":true,"href":"https:\/\/toolkit.capta.org\/es\/wp-json\/wp\/v2\/comments?post=4741"}],"version-history":[{"count":3,"href":"https:\/\/toolkit.capta.org\/es\/wp-json\/wp\/v2\/pages\/4741\/revisions"}],"predecessor-version":[{"id":9900,"href":"https:\/\/toolkit.capta.org\/es\/wp-json\/wp\/v2\/pages\/4741\/revisions\/9900"}],"up":[{"embeddable":true,"href":"https:\/\/toolkit.capta.org\/es\/wp-json\/wp\/v2\/pages\/4492"}],"wp:attachment":[{"href":"https:\/\/toolkit.capta.org\/es\/wp-json\/wp\/v2\/media?parent=4741"}],"curies":[{"name":"wp","href":"https:\/\/api.w.org\/{rel}","templated":true}]}}