{"id":4747,"date":"2013-11-19T16:21:03","date_gmt":"2013-11-20T00:21:03","guid":{"rendered":"http:\/\/toolkit.capta.org\/advocacy\/position-statements\/equal-rights\/"},"modified":"2020-08-14T10:36:06","modified_gmt":"2020-08-14T17:36:06","slug":"equal-rights","status":"publish","type":"page","link":"https:\/\/toolkit.capta.org\/es\/advocacy\/position-statements\/equal-rights\/","title":{"rendered":"Equidad Para Todos Los Ni\u00f1os y J\u00f3venes"},"content":{"rendered":"<p align=\"center\"><em>Adoptada en 1983 \u2013 Revisada y considerada relevante en abril de 2015 \u2013 Revisado en mayo de 2020 \u2013 Comit\u00e9 de Legislaci\u00f3n<\/em><\/p>\n<p>La PTA del Estado de California cree en la equidad en todos los aspectos de la vida para todos los ni\u00f1os y j\u00f3venes, al mismo tiempo reconoce que cada ni\u00f1o es \u00fanico con sus necesidades y talentos individuales.<\/p>\n","protected":false},"excerpt":{"rendered":"<p>Adoptada en 1983 \u2013 Revisada y considerada relevante en abril de 2015 \u2013 Revisado en mayo de 2020 \u2013 Comit\u00e9 de Legislaci\u00f3n La PTA del Estado de California cree en la equidad en todos los aspectos de la vida para todos los ni\u00f1os y j\u00f3venes, al mismo tiempo reconoce que cada ni\u00f1o es \u00fanico con [&hellip;]<\/p>\n","protected":false},"author":8,"featured_media":0,"parent":4492,"menu_order":0,"comment_status":"closed","ping_status":"closed","template":"","meta":{"footnotes":""},"class_list":["post-4747","page","type-page","status-publish","hentry","entry"],"_links":{"self":[{"href":"https:\/\/toolkit.capta.org\/es\/wp-json\/wp\/v2\/pages\/4747","targetHints":{"allow":["GET"]}}],"collection":[{"href":"https:\/\/toolkit.capta.org\/es\/wp-json\/wp\/v2\/pages"}],"about":[{"href":"https:\/\/toolkit.capta.org\/es\/wp-json\/wp\/v2\/types\/page"}],"author":[{"embeddable":true,"href":"https:\/\/toolkit.capta.org\/es\/wp-json\/wp\/v2\/users\/8"}],"replies":[{"embeddable":true,"href":"https:\/\/toolkit.capta.org\/es\/wp-json\/wp\/v2\/comments?post=4747"}],"version-history":[{"count":3,"href":"https:\/\/toolkit.capta.org\/es\/wp-json\/wp\/v2\/pages\/4747\/revisions"}],"predecessor-version":[{"id":10352,"href":"https:\/\/toolkit.capta.org\/es\/wp-json\/wp\/v2\/pages\/4747\/revisions\/10352"}],"up":[{"embeddable":true,"href":"https:\/\/toolkit.capta.org\/es\/wp-json\/wp\/v2\/pages\/4492"}],"wp:attachment":[{"href":"https:\/\/toolkit.capta.org\/es\/wp-json\/wp\/v2\/media?parent=4747"}],"curies":[{"name":"wp","href":"https:\/\/api.w.org\/{rel}","templated":true}]}}