{"id":4749,"date":"2013-11-19T16:21:44","date_gmt":"2013-11-20T00:21:44","guid":{"rendered":"http:\/\/toolkit.capta.org\/advocacy\/position-statements\/evaluation-of-teachers\/"},"modified":"2023-01-20T15:29:59","modified_gmt":"2023-01-20T23:29:59","slug":"evaluation-of-teachers","status":"publish","type":"page","link":"https:\/\/toolkit.capta.org\/es\/advocacy\/position-statements\/evaluation-of-teachers\/","title":{"rendered":"Evaluaci\u00f3n de maestros"},"content":{"rendered":"<p align=\"center\"><em>Adoptada en marzo de 2011 \u2013 Revisada y considerada relevante agosto 2022\u2013 Comisi\u00f3n de educaci\u00f3n<\/em><\/p>\n<p>PTA de California considera que cada estudiante merece maestros altamente calificados y eficaces, para que todos los estudiantes pueden aprender y desarrollar habilidades cr\u00edticas que les preparen para estar listos para la universidad y el mundo laboral. PTA de California considera que la evaluaci\u00f3n de los maestros debe medir tanto el aprendizaje de los estudiantes como la efectividad del maestro.<\/p>\n<p>PTA de California cree que la evaluaci\u00f3n docente significativa debe ser transparente y proporcionar a todos los maestros con expectativas claras y retroalimentaci\u00f3n regular que les ayuden a crecer como profesionales.<\/p>\n<p>Cualquier sistema de evaluaci\u00f3n docente debe establecer claros criterios y medidas que deben incluirse en todos los sistemas de evaluaci\u00f3n docente; debe permitir a los distritos escolares individuales la flexibilidad para dise\u00f1ar un sistema que satisfaga las necesidades de sus alumnos, maestros, administradores y padres.<\/p>\n<p>El proceso de evaluaci\u00f3n debe constar de varias medidas a disposici\u00f3n del p\u00fablico para determinar la efectividad del maestro a trav\u00e9s del rendimiento acad\u00e9mico de los estudiantes e identificar \u00e1reas de necesidad de desarrollo profesional y apoyo docente.<\/p>\n<p>Las m\u00faltiples medidas deber\u00edan incluir, pero sin limitarse a:<\/p>\n<ul>\n<li>Evaluaci\u00f3n formativa y sumatoria de rendimiento de los estudiantes, pruebas de distrito y estado, trabajo en el aula, participaci\u00f3n del aula, calificaciones de los estudiantes y proyectos estudiantiles y carteras.<\/li>\n<li>Pruebas de altas expectativas, alto rendimiento estudiantil y compromiso.<\/li>\n<li>Pruebas de que los maestros hacen participar a los padres y tutores en la educaci\u00f3n de los alumnos.<\/li>\n<li>Afirmaci\u00f3n de que no hay diferencia en la instrucci\u00f3n para satisfacer las necesidades de todos los estudiantes.<\/li>\n<li>Pruebas de instrucci\u00f3n culturalmente sensible a las necesidades de todos los estudiantes para ayudar a eliminar la brecha de logros.<\/li>\n<li>Afirmaci\u00f3n de colaboraci\u00f3n docente a trav\u00e9s de comunidades de aprendizaje profesional, articulaci\u00f3n entre los grados y participaci\u00f3n en el desarrollo personal continuo.<\/li>\n<li>Autoevaluaci\u00f3n de maestros hab\u00eda basada en est\u00e1ndares del estado, distrito y la oficina del condado.<\/li>\n<li>M\u00faltiples tipos de observaciones por el administrador designado, incluyendo pero sin limitarse a: visitas de aula formales e informales, discusi\u00f3n uno-a-uno con el maestro, revisi\u00f3n del material did\u00e1ctico y el curso de estudios y retroalimentaci\u00f3n de los padres y los estudiantes.<\/li>\n<li>Evidencia que existe una colaboraci\u00f3n constante con el personal, los padres o tutores, estudiantes y administradores.<\/li>\n<\/ul>\n<p>PTA de California considera que la evaluaci\u00f3n de los maestros debe producirse de manera planificada, regular y permanente que promueva la competencia docente y la eficacia y el crecimiento acad\u00e9mico de estudiantes.<\/p>\n","protected":false},"excerpt":{"rendered":"<p>Adoptada en marzo de 2011 \u2013 Revisada y considerada relevante agosto 2022\u2013 Comisi\u00f3n de educaci\u00f3n PTA de California considera que cada estudiante merece maestros altamente calificados y eficaces, para que todos los estudiantes pueden aprender y desarrollar habilidades cr\u00edticas que les preparen para estar listos para la universidad y el mundo laboral. PTA de California [&hellip;]<\/p>\n","protected":false},"author":8,"featured_media":0,"parent":4492,"menu_order":0,"comment_status":"closed","ping_status":"closed","template":"","meta":{"footnotes":""},"class_list":["post-4749","page","type-page","status-publish","hentry","entry"],"_links":{"self":[{"href":"https:\/\/toolkit.capta.org\/es\/wp-json\/wp\/v2\/pages\/4749","targetHints":{"allow":["GET"]}}],"collection":[{"href":"https:\/\/toolkit.capta.org\/es\/wp-json\/wp\/v2\/pages"}],"about":[{"href":"https:\/\/toolkit.capta.org\/es\/wp-json\/wp\/v2\/types\/page"}],"author":[{"embeddable":true,"href":"https:\/\/toolkit.capta.org\/es\/wp-json\/wp\/v2\/users\/8"}],"replies":[{"embeddable":true,"href":"https:\/\/toolkit.capta.org\/es\/wp-json\/wp\/v2\/comments?post=4749"}],"version-history":[{"count":3,"href":"https:\/\/toolkit.capta.org\/es\/wp-json\/wp\/v2\/pages\/4749\/revisions"}],"predecessor-version":[{"id":10891,"href":"https:\/\/toolkit.capta.org\/es\/wp-json\/wp\/v2\/pages\/4749\/revisions\/10891"}],"up":[{"embeddable":true,"href":"https:\/\/toolkit.capta.org\/es\/wp-json\/wp\/v2\/pages\/4492"}],"wp:attachment":[{"href":"https:\/\/toolkit.capta.org\/es\/wp-json\/wp\/v2\/media?parent=4749"}],"curies":[{"name":"wp","href":"https:\/\/api.w.org\/{rel}","templated":true}]}}