{"id":4753,"date":"2013-11-19T16:22:18","date_gmt":"2013-11-20T00:22:18","guid":{"rendered":"http:\/\/toolkit.capta.org\/advocacy\/position-statements\/fair-housing\/"},"modified":"2020-12-21T11:58:53","modified_gmt":"2020-12-21T19:58:53","slug":"fair-housing","status":"publish","type":"page","link":"https:\/\/toolkit.capta.org\/es\/advocacy\/position-statements\/fair-housing\/","title":{"rendered":"Vivienda digna"},"content":{"rendered":"<p align=\"center\"><em>Adoptada en mayo de 1981 \u2013 Revisada y considerada relevante en noviembre 2020 \u2013 Comisi\u00f3n de Salud y Asuntos Comunitarios<\/em><\/p>\n<p>La PTA de California considera que:<\/p>\n<ul>\n<li>Todas las familias necesitan tener acceso a vivienda segura y de bajo costo.<\/li>\n<li>Es necesario promulgar e imponer leyes que eliminen la discriminaci\u00f3n en las pr\u00e1cticas de mercadeo, venta y alquiler de viviendas.<\/li>\n<li>Se debe fomentar la formaci\u00f3n de grupos de acci\u00f3n comunitaria de bases amplias para promover la comprensi\u00f3n de los problemas de vivienda por parte de la ciudadan\u00eda y su participaci\u00f3n en la defensa de programas que satisfagan las necesidades de viviendas en sus comunidades.<\/li>\n<li>Se debe fomentar el desarrollo de viviendas de alquiler o propias para familias de ingresos bajos y moderados y que dichas viviendas no est\u00e9n aisladas en las comunidades locales.<\/li>\n<\/ul>\n<p>Las PTA deben instar a los concejos municipales, juntas supervisoras del condado y autoridades del condado encargadas de la vivienda a:<\/p>\n<ul>\n<li>Adoptar e implementar pol\u00edticas comunales balanceadas que estipulen una combinaci\u00f3n de tipos de vivienda, as\u00ed como disposiciones que propicien el desarrollo de viviendas para familias de ingresos bajos y moderados.<\/li>\n<li>Desarrollar e implementar programas mediante el uso de todas la fuentes de financiamiento disponibles para proveer vivienda multifamiliar o sencilla, de alquiler o propia, a las familias de ingresos bajos y moderados.<\/li>\n<\/ul>\n","protected":false},"excerpt":{"rendered":"<p>Adoptada en mayo de 1981 \u2013 Revisada y considerada relevante en noviembre 2020 \u2013 Comisi\u00f3n de Salud y Asuntos Comunitarios La PTA de California considera que: Todas las familias necesitan tener acceso a vivienda segura y de bajo costo. Es necesario promulgar e imponer leyes que eliminen la discriminaci\u00f3n en las pr\u00e1cticas de mercadeo, venta [&hellip;]<\/p>\n","protected":false},"author":8,"featured_media":0,"parent":4492,"menu_order":0,"comment_status":"closed","ping_status":"closed","template":"","meta":{"footnotes":""},"class_list":["post-4753","page","type-page","status-publish","hentry","entry"],"_links":{"self":[{"href":"https:\/\/toolkit.capta.org\/es\/wp-json\/wp\/v2\/pages\/4753","targetHints":{"allow":["GET"]}}],"collection":[{"href":"https:\/\/toolkit.capta.org\/es\/wp-json\/wp\/v2\/pages"}],"about":[{"href":"https:\/\/toolkit.capta.org\/es\/wp-json\/wp\/v2\/types\/page"}],"author":[{"embeddable":true,"href":"https:\/\/toolkit.capta.org\/es\/wp-json\/wp\/v2\/users\/8"}],"replies":[{"embeddable":true,"href":"https:\/\/toolkit.capta.org\/es\/wp-json\/wp\/v2\/comments?post=4753"}],"version-history":[{"count":2,"href":"https:\/\/toolkit.capta.org\/es\/wp-json\/wp\/v2\/pages\/4753\/revisions"}],"predecessor-version":[{"id":10510,"href":"https:\/\/toolkit.capta.org\/es\/wp-json\/wp\/v2\/pages\/4753\/revisions\/10510"}],"up":[{"embeddable":true,"href":"https:\/\/toolkit.capta.org\/es\/wp-json\/wp\/v2\/pages\/4492"}],"wp:attachment":[{"href":"https:\/\/toolkit.capta.org\/es\/wp-json\/wp\/v2\/media?parent=4753"}],"curies":[{"name":"wp","href":"https:\/\/api.w.org\/{rel}","templated":true}]}}