{"id":4759,"date":"2013-11-19T16:23:36","date_gmt":"2013-11-20T00:23:36","guid":{"rendered":"http:\/\/toolkit.capta.org\/advocacy\/position-statements\/family-planning\/"},"modified":"2022-05-31T15:09:00","modified_gmt":"2022-05-31T22:09:00","slug":"family-planning","status":"publish","type":"page","link":"https:\/\/toolkit.capta.org\/es\/advocacy\/position-statements\/family-planning\/","title":{"rendered":"Planificaci\u00f3n familiar"},"content":{"rendered":"<p align=\"center\"><em>Adoptada en enero de 1966 \u2013 Revisada en abril de 2017 \u2013 Revisada y considerada relevante en febrero de 2022 \u2013 Comisi\u00f3n de Participaci\u00f3n Familiar<\/em><\/p>\n<p>PTA de California considera que toda familia o individuo debe tener acceso equitativo a los servicios y orientaci\u00f3n sobre planificaci\u00f3n familiar, independientemente de las circunstancias econ\u00f3micas o geogr\u00e1ficas de los interesados. Considera, adem\u00e1s, que las personas interesadas en la planificaci\u00f3n familiar tienen derecho a que estos servicios sean compatibles con sus creencias y necesidades.<\/p>\n<p>Seg\u00fan las Naciones Unidas, el acceso a una planificaci\u00f3n familiar segura y voluntaria es un derecho humano y es fundamental para la igualdad de g\u00e9nero, el empoderamiento de la mujer y la reducci\u00f3n de la pobreza. Los servicios de planificaci\u00f3n familiar se definen como \u00abactividades educativas, integrales, m\u00e9dicas o sociales, que permiten a los individuos, incluyendo los menores de edad, determinar libremente el n\u00famero y el espacio de a\u00f1os que se van a esperar entre cada uno de sus hijos y seleccionar los medios para lograrlo\u00bb.<\/p>\n<p>Por lo tanto, la PTA apoya el acceso igualitario a la orientaci\u00f3n y servicios de planificaci\u00f3n familiar debido a su importancia para la salud y el bienestar de los padres y los ni\u00f1os y para la seguridad econ\u00f3mica de la familia.<\/p>\n","protected":false},"excerpt":{"rendered":"<p>Adoptada en enero de 1966 \u2013 Revisada en abril de 2017 \u2013 Revisada y considerada relevante en febrero de 2022 \u2013 Comisi\u00f3n de Participaci\u00f3n Familiar PTA de California considera que toda familia o individuo debe tener acceso equitativo a los servicios y orientaci\u00f3n sobre planificaci\u00f3n familiar, independientemente de las circunstancias econ\u00f3micas o geogr\u00e1ficas de los [&hellip;]<\/p>\n","protected":false},"author":8,"featured_media":0,"parent":4492,"menu_order":0,"comment_status":"closed","ping_status":"closed","template":"","meta":{"footnotes":""},"class_list":["post-4759","page","type-page","status-publish","hentry","entry"],"_links":{"self":[{"href":"https:\/\/toolkit.capta.org\/es\/wp-json\/wp\/v2\/pages\/4759","targetHints":{"allow":["GET"]}}],"collection":[{"href":"https:\/\/toolkit.capta.org\/es\/wp-json\/wp\/v2\/pages"}],"about":[{"href":"https:\/\/toolkit.capta.org\/es\/wp-json\/wp\/v2\/types\/page"}],"author":[{"embeddable":true,"href":"https:\/\/toolkit.capta.org\/es\/wp-json\/wp\/v2\/users\/8"}],"replies":[{"embeddable":true,"href":"https:\/\/toolkit.capta.org\/es\/wp-json\/wp\/v2\/comments?post=4759"}],"version-history":[{"count":4,"href":"https:\/\/toolkit.capta.org\/es\/wp-json\/wp\/v2\/pages\/4759\/revisions"}],"predecessor-version":[{"id":10766,"href":"https:\/\/toolkit.capta.org\/es\/wp-json\/wp\/v2\/pages\/4759\/revisions\/10766"}],"up":[{"embeddable":true,"href":"https:\/\/toolkit.capta.org\/es\/wp-json\/wp\/v2\/pages\/4492"}],"wp:attachment":[{"href":"https:\/\/toolkit.capta.org\/es\/wp-json\/wp\/v2\/media?parent=4759"}],"curies":[{"name":"wp","href":"https:\/\/api.w.org\/{rel}","templated":true}]}}