{"id":4761,"date":"2013-11-19T16:24:11","date_gmt":"2013-11-20T00:24:11","guid":{"rendered":"http:\/\/toolkit.capta.org\/advocacy\/position-statements\/family-responsibility-and-accountability\/"},"modified":"2022-09-29T18:01:31","modified_gmt":"2022-09-30T01:01:31","slug":"family-responsibility-and-accountability","status":"publish","type":"page","link":"https:\/\/toolkit.capta.org\/es\/advocacy\/position-statements\/family-responsibility-and-accountability\/","title":{"rendered":"Responsabilidad y rendici\u00f3n de cuentas de la familia"},"content":{"rendered":"<p align=\"center\"><em>Adoptada en marzo de 1989 \u2013 Revisada y considerada relevante en abril de 2022 \u2013 Comisi\u00f3n de Participaci\u00f3n Familiar<\/em><\/p>\n<p style=\"text-align: left;\" align=\"center\">PTA de California considera que todos los ni\u00f1os y j\u00f3venes tienen derecho a la igualdad de privilegios, oportunidades y justicia. Para que en el futuro los ni\u00f1os se conviertan en ciudadanos adultos maduros y productivos, la PTA considera que necesitan:<\/p>\n<ul>\n<li>Estabilidad en su entorno familiar.<\/li>\n<li>Apoyo f\u00edsico y social-emocional propicio para un crecimiento y desarrollo sanos.<\/li>\n<li>Apoyo financiero para satisfacer sus necesidades b\u00e1sicas y, hasta donde los recursos de la familia lo permitan, enriquecer el crecimiento infantil.<\/li>\n<\/ul>\n<p>PTA de California considera que la familia es la unidad b\u00e1sica de nuestra sociedad, cuya responsabilidad es apoyar y formar a nuestros ni\u00f1os. La PTA adem\u00e1s considera que tanto los padres como los tutores, ya sea que vivan juntos o separados, tienen la responsabilidad conjunta de apoyar y educar a sus hijos y de promover el desarrollo \u00f3ptimo de cada ni\u00f1o. Esto significa:<\/p>\n<ul>\n<li>Mantener a los hijos hasta la edad de 18 a\u00f1os.<\/li>\n<li>Mantener a los hijos (hasta la edad de 24 a\u00f1os) solteros o que no se han independizado y que tienen un buen rendimiento acad\u00e9mico en la escuela secundaria o alguna instituci\u00f3n de educaci\u00f3n superior o capacitaci\u00f3n vocacional acreditada a la que asisten.<\/li>\n<\/ul>\n<p>La PTA apoya los programas que responsabilizan a los padres\/tutores en el cumplimiento de estas funciones.<\/p>\n","protected":false},"excerpt":{"rendered":"<p>Adoptada en marzo de 1989 \u2013 Revisada y considerada relevante en abril de 2022 \u2013 Comisi\u00f3n de Participaci\u00f3n Familiar PTA de California considera que todos los ni\u00f1os y j\u00f3venes tienen derecho a la igualdad de privilegios, oportunidades y justicia. Para que en el futuro los ni\u00f1os se conviertan en ciudadanos adultos maduros y productivos, la [&hellip;]<\/p>\n","protected":false},"author":8,"featured_media":0,"parent":4492,"menu_order":0,"comment_status":"closed","ping_status":"closed","template":"","meta":{"footnotes":""},"class_list":["post-4761","page","type-page","status-publish","hentry","entry"],"_links":{"self":[{"href":"https:\/\/toolkit.capta.org\/es\/wp-json\/wp\/v2\/pages\/4761","targetHints":{"allow":["GET"]}}],"collection":[{"href":"https:\/\/toolkit.capta.org\/es\/wp-json\/wp\/v2\/pages"}],"about":[{"href":"https:\/\/toolkit.capta.org\/es\/wp-json\/wp\/v2\/types\/page"}],"author":[{"embeddable":true,"href":"https:\/\/toolkit.capta.org\/es\/wp-json\/wp\/v2\/users\/8"}],"replies":[{"embeddable":true,"href":"https:\/\/toolkit.capta.org\/es\/wp-json\/wp\/v2\/comments?post=4761"}],"version-history":[{"count":3,"href":"https:\/\/toolkit.capta.org\/es\/wp-json\/wp\/v2\/pages\/4761\/revisions"}],"predecessor-version":[{"id":10860,"href":"https:\/\/toolkit.capta.org\/es\/wp-json\/wp\/v2\/pages\/4761\/revisions\/10860"}],"up":[{"embeddable":true,"href":"https:\/\/toolkit.capta.org\/es\/wp-json\/wp\/v2\/pages\/4492"}],"wp:attachment":[{"href":"https:\/\/toolkit.capta.org\/es\/wp-json\/wp\/v2\/media?parent=4761"}],"curies":[{"name":"wp","href":"https:\/\/api.w.org\/{rel}","templated":true}]}}