{"id":4764,"date":"2013-11-19T16:24:43","date_gmt":"2013-11-20T00:24:43","guid":{"rendered":"http:\/\/toolkit.capta.org\/advocacy\/position-statements\/family-services\/"},"modified":"2024-03-27T14:27:49","modified_gmt":"2024-03-27T21:27:49","slug":"family-services","status":"publish","type":"page","link":"https:\/\/toolkit.capta.org\/es\/advocacy\/position-statements\/family-services\/","title":{"rendered":"Servicios a la familia"},"content":{"rendered":"<p align=\"center\"><em>Adoptada en mayo de 1966 \u2013 Revisada y considerada relevante en noviembre de 2017 \u2013 Comisi\u00f3n de Asuntos Comunitarios<\/em><\/p>\n<p>PTA de California considera que los ni\u00f1os no deben ser despojados ni castigados por la situaci\u00f3n familiar en la que viven.<\/p>\n<p>PTA de California apoya:<\/p>\n<ul>\n<li>La coordinaci\u00f3n de los servicios de salud, asistencia p\u00fablica y educaci\u00f3n para satisfacer las necesidades de la familia.<\/li>\n<li>Los programas que ofrecen educaci\u00f3n y capacitaci\u00f3n para mejorar las destrezas en la crianza de los hijos a fin de satisfacer las necesidades particulares de cada familia.<\/li>\n<li>Los servicios que permiten a los ni\u00f1os con necesidades especiales aprovechar todas las oportunidades educativas.<\/li>\n<li>Servicios para ni\u00f1os cuyos padres o proveedores de cuidado est\u00e1n incapacitados o temporalmente ausentes del hogar, que han sido separados de sus familias o proveedores de cuidado.<\/li>\n<li>Los programas y servicios para personas y familias afectadas por el sistema judicial para menores de edad y el sistema de hogares adoptivos.<\/li>\n<li>Financiamiento total de los programas exigidos por ley.<\/li>\n<\/ul>\n<p>PTA de California considera que todo ni\u00f1o tiene el derecho de recibir la oportunidad de convertirse en un miembro digno y productivo de la sociedad.<\/p>\n","protected":false},"excerpt":{"rendered":"<p>Adoptada en mayo de 1966 \u2013 Revisada y considerada relevante en noviembre de 2017 \u2013 Comisi\u00f3n de Asuntos Comunitarios PTA de California considera que los ni\u00f1os no deben ser despojados ni castigados por la situaci\u00f3n familiar en la que viven. PTA de California apoya: La coordinaci\u00f3n de los servicios de salud, asistencia p\u00fablica y educaci\u00f3n [&hellip;]<\/p>\n","protected":false},"author":8,"featured_media":0,"parent":4492,"menu_order":0,"comment_status":"closed","ping_status":"closed","template":"","meta":{"footnotes":""},"class_list":["post-4764","page","type-page","status-publish","hentry","entry"],"_links":{"self":[{"href":"https:\/\/toolkit.capta.org\/es\/wp-json\/wp\/v2\/pages\/4764","targetHints":{"allow":["GET"]}}],"collection":[{"href":"https:\/\/toolkit.capta.org\/es\/wp-json\/wp\/v2\/pages"}],"about":[{"href":"https:\/\/toolkit.capta.org\/es\/wp-json\/wp\/v2\/types\/page"}],"author":[{"embeddable":true,"href":"https:\/\/toolkit.capta.org\/es\/wp-json\/wp\/v2\/users\/8"}],"replies":[{"embeddable":true,"href":"https:\/\/toolkit.capta.org\/es\/wp-json\/wp\/v2\/comments?post=4764"}],"version-history":[{"count":4,"href":"https:\/\/toolkit.capta.org\/es\/wp-json\/wp\/v2\/pages\/4764\/revisions"}],"predecessor-version":[{"id":11195,"href":"https:\/\/toolkit.capta.org\/es\/wp-json\/wp\/v2\/pages\/4764\/revisions\/11195"}],"up":[{"embeddable":true,"href":"https:\/\/toolkit.capta.org\/es\/wp-json\/wp\/v2\/pages\/4492"}],"wp:attachment":[{"href":"https:\/\/toolkit.capta.org\/es\/wp-json\/wp\/v2\/media?parent=4764"}],"curies":[{"name":"wp","href":"https:\/\/api.w.org\/{rel}","templated":true}]}}