{"id":4775,"date":"2013-11-19T16:25:20","date_gmt":"2013-11-20T00:25:20","guid":{"rendered":"http:\/\/toolkit.capta.org\/advocacy\/position-statements\/firearms-and-assault-weapons\/"},"modified":"2025-06-24T11:30:44","modified_gmt":"2025-06-24T18:30:44","slug":"firearms-and-assault-weapons","status":"publish","type":"page","link":"https:\/\/toolkit.capta.org\/es\/advocacy\/position-statements\/firearms-and-assault-weapons\/","title":{"rendered":"Armas de fuego"},"content":{"rendered":"<p align=\"center\"><em>Adoptada en julio de 1990 \u2013 Revisada en agosto de 2023 \u2013 Comisi\u00f3n de Salud y Asuntos Comunitarios<br \/>\n<\/em><\/p>\n<p>PTA del estado de California tiene una larga historia y tradici\u00f3n de apoyo a las leyes y programas para la seguridad y protecci\u00f3n de los ni\u00f1os, los j\u00f3venes y las familias. La seguridad escolar es una prioridad fundamental para todos los padres, educadores, estudiantes y miembros de la comunidad. Debemos hacer todo lo posible para reducir la violencia, especialmente los incidentes de armas de fuego.<\/p>\n<p>PTA del Estado de California reconoce la importancia de tener un ambiente de aprendizaje seguro para alcanzar el m\u00e1s alto nivel de aprendizaje y logros de los estudiantes. PTA del Estado de California cree que el clima escolar m\u00e1s eficaz cuando diariamente est\u00e1 libre de armas de fuego, pero se remite a las decisiones de colaboraci\u00f3n local para permitir la presencia de la polic\u00eda en la comunidad.<\/p>\n<p>PTA del Estado de California apoya la legislaci\u00f3n y las restricciones estatales y federales que protegen a los ni\u00f1os y j\u00f3venes de la violencia de armas de fuego y:<\/p>\n<ul>\n<li>Exijan un procedimiento para la obtenci\u00f3n de un permiso para portar armas, el cual debe incluir un m\u00ednimo de 3-d\u00edas de espera y verificaci\u00f3n de antecedentes con el fin de descartar a los compradores ilegales, tales como criminales convictos y delincuentes con antecedentes en narc\u00f3ticos.<\/li>\n<li>Exijan prueba de la aprobaci\u00f3n de un curso avalado por el estado sobre el uso correcto de las armas de fuego y las pr\u00e1cticas de seguridad.<\/li>\n<li>Restringir las ventas de armas en Internet, incluyendo los kits que pueden usarse para fabricar\/modificar pistolas.<\/li>\n<li>Hacer cumplir los requisitos de edad m\u00ednima federal y estatal para la compra de armas.<\/li>\n<li>Requieran dispositivos de seguridad, incluyendo seguros del gatillo a prueba de ni\u00f1os en todas las armas a la venta, entrega o transferencia.<\/li>\n<li>Proh\u00edban las armas semiautom\u00e1ticas de asalto militar para usos no militares ni de vigilancia del orden y que requiera un proceso de registro para aquellas personas que ahora posean legalmente un arma de ese tipo.<\/li>\n<li>Prohibir para fines no militares y no de ley, la fabricaci\u00f3n, importaci\u00f3n, posesi\u00f3n, venta o reventa de accesorios y municiones destinadas a armas de asalto.<\/li>\n<li>Proh\u00edba la manufactura, venta o posesi\u00f3n de \u201carmas chatarra\u201d\/especiales de s\u00e1bado por la noche.<\/li>\n<li>Prohibir municiones que penetran armaduras.<\/li>\n<li>Controle la posici\u00f3n ilegal de armas de fuego y otras armas letales en los campos escolares.<\/li>\n<li>Apoyar iniciativas de financiaci\u00f3n estatal y federal para la investigaci\u00f3n de las causas y los efectos de la violencia a causa de las armas.<\/li>\n<\/ul>\n<p>PTA del Estado de California cree que debemos promulgar legislaci\u00f3n que reduzca la violencia con armas de fuego y que ayude a proteger a los ni\u00f1os y j\u00f3venes. PTA del Estado de California tambi\u00e9n apoya:<\/p>\n<ul>\n<li>Programas de educaci\u00f3n que enfaticen la importancia de las medidas de seguridad y la consciencia, incluyendo los riesgos de tener armas en casa que no est\u00e9n en un lugar seguro, as\u00ed como acerca del uso de dispositivos de seguridad para armas de fuego, incluyendo los seguros para el gatillo.<\/li>\n<li>Programas educativos que informen a los padres y a los miembros de la comunidad acerca de los da\u00f1os y lesiones que la violencia causa a los ni\u00f1os y los j\u00f3venes.<\/li>\n<li>Campa\u00f1as de concienciaci\u00f3n p\u00fablica respecto de la importancia de la legislaci\u00f3n por la seguridad y protecci\u00f3n del p\u00fablico, especialmente los ni\u00f1os y los j\u00f3venes.<\/li>\n<\/ul>\n","protected":false},"excerpt":{"rendered":"<p>Adoptada en julio de 1990 \u2013 Revisada en agosto de 2023 \u2013 Comisi\u00f3n de Salud y Asuntos Comunitarios PTA del estado de California tiene una larga historia y tradici\u00f3n de apoyo a las leyes y programas para la seguridad y protecci\u00f3n de los ni\u00f1os, los j\u00f3venes y las familias. La seguridad escolar es una prioridad [&hellip;]<\/p>\n","protected":false},"author":8,"featured_media":0,"parent":4492,"menu_order":0,"comment_status":"closed","ping_status":"closed","template":"","meta":{"footnotes":""},"class_list":["post-4775","page","type-page","status-publish","hentry","entry"],"_links":{"self":[{"href":"https:\/\/toolkit.capta.org\/es\/wp-json\/wp\/v2\/pages\/4775","targetHints":{"allow":["GET"]}}],"collection":[{"href":"https:\/\/toolkit.capta.org\/es\/wp-json\/wp\/v2\/pages"}],"about":[{"href":"https:\/\/toolkit.capta.org\/es\/wp-json\/wp\/v2\/types\/page"}],"author":[{"embeddable":true,"href":"https:\/\/toolkit.capta.org\/es\/wp-json\/wp\/v2\/users\/8"}],"replies":[{"embeddable":true,"href":"https:\/\/toolkit.capta.org\/es\/wp-json\/wp\/v2\/comments?post=4775"}],"version-history":[{"count":5,"href":"https:\/\/toolkit.capta.org\/es\/wp-json\/wp\/v2\/pages\/4775\/revisions"}],"predecessor-version":[{"id":11818,"href":"https:\/\/toolkit.capta.org\/es\/wp-json\/wp\/v2\/pages\/4775\/revisions\/11818"}],"up":[{"embeddable":true,"href":"https:\/\/toolkit.capta.org\/es\/wp-json\/wp\/v2\/pages\/4492"}],"wp:attachment":[{"href":"https:\/\/toolkit.capta.org\/es\/wp-json\/wp\/v2\/media?parent=4775"}],"curies":[{"name":"wp","href":"https:\/\/api.w.org\/{rel}","templated":true}]}}